{"id":3690591,"date":"2025-10-13T13:43:40","date_gmt":"2025-10-13T17:43:40","guid":{"rendered":"https:\/\/stoic-curie.212-227-153-4.plesk.page\/product\/brodsko-brtvilo-3m-3200-280ml-crno\/"},"modified":"2026-02-25T00:01:02","modified_gmt":"2026-02-25T00:01:02","slug":"brodsko-brtvilo-3m-3200-280ml-crno","status":"publish","type":"product","link":"https:\/\/stoic-curie.212-227-153-4.plesk.page\/hr\/product\/brodsko-brtvilo-3m-3200-280ml-crno\/","title":{"rendered":"Brodsko brtvilo 3M 3200 280ml crno"},"content":{"rendered":"<p>Brodsko brtvilo 3M 3200 280ml crno &#8211; <\/p>\n<div>Fleksibilni silikonski brtvilo koje se stvrdnjava vlagom. Ne kaplje, otporno na plijesan, odr\u017eava fleksibilnost s izvrsnom otporno\u0161\u0107u na morska okru\u017eenja. Idealno kao ljepilo i za sve vrste brtvljenja ili zavr\u0161ne obrade izlo\u017eene UV zra\u010denju.<\/div>\n","protected":false},"excerpt":{"rendered":"<p>Brodsko brtvilo 3M 3200 280ml crno &#8211; Fleksibilni silikonski brtvilo koje se stvrdnjava vlagom. Ne kaplje, otporno na plijesan, odr\u017eava<\/p>\n","protected":false},"featured_media":5944111,"comment_status":"closed","ping_status":"closed","template":"","meta":[],"product_brand":[2771],"product_cat":[1637],"product_tag":[],"class_list":{"0":"post-3690591","1":"product","2":"type-product","3":"status-publish","4":"has-post-thumbnail","6":"product_brand-3m-marine-hr","7":"product_cat-ljepila-i-brtvila","9":"first","10":"outofstock","11":"shipping-taxable","12":"purchasable","13":"product-type-simple"},"_links":{"self":[{"href":"https:\/\/stoic-curie.212-227-153-4.plesk.page\/hr\/wp-json\/wp\/v2\/product\/3690591","targetHints":{"allow":["GET"]}}],"collection":[{"href":"https:\/\/stoic-curie.212-227-153-4.plesk.page\/hr\/wp-json\/wp\/v2\/product"}],"about":[{"href":"https:\/\/stoic-curie.212-227-153-4.plesk.page\/hr\/wp-json\/wp\/v2\/types\/product"}],"replies":[{"embeddable":true,"href":"https:\/\/stoic-curie.212-227-153-4.plesk.page\/hr\/wp-json\/wp\/v2\/comments?post=3690591"}],"version-history":[{"count":0,"href":"https:\/\/stoic-curie.212-227-153-4.plesk.page\/hr\/wp-json\/wp\/v2\/product\/3690591\/revisions"}],"wp:featuredmedia":[{"embeddable":true,"href":"https:\/\/stoic-curie.212-227-153-4.plesk.page\/hr\/wp-json\/wp\/v2\/media\/5944111"}],"wp:attachment":[{"href":"https:\/\/stoic-curie.212-227-153-4.plesk.page\/hr\/wp-json\/wp\/v2\/media?parent=3690591"}],"wp:term":[{"taxonomy":"product_brand","embeddable":true,"href":"https:\/\/stoic-curie.212-227-153-4.plesk.page\/hr\/wp-json\/wp\/v2\/product_brand?post=3690591"},{"taxonomy":"product_cat","embeddable":true,"href":"https:\/\/stoic-curie.212-227-153-4.plesk.page\/hr\/wp-json\/wp\/v2\/product_cat?post=3690591"},{"taxonomy":"product_tag","embeddable":true,"href":"https:\/\/stoic-curie.212-227-153-4.plesk.page\/hr\/wp-json\/wp\/v2\/product_tag?post=3690591"}],"curies":[{"name":"wp","href":"https:\/\/api.w.org\/{rel}","templated":true}]}}