{"id":3690594,"date":"2025-10-13T13:43:41","date_gmt":"2025-10-13T17:43:41","guid":{"rendered":"https:\/\/stoic-curie.212-227-153-4.plesk.page\/product\/brtvilo-3m-power-line-540-crno-310-ml\/"},"modified":"2026-02-25T00:01:02","modified_gmt":"2026-02-25T00:01:02","slug":"brtvilo-3m-power-line-540-crno-310-ml","status":"publish","type":"product","link":"https:\/\/stoic-curie.212-227-153-4.plesk.page\/hr\/product\/brtvilo-3m-power-line-540-crno-310-ml\/","title":{"rendered":"Brtvilo 3M power line 540 crno 310 ml"},"content":{"rendered":"<p>Brtvilo 3M power line 540 crno 310 ml &#8211; <\/p>\n<p>Visoko u\u010dinkoviti mono-komponentni poliuretanski brtvilo koje stvrdnjava vlagom. Idealno za primjenu na brtvama mehani\u010dkih pri\u010dvr\u0161\u0107iva\u010da.<\/p>\n","protected":false},"excerpt":{"rendered":"<p>Brtvilo 3M power line 540 crno 310 ml &#8211; Visoko u\u010dinkoviti mono-komponentni poliuretanski brtvilo koje stvrdnjava vlagom. Idealno za primjenu<\/p>\n","protected":false},"featured_media":5944113,"comment_status":"closed","ping_status":"closed","template":"","meta":[],"product_brand":[2771],"product_cat":[1637],"product_tag":[],"class_list":{"0":"post-3690594","1":"product","2":"type-product","3":"status-publish","4":"has-post-thumbnail","6":"product_brand-3m-marine-hr","7":"product_cat-ljepila-i-brtvila","9":"first","10":"outofstock","11":"shipping-taxable","12":"purchasable","13":"product-type-simple"},"_links":{"self":[{"href":"https:\/\/stoic-curie.212-227-153-4.plesk.page\/hr\/wp-json\/wp\/v2\/product\/3690594","targetHints":{"allow":["GET"]}}],"collection":[{"href":"https:\/\/stoic-curie.212-227-153-4.plesk.page\/hr\/wp-json\/wp\/v2\/product"}],"about":[{"href":"https:\/\/stoic-curie.212-227-153-4.plesk.page\/hr\/wp-json\/wp\/v2\/types\/product"}],"replies":[{"embeddable":true,"href":"https:\/\/stoic-curie.212-227-153-4.plesk.page\/hr\/wp-json\/wp\/v2\/comments?post=3690594"}],"version-history":[{"count":0,"href":"https:\/\/stoic-curie.212-227-153-4.plesk.page\/hr\/wp-json\/wp\/v2\/product\/3690594\/revisions"}],"wp:featuredmedia":[{"embeddable":true,"href":"https:\/\/stoic-curie.212-227-153-4.plesk.page\/hr\/wp-json\/wp\/v2\/media\/5944113"}],"wp:attachment":[{"href":"https:\/\/stoic-curie.212-227-153-4.plesk.page\/hr\/wp-json\/wp\/v2\/media?parent=3690594"}],"wp:term":[{"taxonomy":"product_brand","embeddable":true,"href":"https:\/\/stoic-curie.212-227-153-4.plesk.page\/hr\/wp-json\/wp\/v2\/product_brand?post=3690594"},{"taxonomy":"product_cat","embeddable":true,"href":"https:\/\/stoic-curie.212-227-153-4.plesk.page\/hr\/wp-json\/wp\/v2\/product_cat?post=3690594"},{"taxonomy":"product_tag","embeddable":true,"href":"https:\/\/stoic-curie.212-227-153-4.plesk.page\/hr\/wp-json\/wp\/v2\/product_tag?post=3690594"}],"curies":[{"name":"wp","href":"https:\/\/api.w.org\/{rel}","templated":true}]}}