{"id":3690595,"date":"2025-10-13T13:43:41","date_gmt":"2025-10-13T17:43:41","guid":{"rendered":"https:\/\/stoic-curie.212-227-153-4.plesk.page\/product\/ljepilo-3m-77-sprej-500-ml\/"},"modified":"2026-02-25T00:01:02","modified_gmt":"2026-02-25T00:01:02","slug":"ljepilo-3m-77-sprej-500-ml","status":"publish","type":"product","link":"https:\/\/stoic-curie.212-227-153-4.plesk.page\/hr\/product\/ljepilo-3m-77-sprej-500-ml\/","title":{"rendered":"Ljepilo 3m-77 sprej 500 ml"},"content":{"rendered":"<p>Ljepilo 3m-77 sprej 500 ml &#8211; <\/p>\n<p>Univerzalno ljepilo s podesivom raspr\u0161iva\u010dkom trakom. Idealno za infuziju, omogu\u0107uje trajno spajanje metalnih plo\u010da, tepiha, spu\u017evi, kartona, filca, tkanina, drva i iverice. Toplinska otpornost -30\/+60 \u00b0C.<\/p>\n","protected":false},"excerpt":{"rendered":"<p>Ljepilo 3m-77 sprej 500 ml &#8211; Univerzalno ljepilo s podesivom raspr\u0161iva\u010dkom trakom. Idealno za infuziju, omogu\u0107uje trajno spajanje metalnih plo\u010da,<\/p>\n","protected":false},"featured_media":5944114,"comment_status":"closed","ping_status":"closed","template":"","meta":[],"product_brand":[2771],"product_cat":[1637],"product_tag":[],"class_list":{"0":"post-3690595","1":"product","2":"type-product","3":"status-publish","4":"has-post-thumbnail","6":"product_brand-3m-marine-hr","7":"product_cat-ljepila-i-brtvila","9":"first","10":"instock","11":"shipping-taxable","12":"purchasable","13":"product-type-simple"},"_links":{"self":[{"href":"https:\/\/stoic-curie.212-227-153-4.plesk.page\/hr\/wp-json\/wp\/v2\/product\/3690595","targetHints":{"allow":["GET"]}}],"collection":[{"href":"https:\/\/stoic-curie.212-227-153-4.plesk.page\/hr\/wp-json\/wp\/v2\/product"}],"about":[{"href":"https:\/\/stoic-curie.212-227-153-4.plesk.page\/hr\/wp-json\/wp\/v2\/types\/product"}],"replies":[{"embeddable":true,"href":"https:\/\/stoic-curie.212-227-153-4.plesk.page\/hr\/wp-json\/wp\/v2\/comments?post=3690595"}],"version-history":[{"count":0,"href":"https:\/\/stoic-curie.212-227-153-4.plesk.page\/hr\/wp-json\/wp\/v2\/product\/3690595\/revisions"}],"wp:featuredmedia":[{"embeddable":true,"href":"https:\/\/stoic-curie.212-227-153-4.plesk.page\/hr\/wp-json\/wp\/v2\/media\/5944114"}],"wp:attachment":[{"href":"https:\/\/stoic-curie.212-227-153-4.plesk.page\/hr\/wp-json\/wp\/v2\/media?parent=3690595"}],"wp:term":[{"taxonomy":"product_brand","embeddable":true,"href":"https:\/\/stoic-curie.212-227-153-4.plesk.page\/hr\/wp-json\/wp\/v2\/product_brand?post=3690595"},{"taxonomy":"product_cat","embeddable":true,"href":"https:\/\/stoic-curie.212-227-153-4.plesk.page\/hr\/wp-json\/wp\/v2\/product_cat?post=3690595"},{"taxonomy":"product_tag","embeddable":true,"href":"https:\/\/stoic-curie.212-227-153-4.plesk.page\/hr\/wp-json\/wp\/v2\/product_tag?post=3690595"}],"curies":[{"name":"wp","href":"https:\/\/api.w.org\/{rel}","templated":true}]}}