{"id":3690598,"date":"2025-10-13T13:43:42","date_gmt":"2025-10-13T17:43:42","guid":{"rendered":"https:\/\/stoic-curie.212-227-153-4.plesk.page\/product\/maskirna-traka-3m-scotch-2328-30-mm-x-50-m\/"},"modified":"2026-02-25T00:01:02","modified_gmt":"2026-02-25T00:01:02","slug":"maskirna-traka-3m-scotch-2328-30-mm-x-50-m","status":"publish","type":"product","link":"https:\/\/stoic-curie.212-227-153-4.plesk.page\/hr\/product\/maskirna-traka-3m-scotch-2328-30-mm-x-50-m\/","title":{"rendered":"Maskirna traka 3M Scotch 2328 30 mm x 50 m"},"content":{"rendered":"<p>Maskirna traka 3M Scotch 2328 30 mm x 50 m &#8211; <\/p>\n<p>3M Scotch 2328 traka za op\u0107e maskiranje. Retikulirani adheziv od gumene smole s otporno\u0161\u0107u na temperaturu do 80 \u00b0C i snagom od 3,10 N\/cm. Debljina: 0,135 mm.<\/p>\n","protected":false},"excerpt":{"rendered":"<p>Maskirna traka 3M Scotch 2328 30 mm x 50 m &#8211; 3M Scotch 2328 traka za op\u0107e maskiranje. Retikulirani adheziv<\/p>\n","protected":false},"featured_media":5944118,"comment_status":"closed","ping_status":"closed","template":"","meta":[],"product_brand":[2771],"product_cat":[1632],"product_tag":[],"class_list":{"0":"post-3690598","1":"product","2":"type-product","3":"status-publish","4":"has-post-thumbnail","6":"product_brand-3m-marine-hr","7":"product_cat-alati-za-bojanje","9":"first","10":"instock","11":"shipping-taxable","12":"purchasable","13":"product-type-simple"},"_links":{"self":[{"href":"https:\/\/stoic-curie.212-227-153-4.plesk.page\/hr\/wp-json\/wp\/v2\/product\/3690598","targetHints":{"allow":["GET"]}}],"collection":[{"href":"https:\/\/stoic-curie.212-227-153-4.plesk.page\/hr\/wp-json\/wp\/v2\/product"}],"about":[{"href":"https:\/\/stoic-curie.212-227-153-4.plesk.page\/hr\/wp-json\/wp\/v2\/types\/product"}],"replies":[{"embeddable":true,"href":"https:\/\/stoic-curie.212-227-153-4.plesk.page\/hr\/wp-json\/wp\/v2\/comments?post=3690598"}],"version-history":[{"count":0,"href":"https:\/\/stoic-curie.212-227-153-4.plesk.page\/hr\/wp-json\/wp\/v2\/product\/3690598\/revisions"}],"wp:featuredmedia":[{"embeddable":true,"href":"https:\/\/stoic-curie.212-227-153-4.plesk.page\/hr\/wp-json\/wp\/v2\/media\/5944118"}],"wp:attachment":[{"href":"https:\/\/stoic-curie.212-227-153-4.plesk.page\/hr\/wp-json\/wp\/v2\/media?parent=3690598"}],"wp:term":[{"taxonomy":"product_brand","embeddable":true,"href":"https:\/\/stoic-curie.212-227-153-4.plesk.page\/hr\/wp-json\/wp\/v2\/product_brand?post=3690598"},{"taxonomy":"product_cat","embeddable":true,"href":"https:\/\/stoic-curie.212-227-153-4.plesk.page\/hr\/wp-json\/wp\/v2\/product_cat?post=3690598"},{"taxonomy":"product_tag","embeddable":true,"href":"https:\/\/stoic-curie.212-227-153-4.plesk.page\/hr\/wp-json\/wp\/v2\/product_tag?post=3690598"}],"curies":[{"name":"wp","href":"https:\/\/api.w.org\/{rel}","templated":true}]}}