{"id":3690601,"date":"2025-10-13T13:43:43","date_gmt":"2025-10-13T17:43:43","guid":{"rendered":"https:\/\/stoic-curie.212-227-153-4.plesk.page\/product\/samoljepljiva-vinilna-traka-3m-scotch-471-25-mm-x-33-m-bijela\/"},"modified":"2026-02-25T00:01:02","modified_gmt":"2026-02-25T00:01:02","slug":"samoljepljiva-vinilna-traka-3m-scotch-471-25-mm-x-33-m-bijela","status":"publish","type":"product","link":"https:\/\/stoic-curie.212-227-153-4.plesk.page\/hr\/product\/samoljepljiva-vinilna-traka-3m-scotch-471-25-mm-x-33-m-bijela\/","title":{"rendered":"Samoljepljiva vinilna traka 3M Scotch 471 25 mm x 33 m bijela"},"content":{"rendered":"<p>Samoljepljiva vinilna traka 3M Scotch 471 25 mm x 33 m bijela &#8211; <\/p>\n<p>3M Scotch 471 PVC vinilna ljepljiva traka idealna je za ozna\u010davanje, poput vodovodnih linija ili sigurnosnih oznaka. Koristi se za omatanje, brtvljenje i za\u0161titu od habanja. Debljina 0,130 mm. Pogodna za ravne, zakrivljene ili konveksne povr\u0161ine.<\/p>\n","protected":false},"excerpt":{"rendered":"<p>Samoljepljiva vinilna traka 3M Scotch 471 25 mm x 33 m bijela &#8211; 3M Scotch 471 PVC vinilna ljepljiva traka<\/p>\n","protected":false},"featured_media":5944120,"comment_status":"closed","ping_status":"closed","template":"","meta":[],"product_brand":[2771],"product_cat":[1638],"product_tag":[],"class_list":{"0":"post-3690601","1":"product","2":"type-product","3":"status-publish","4":"has-post-thumbnail","6":"product_brand-3m-marine-hr","7":"product_cat-ljepljiva-traka-za-vodnu-liniju","9":"first","10":"outofstock","11":"shipping-taxable","12":"purchasable","13":"product-type-simple"},"_links":{"self":[{"href":"https:\/\/stoic-curie.212-227-153-4.plesk.page\/hr\/wp-json\/wp\/v2\/product\/3690601","targetHints":{"allow":["GET"]}}],"collection":[{"href":"https:\/\/stoic-curie.212-227-153-4.plesk.page\/hr\/wp-json\/wp\/v2\/product"}],"about":[{"href":"https:\/\/stoic-curie.212-227-153-4.plesk.page\/hr\/wp-json\/wp\/v2\/types\/product"}],"replies":[{"embeddable":true,"href":"https:\/\/stoic-curie.212-227-153-4.plesk.page\/hr\/wp-json\/wp\/v2\/comments?post=3690601"}],"version-history":[{"count":0,"href":"https:\/\/stoic-curie.212-227-153-4.plesk.page\/hr\/wp-json\/wp\/v2\/product\/3690601\/revisions"}],"wp:featuredmedia":[{"embeddable":true,"href":"https:\/\/stoic-curie.212-227-153-4.plesk.page\/hr\/wp-json\/wp\/v2\/media\/5944120"}],"wp:attachment":[{"href":"https:\/\/stoic-curie.212-227-153-4.plesk.page\/hr\/wp-json\/wp\/v2\/media?parent=3690601"}],"wp:term":[{"taxonomy":"product_brand","embeddable":true,"href":"https:\/\/stoic-curie.212-227-153-4.plesk.page\/hr\/wp-json\/wp\/v2\/product_brand?post=3690601"},{"taxonomy":"product_cat","embeddable":true,"href":"https:\/\/stoic-curie.212-227-153-4.plesk.page\/hr\/wp-json\/wp\/v2\/product_cat?post=3690601"},{"taxonomy":"product_tag","embeddable":true,"href":"https:\/\/stoic-curie.212-227-153-4.plesk.page\/hr\/wp-json\/wp\/v2\/product_tag?post=3690601"}],"curies":[{"name":"wp","href":"https:\/\/api.w.org\/{rel}","templated":true}]}}