{"id":3690608,"date":"2025-10-13T13:43:45","date_gmt":"2025-10-13T17:43:45","guid":{"rendered":"https:\/\/stoic-curie.212-227-153-4.plesk.page\/product\/3m-scotch-samo-amalgamirajuca-izolacijska-traka-19mmx9m-crna\/"},"modified":"2026-02-25T00:01:02","modified_gmt":"2026-02-25T00:01:02","slug":"3m-scotch-samo-amalgamirajuca-izolacijska-traka-19mmx9m-crna","status":"publish","type":"product","link":"https:\/\/stoic-curie.212-227-153-4.plesk.page\/hr\/product\/3m-scotch-samo-amalgamirajuca-izolacijska-traka-19mmx9m-crna\/","title":{"rendered":"3M Scotch samo-amalgamirajuca izolacijska traka 19mmx9m crna"},"content":{"rendered":"<p>3M Scotch samo-amalgamirajuca izolacijska traka 19mmx9m crna &#8211; <\/p>\n<p>3M Scotch 23 samorazmjena izolacijska traka na bazi EPR s separatorom. Idealna za elektri\u010dnu izolaciju, savr\u0161eno se prilago\u0111ava bilo kojem konturu tvore\u0107i homogen i kompaktan materijal. Otporna na u\u010dinke korona pra\u017enjenja i na oksidacijske agense koji iz toga proizlaze.<\/p>\n","protected":false},"excerpt":{"rendered":"<p>3M Scotch samo-amalgamirajuca izolacijska traka 19mmx9m crna &#8211; 3M Scotch 23 samorazmjena izolacijska traka na bazi EPR s separatorom. Idealna<\/p>\n","protected":false},"featured_media":5944125,"comment_status":"closed","ping_status":"closed","template":"","meta":[],"product_brand":[2771],"product_cat":[1740,1627],"product_tag":[],"class_list":{"0":"post-3690608","1":"product","2":"type-product","3":"status-publish","4":"has-post-thumbnail","6":"product_brand-3m-marine-hr","7":"product_cat-elektricni-pribor","8":"product_cat-vrpce-za-popravak","10":"first","11":"instock","12":"shipping-taxable","13":"purchasable","14":"product-type-simple"},"_links":{"self":[{"href":"https:\/\/stoic-curie.212-227-153-4.plesk.page\/hr\/wp-json\/wp\/v2\/product\/3690608","targetHints":{"allow":["GET"]}}],"collection":[{"href":"https:\/\/stoic-curie.212-227-153-4.plesk.page\/hr\/wp-json\/wp\/v2\/product"}],"about":[{"href":"https:\/\/stoic-curie.212-227-153-4.plesk.page\/hr\/wp-json\/wp\/v2\/types\/product"}],"replies":[{"embeddable":true,"href":"https:\/\/stoic-curie.212-227-153-4.plesk.page\/hr\/wp-json\/wp\/v2\/comments?post=3690608"}],"version-history":[{"count":0,"href":"https:\/\/stoic-curie.212-227-153-4.plesk.page\/hr\/wp-json\/wp\/v2\/product\/3690608\/revisions"}],"wp:featuredmedia":[{"embeddable":true,"href":"https:\/\/stoic-curie.212-227-153-4.plesk.page\/hr\/wp-json\/wp\/v2\/media\/5944125"}],"wp:attachment":[{"href":"https:\/\/stoic-curie.212-227-153-4.plesk.page\/hr\/wp-json\/wp\/v2\/media?parent=3690608"}],"wp:term":[{"taxonomy":"product_brand","embeddable":true,"href":"https:\/\/stoic-curie.212-227-153-4.plesk.page\/hr\/wp-json\/wp\/v2\/product_brand?post=3690608"},{"taxonomy":"product_cat","embeddable":true,"href":"https:\/\/stoic-curie.212-227-153-4.plesk.page\/hr\/wp-json\/wp\/v2\/product_cat?post=3690608"},{"taxonomy":"product_tag","embeddable":true,"href":"https:\/\/stoic-curie.212-227-153-4.plesk.page\/hr\/wp-json\/wp\/v2\/product_tag?post=3690608"}],"curies":[{"name":"wp","href":"https:\/\/api.w.org\/{rel}","templated":true}]}}