{"id":3690613,"date":"2025-10-13T13:43:46","date_gmt":"2025-10-13T17:43:46","guid":{"rendered":"https:\/\/stoic-curie.212-227-153-4.plesk.page\/product\/3m-aura-9300-udobna-maska-za-prasinu-ffp1-nr-d\/"},"modified":"2026-02-25T00:01:02","modified_gmt":"2026-02-25T00:01:02","slug":"3m-aura-9300-udobna-maska-za-prasinu-ffp1-nr-d","status":"publish","type":"product","link":"https:\/\/stoic-curie.212-227-153-4.plesk.page\/hr\/product\/3m-aura-9300-udobna-maska-za-prasinu-ffp1-nr-d\/","title":{"rendered":"3m aura 9300+ udobna maska za pra\u0161inu FFP1 NR D"},"content":{"rendered":"<p>3m aura 9300+ udobna maska za pra\u0161inu FFP1 NR D &#8211; <\/p>\n<p>3M Aura 9300+ Comfort maska za fine \u010destice, \u0161tetne ulja i magle opremljena je Electret filtrom i Cool Flow ventilom za izdisaj koji smanjuje nakupljanje topline za lak\u0161e disanje. Sa posebnim troslojnim dizajnom za bolju prilagodljivost, lako govorenje i unutarnjim slojem tkanine za ve\u0107u udobnost. Opremljena je nosnim alatom i dvojnim elasti\u010dnim trakama. U skladu s EN149:2001 CE.<\/p>\n","protected":false},"excerpt":{"rendered":"<p>3m aura 9300+ udobna maska za pra\u0161inu FFP1 NR D &#8211; 3M Aura 9300+ Comfort maska za fine \u010destice, \u0161tetne<\/p>\n","protected":false},"featured_media":5944129,"comment_status":"closed","ping_status":"closed","template":"","meta":[],"product_brand":[2771],"product_cat":[1632],"product_tag":[],"class_list":{"0":"post-3690613","1":"product","2":"type-product","3":"status-publish","4":"has-post-thumbnail","6":"product_brand-3m-marine-hr","7":"product_cat-alati-za-bojanje","9":"first","10":"instock","11":"shipping-taxable","12":"purchasable","13":"product-type-simple"},"_links":{"self":[{"href":"https:\/\/stoic-curie.212-227-153-4.plesk.page\/hr\/wp-json\/wp\/v2\/product\/3690613","targetHints":{"allow":["GET"]}}],"collection":[{"href":"https:\/\/stoic-curie.212-227-153-4.plesk.page\/hr\/wp-json\/wp\/v2\/product"}],"about":[{"href":"https:\/\/stoic-curie.212-227-153-4.plesk.page\/hr\/wp-json\/wp\/v2\/types\/product"}],"replies":[{"embeddable":true,"href":"https:\/\/stoic-curie.212-227-153-4.plesk.page\/hr\/wp-json\/wp\/v2\/comments?post=3690613"}],"version-history":[{"count":0,"href":"https:\/\/stoic-curie.212-227-153-4.plesk.page\/hr\/wp-json\/wp\/v2\/product\/3690613\/revisions"}],"wp:featuredmedia":[{"embeddable":true,"href":"https:\/\/stoic-curie.212-227-153-4.plesk.page\/hr\/wp-json\/wp\/v2\/media\/5944129"}],"wp:attachment":[{"href":"https:\/\/stoic-curie.212-227-153-4.plesk.page\/hr\/wp-json\/wp\/v2\/media?parent=3690613"}],"wp:term":[{"taxonomy":"product_brand","embeddable":true,"href":"https:\/\/stoic-curie.212-227-153-4.plesk.page\/hr\/wp-json\/wp\/v2\/product_brand?post=3690613"},{"taxonomy":"product_cat","embeddable":true,"href":"https:\/\/stoic-curie.212-227-153-4.plesk.page\/hr\/wp-json\/wp\/v2\/product_cat?post=3690613"},{"taxonomy":"product_tag","embeddable":true,"href":"https:\/\/stoic-curie.212-227-153-4.plesk.page\/hr\/wp-json\/wp\/v2\/product_tag?post=3690613"}],"curies":[{"name":"wp","href":"https:\/\/api.w.org\/{rel}","templated":true}]}}