{"id":3690614,"date":"2025-10-13T13:43:47","date_gmt":"2025-10-13T17:43:47","guid":{"rendered":"https:\/\/stoic-curie.212-227-153-4.plesk.page\/product\/klasicna-zastitna-maska-3m-8000\/"},"modified":"2026-02-25T00:01:02","modified_gmt":"2026-02-25T00:01:02","slug":"klasicna-zastitna-maska-3m-8000","status":"publish","type":"product","link":"https:\/\/stoic-curie.212-227-153-4.plesk.page\/hr\/product\/klasicna-zastitna-maska-3m-8000\/","title":{"rendered":"Klasi\u010dna za\u0161titna maska 3M 8000"},"content":{"rendered":"<p>Klasi\u010dna za\u0161titna maska 3M 8000 &#8211; <\/p>\n<p>3M 8000 Classic maska za fine pra\u0161ine, \u0161tetne ulja i magle opremljena elektret filterom i Cool Flow ventilom za izdisaj koji smanjuje nakupljanje topline za lak\u0161e disanje. Izvrsna prilagodljivost svakom licu zahvaljuju\u0107i konveksnom obliku, nosa\u010du i dvostrukim elasti\u010dnim trakama. U skladu s EN149:2001 CE.<\/p>\n","protected":false},"excerpt":{"rendered":"<p>Klasi\u010dna za\u0161titna maska 3M 8000 &#8211; 3M 8000 Classic maska za fine pra\u0161ine, \u0161tetne ulja i magle opremljena elektret filterom<\/p>\n","protected":false},"featured_media":5944130,"comment_status":"closed","ping_status":"closed","template":"","meta":[],"product_brand":[2771],"product_cat":[1632],"product_tag":[],"class_list":{"0":"post-3690614","1":"product","2":"type-product","3":"status-publish","4":"has-post-thumbnail","6":"product_brand-3m-marine-hr","7":"product_cat-alati-za-bojanje","9":"first","10":"instock","11":"shipping-taxable","12":"purchasable","13":"product-type-simple"},"_links":{"self":[{"href":"https:\/\/stoic-curie.212-227-153-4.plesk.page\/hr\/wp-json\/wp\/v2\/product\/3690614","targetHints":{"allow":["GET"]}}],"collection":[{"href":"https:\/\/stoic-curie.212-227-153-4.plesk.page\/hr\/wp-json\/wp\/v2\/product"}],"about":[{"href":"https:\/\/stoic-curie.212-227-153-4.plesk.page\/hr\/wp-json\/wp\/v2\/types\/product"}],"replies":[{"embeddable":true,"href":"https:\/\/stoic-curie.212-227-153-4.plesk.page\/hr\/wp-json\/wp\/v2\/comments?post=3690614"}],"version-history":[{"count":0,"href":"https:\/\/stoic-curie.212-227-153-4.plesk.page\/hr\/wp-json\/wp\/v2\/product\/3690614\/revisions"}],"wp:featuredmedia":[{"embeddable":true,"href":"https:\/\/stoic-curie.212-227-153-4.plesk.page\/hr\/wp-json\/wp\/v2\/media\/5944130"}],"wp:attachment":[{"href":"https:\/\/stoic-curie.212-227-153-4.plesk.page\/hr\/wp-json\/wp\/v2\/media?parent=3690614"}],"wp:term":[{"taxonomy":"product_brand","embeddable":true,"href":"https:\/\/stoic-curie.212-227-153-4.plesk.page\/hr\/wp-json\/wp\/v2\/product_brand?post=3690614"},{"taxonomy":"product_cat","embeddable":true,"href":"https:\/\/stoic-curie.212-227-153-4.plesk.page\/hr\/wp-json\/wp\/v2\/product_cat?post=3690614"},{"taxonomy":"product_tag","embeddable":true,"href":"https:\/\/stoic-curie.212-227-153-4.plesk.page\/hr\/wp-json\/wp\/v2\/product_tag?post=3690614"}],"curies":[{"name":"wp","href":"https:\/\/api.w.org\/{rel}","templated":true}]}}