{"id":3690637,"date":"2025-10-13T13:43:52","date_gmt":"2025-10-13T17:43:52","guid":{"rendered":"https:\/\/stoic-curie.212-227-153-4.plesk.page\/product\/samonapuhujuci-privjesak\/"},"modified":"2026-02-25T00:01:02","modified_gmt":"2026-02-25T00:01:02","slug":"samonapuhujuci-privjesak","status":"publish","type":"product","link":"https:\/\/stoic-curie.212-227-153-4.plesk.page\/hr\/product\/samonapuhujuci-privjesak\/","title":{"rendered":"Samonapuhuju\u0107i privjesak"},"content":{"rendered":"<p>Samonapuhuju\u0107i privjesak &#8211; <\/p>\n<p>Samopuhaju\u0107i privjesak za klju\u010deve. Otvara se kada padne u vodu, a njegov zra\u010dni cijev se napuhuje kako bi se sprije\u010dio gubitak klju\u010da. Kada je napuhan, cijev je visoka 36 cm i pogodna je za predmete do 80 g. Samo za jednokratnu upotrebu. Aktivna tvar je blago iritantna, pa izbjegavajte kontakt s o\u010dima.<\/p>\n","protected":false},"excerpt":{"rendered":"<p>Samonapuhuju\u0107i privjesak &#8211; Samopuhaju\u0107i privjesak za klju\u010deve. Otvara se kada padne u vodu, a njegov zra\u010dni cijev se napuhuje kako<\/p>\n","protected":false},"featured_media":5944134,"comment_status":"closed","ping_status":"closed","template":"","meta":[],"product_brand":[3236],"product_cat":[1853],"product_tag":[],"class_list":{"0":"post-3690637","1":"product","2":"type-product","3":"status-publish","4":"has-post-thumbnail","6":"product_brand-osculati-hr","7":"product_cat-nauticki-privjesci-za-kljuceve","9":"first","10":"instock","11":"shipping-taxable","12":"purchasable","13":"product-type-simple"},"_links":{"self":[{"href":"https:\/\/stoic-curie.212-227-153-4.plesk.page\/hr\/wp-json\/wp\/v2\/product\/3690637","targetHints":{"allow":["GET"]}}],"collection":[{"href":"https:\/\/stoic-curie.212-227-153-4.plesk.page\/hr\/wp-json\/wp\/v2\/product"}],"about":[{"href":"https:\/\/stoic-curie.212-227-153-4.plesk.page\/hr\/wp-json\/wp\/v2\/types\/product"}],"replies":[{"embeddable":true,"href":"https:\/\/stoic-curie.212-227-153-4.plesk.page\/hr\/wp-json\/wp\/v2\/comments?post=3690637"}],"version-history":[{"count":0,"href":"https:\/\/stoic-curie.212-227-153-4.plesk.page\/hr\/wp-json\/wp\/v2\/product\/3690637\/revisions"}],"wp:featuredmedia":[{"embeddable":true,"href":"https:\/\/stoic-curie.212-227-153-4.plesk.page\/hr\/wp-json\/wp\/v2\/media\/5944134"}],"wp:attachment":[{"href":"https:\/\/stoic-curie.212-227-153-4.plesk.page\/hr\/wp-json\/wp\/v2\/media?parent=3690637"}],"wp:term":[{"taxonomy":"product_brand","embeddable":true,"href":"https:\/\/stoic-curie.212-227-153-4.plesk.page\/hr\/wp-json\/wp\/v2\/product_brand?post=3690637"},{"taxonomy":"product_cat","embeddable":true,"href":"https:\/\/stoic-curie.212-227-153-4.plesk.page\/hr\/wp-json\/wp\/v2\/product_cat?post=3690637"},{"taxonomy":"product_tag","embeddable":true,"href":"https:\/\/stoic-curie.212-227-153-4.plesk.page\/hr\/wp-json\/wp\/v2\/product_tag?post=3690637"}],"curies":[{"name":"wp","href":"https:\/\/api.w.org\/{rel}","templated":true}]}}