{"id":3690638,"date":"2025-10-13T13:43:52","date_gmt":"2025-10-13T17:43:52","guid":{"rendered":"https:\/\/stoic-curie.212-227-153-4.plesk.page\/product\/indikator-trima-160-10-ohma-gore-dolje-uflex-ultra-crna-52-mm\/"},"modified":"2026-02-25T00:01:02","modified_gmt":"2026-02-25T00:01:02","slug":"indikator-trima-160-10-ohma-gore-dolje-uflex-ultra-crna-52-mm","status":"publish","type":"product","link":"https:\/\/stoic-curie.212-227-153-4.plesk.page\/hr\/product\/indikator-trima-160-10-ohma-gore-dolje-uflex-ultra-crna-52-mm\/","title":{"rendered":"Indikator trima 160-10 ohma gore-dolje Uflex Ultra crna 52 mm"},"content":{"rendered":"<p>Indikator trima 160-10 ohma gore-dolje Uflex Ultra crna 52 mm &#8211; <\/p>\n<p>Uflex IP67 vodootporni instrumenti s dvostrukim slojem oja\u010dane le\u0107e protiv kondenzacije. Crni plasti\u010dni okvird i crna plo\u010da. Univerzalni napon 12\/24V s prilagodljivim crvenim ili \u017eutim pozadinskim osvjetljenjem. Instalacija &#8216;plug and play&#8217; s kabelskim Molex konektorom. Svi pokazatelji tlaka, temperature, razine i kuta moraju biti opremljeni senzorima. GPS brzinomjer dolazi s prijemnikom i antenom.<\/p>\n","protected":false},"excerpt":{"rendered":"<p>Indikator trima 160-10 ohma gore-dolje Uflex Ultra crna 52 mm &#8211; Uflex IP67 vodootporni instrumenti s dvostrukim slojem oja\u010dane le\u0107e<\/p>\n","protected":false},"featured_media":5936067,"comment_status":"closed","ping_status":"closed","template":"","meta":[],"product_brand":[3501],"product_cat":[1807],"product_tag":[],"class_list":{"0":"post-3690638","1":"product","2":"type-product","3":"status-publish","4":"has-post-thumbnail","6":"product_brand-ultraflex-uflex-hr","7":"product_cat-uflex-instrumenti","9":"first","10":"instock","11":"shipping-taxable","12":"purchasable","13":"product-type-simple"},"_links":{"self":[{"href":"https:\/\/stoic-curie.212-227-153-4.plesk.page\/hr\/wp-json\/wp\/v2\/product\/3690638","targetHints":{"allow":["GET"]}}],"collection":[{"href":"https:\/\/stoic-curie.212-227-153-4.plesk.page\/hr\/wp-json\/wp\/v2\/product"}],"about":[{"href":"https:\/\/stoic-curie.212-227-153-4.plesk.page\/hr\/wp-json\/wp\/v2\/types\/product"}],"replies":[{"embeddable":true,"href":"https:\/\/stoic-curie.212-227-153-4.plesk.page\/hr\/wp-json\/wp\/v2\/comments?post=3690638"}],"version-history":[{"count":0,"href":"https:\/\/stoic-curie.212-227-153-4.plesk.page\/hr\/wp-json\/wp\/v2\/product\/3690638\/revisions"}],"wp:featuredmedia":[{"embeddable":true,"href":"https:\/\/stoic-curie.212-227-153-4.plesk.page\/hr\/wp-json\/wp\/v2\/media\/5936067"}],"wp:attachment":[{"href":"https:\/\/stoic-curie.212-227-153-4.plesk.page\/hr\/wp-json\/wp\/v2\/media?parent=3690638"}],"wp:term":[{"taxonomy":"product_brand","embeddable":true,"href":"https:\/\/stoic-curie.212-227-153-4.plesk.page\/hr\/wp-json\/wp\/v2\/product_brand?post=3690638"},{"taxonomy":"product_cat","embeddable":true,"href":"https:\/\/stoic-curie.212-227-153-4.plesk.page\/hr\/wp-json\/wp\/v2\/product_cat?post=3690638"},{"taxonomy":"product_tag","embeddable":true,"href":"https:\/\/stoic-curie.212-227-153-4.plesk.page\/hr\/wp-json\/wp\/v2\/product_tag?post=3690638"}],"curies":[{"name":"wp","href":"https:\/\/api.w.org\/{rel}","templated":true}]}}