{"id":3690640,"date":"2025-10-13T13:43:53","date_gmt":"2025-10-13T17:43:53","guid":{"rendered":"https:\/\/stoic-curie.212-227-153-4.plesk.page\/product\/trim-mjerac-up-down-0-190-ohm-uflex-ultra-white-52mm\/"},"modified":"2026-02-25T00:01:02","modified_gmt":"2026-02-25T00:01:02","slug":"trim-mjerac-up-down-0-190-ohm-uflex-ultra-white-52mm","status":"publish","type":"product","link":"https:\/\/stoic-curie.212-227-153-4.plesk.page\/hr\/product\/trim-mjerac-up-down-0-190-ohm-uflex-ultra-white-52mm\/","title":{"rendered":"Trim mjera\u010d Up-Down 0-190 Ohm Uflex Ultra White 52mm"},"content":{"rendered":"<p>Trim mjera\u010d Up-Down 0-190 Ohm Uflex Ultra White 52mm &#8211; <\/p>\n<p>Uflex IP67 vodootporni instrumenti s dvostrukom slojevito oja\u010danom anti-kondenzacijskom le\u0107om. Crni plasti\u010dni okvir i bijeli broj\u010danik. Univerzalni napon 12\/24V s prilagodljivim crvenim ili \u017eutim pozadinskim osvjetljenjem. Instalacija &#8216;plug and play&#8217; s priklju\u010denim Molex konektorom. Svi indikatori pritiska, temperature, razine i kuta trebaju biti opremljeni senzorima. GPS indikator brzine dolazi s prijemnikom i antenom.<\/p>\n","protected":false},"excerpt":{"rendered":"<p>Trim mjera\u010d Up-Down 0-190 Ohm Uflex Ultra White 52mm &#8211; Uflex IP67 vodootporni instrumenti s dvostrukom slojevito oja\u010danom anti-kondenzacijskom le\u0107om.<\/p>\n","protected":false},"featured_media":5936072,"comment_status":"closed","ping_status":"closed","template":"","meta":[],"product_brand":[3501],"product_cat":[1807],"product_tag":[],"class_list":{"0":"post-3690640","1":"product","2":"type-product","3":"status-publish","4":"has-post-thumbnail","6":"product_brand-ultraflex-uflex-hr","7":"product_cat-uflex-instrumenti","9":"first","10":"instock","11":"shipping-taxable","12":"purchasable","13":"product-type-simple"},"_links":{"self":[{"href":"https:\/\/stoic-curie.212-227-153-4.plesk.page\/hr\/wp-json\/wp\/v2\/product\/3690640","targetHints":{"allow":["GET"]}}],"collection":[{"href":"https:\/\/stoic-curie.212-227-153-4.plesk.page\/hr\/wp-json\/wp\/v2\/product"}],"about":[{"href":"https:\/\/stoic-curie.212-227-153-4.plesk.page\/hr\/wp-json\/wp\/v2\/types\/product"}],"replies":[{"embeddable":true,"href":"https:\/\/stoic-curie.212-227-153-4.plesk.page\/hr\/wp-json\/wp\/v2\/comments?post=3690640"}],"version-history":[{"count":0,"href":"https:\/\/stoic-curie.212-227-153-4.plesk.page\/hr\/wp-json\/wp\/v2\/product\/3690640\/revisions"}],"wp:featuredmedia":[{"embeddable":true,"href":"https:\/\/stoic-curie.212-227-153-4.plesk.page\/hr\/wp-json\/wp\/v2\/media\/5936072"}],"wp:attachment":[{"href":"https:\/\/stoic-curie.212-227-153-4.plesk.page\/hr\/wp-json\/wp\/v2\/media?parent=3690640"}],"wp:term":[{"taxonomy":"product_brand","embeddable":true,"href":"https:\/\/stoic-curie.212-227-153-4.plesk.page\/hr\/wp-json\/wp\/v2\/product_brand?post=3690640"},{"taxonomy":"product_cat","embeddable":true,"href":"https:\/\/stoic-curie.212-227-153-4.plesk.page\/hr\/wp-json\/wp\/v2\/product_cat?post=3690640"},{"taxonomy":"product_tag","embeddable":true,"href":"https:\/\/stoic-curie.212-227-153-4.plesk.page\/hr\/wp-json\/wp\/v2\/product_tag?post=3690640"}],"curies":[{"name":"wp","href":"https:\/\/api.w.org\/{rel}","templated":true}]}}