{"id":3690644,"date":"2025-10-13T13:43:54","date_gmt":"2025-10-13T17:43:54","guid":{"rendered":"https:\/\/stoic-curie.212-227-153-4.plesk.page\/product\/snazna-ip65-vodootporna-aluminijska-led-svjetiljka-14cm\/"},"modified":"2026-02-25T00:01:02","modified_gmt":"2026-02-25T00:01:02","slug":"snazna-ip65-vodootporna-aluminijska-led-svjetiljka-14cm","status":"publish","type":"product","link":"https:\/\/stoic-curie.212-227-153-4.plesk.page\/hr\/product\/snazna-ip65-vodootporna-aluminijska-led-svjetiljka-14cm\/","title":{"rendered":"Sna\u017ena IP65 vodootporna aluminijska LED svjetiljka 14cm"},"content":{"rendered":"<p>Sna\u017ena IP65 vodootporna aluminijska LED svjetiljka 14cm &#8211; <\/p>\n<p>Sna\u017ena LED lampe IP65 otporna na vodu s rebrastim aluminijskim ku\u0107i\u0161tem. 4 vrste svjetlosti: jaka (100%) &#8211; srednja (50%) &#8211; slaba (20%) &#8211; trep\u0107u\u0107a. S funkcijom zumiranja svjetlosnog snopa. Svjetlina 800 Lumen. Doseg 300 m.<\/p>\n","protected":false},"excerpt":{"rendered":"<p>Sna\u017ena IP65 vodootporna aluminijska LED svjetiljka 14cm &#8211; Sna\u017ena LED lampe IP65 otporna na vodu s rebrastim aluminijskim ku\u0107i\u0161tem. 4<\/p>\n","protected":false},"featured_media":5944141,"comment_status":"closed","ping_status":"closed","template":"","meta":[],"product_brand":[3221],"product_cat":[1738],"product_tag":[],"class_list":{"0":"post-3690644","1":"product","2":"type-product","3":"status-publish","4":"has-post-thumbnail","6":"product_brand-oceanled-hr","7":"product_cat-prijenosne-baklje","9":"first","10":"instock","11":"shipping-taxable","12":"purchasable","13":"product-type-simple"},"_links":{"self":[{"href":"https:\/\/stoic-curie.212-227-153-4.plesk.page\/hr\/wp-json\/wp\/v2\/product\/3690644","targetHints":{"allow":["GET"]}}],"collection":[{"href":"https:\/\/stoic-curie.212-227-153-4.plesk.page\/hr\/wp-json\/wp\/v2\/product"}],"about":[{"href":"https:\/\/stoic-curie.212-227-153-4.plesk.page\/hr\/wp-json\/wp\/v2\/types\/product"}],"replies":[{"embeddable":true,"href":"https:\/\/stoic-curie.212-227-153-4.plesk.page\/hr\/wp-json\/wp\/v2\/comments?post=3690644"}],"version-history":[{"count":0,"href":"https:\/\/stoic-curie.212-227-153-4.plesk.page\/hr\/wp-json\/wp\/v2\/product\/3690644\/revisions"}],"wp:featuredmedia":[{"embeddable":true,"href":"https:\/\/stoic-curie.212-227-153-4.plesk.page\/hr\/wp-json\/wp\/v2\/media\/5944141"}],"wp:attachment":[{"href":"https:\/\/stoic-curie.212-227-153-4.plesk.page\/hr\/wp-json\/wp\/v2\/media?parent=3690644"}],"wp:term":[{"taxonomy":"product_brand","embeddable":true,"href":"https:\/\/stoic-curie.212-227-153-4.plesk.page\/hr\/wp-json\/wp\/v2\/product_brand?post=3690644"},{"taxonomy":"product_cat","embeddable":true,"href":"https:\/\/stoic-curie.212-227-153-4.plesk.page\/hr\/wp-json\/wp\/v2\/product_cat?post=3690644"},{"taxonomy":"product_tag","embeddable":true,"href":"https:\/\/stoic-curie.212-227-153-4.plesk.page\/hr\/wp-json\/wp\/v2\/product_tag?post=3690644"}],"curies":[{"name":"wp","href":"https:\/\/api.w.org\/{rel}","templated":true}]}}