{"id":3690645,"date":"2025-10-13T13:43:54","date_gmt":"2025-10-13T17:43:54","guid":{"rendered":"https:\/\/stoic-curie.212-227-153-4.plesk.page\/product\/led-svjetiljka-sa-stezaljkom-za-poklopac-vizira\/"},"modified":"2026-02-25T00:01:02","modified_gmt":"2026-02-25T00:01:02","slug":"led-svjetiljka-sa-stezaljkom-za-poklopac-vizira","status":"publish","type":"product","link":"https:\/\/stoic-curie.212-227-153-4.plesk.page\/hr\/product\/led-svjetiljka-sa-stezaljkom-za-poklopac-vizira\/","title":{"rendered":"LED svjetiljka sa stezaljkom za poklopac vizira"},"content":{"rendered":"<p>LED svjetiljka sa stezaljkom za poklopac vizira &#8211; <\/p>\n<p>Prakti\u010dna i lagana LED svjetiljka s kop\u010dom za vizir. Savr\u0161ena za osvjetljavanje prednjeg radnog podru\u010dja. 8 sati autonomije.<\/p>\n","protected":false},"excerpt":{"rendered":"<p>LED svjetiljka sa stezaljkom za poklopac vizira &#8211; Prakti\u010dna i lagana LED svjetiljka s kop\u010dom za vizir. Savr\u0161ena za osvjetljavanje<\/p>\n","protected":false},"featured_media":5944143,"comment_status":"closed","ping_status":"closed","template":"","meta":[],"product_brand":[3221],"product_cat":[1738],"product_tag":[],"class_list":{"0":"post-3690645","1":"product","2":"type-product","3":"status-publish","4":"has-post-thumbnail","6":"product_brand-oceanled-hr","7":"product_cat-prijenosne-baklje","9":"first","10":"instock","11":"shipping-taxable","12":"purchasable","13":"product-type-simple"},"_links":{"self":[{"href":"https:\/\/stoic-curie.212-227-153-4.plesk.page\/hr\/wp-json\/wp\/v2\/product\/3690645","targetHints":{"allow":["GET"]}}],"collection":[{"href":"https:\/\/stoic-curie.212-227-153-4.plesk.page\/hr\/wp-json\/wp\/v2\/product"}],"about":[{"href":"https:\/\/stoic-curie.212-227-153-4.plesk.page\/hr\/wp-json\/wp\/v2\/types\/product"}],"replies":[{"embeddable":true,"href":"https:\/\/stoic-curie.212-227-153-4.plesk.page\/hr\/wp-json\/wp\/v2\/comments?post=3690645"}],"version-history":[{"count":0,"href":"https:\/\/stoic-curie.212-227-153-4.plesk.page\/hr\/wp-json\/wp\/v2\/product\/3690645\/revisions"}],"wp:featuredmedia":[{"embeddable":true,"href":"https:\/\/stoic-curie.212-227-153-4.plesk.page\/hr\/wp-json\/wp\/v2\/media\/5944143"}],"wp:attachment":[{"href":"https:\/\/stoic-curie.212-227-153-4.plesk.page\/hr\/wp-json\/wp\/v2\/media?parent=3690645"}],"wp:term":[{"taxonomy":"product_brand","embeddable":true,"href":"https:\/\/stoic-curie.212-227-153-4.plesk.page\/hr\/wp-json\/wp\/v2\/product_brand?post=3690645"},{"taxonomy":"product_cat","embeddable":true,"href":"https:\/\/stoic-curie.212-227-153-4.plesk.page\/hr\/wp-json\/wp\/v2\/product_cat?post=3690645"},{"taxonomy":"product_tag","embeddable":true,"href":"https:\/\/stoic-curie.212-227-153-4.plesk.page\/hr\/wp-json\/wp\/v2\/product_tag?post=3690645"}],"curies":[{"name":"wp","href":"https:\/\/api.w.org\/{rel}","templated":true}]}}