{"id":3690646,"date":"2025-10-13T13:43:54","date_gmt":"2025-10-13T17:43:54","guid":{"rendered":"https:\/\/stoic-curie.212-227-153-4.plesk.page\/product\/led-baklja-zuta-za-ronjenje-10p-ip68\/"},"modified":"2026-02-25T00:01:02","modified_gmt":"2026-02-25T00:01:02","slug":"led-baklja-zuta-za-ronjenje-10p-ip68","status":"publish","type":"product","link":"https:\/\/stoic-curie.212-227-153-4.plesk.page\/hr\/product\/led-baklja-zuta-za-ronjenje-10p-ip68\/","title":{"rendered":"Led baklja \u017euta za ronjenje 10p Ip68"},"content":{"rendered":"<p>Led baklja \u017euta za ronjenje 10p Ip68 &#8211; <\/p>\n<p>Mo\u0107na potpuno vodootporna IP68 profesionalna LED svjetiljka za ronjenje, ribolov i plovidbu rekreacije. U kompletu s narukvicom koja omogu\u0107uje pri\u010dvr\u0161\u0107ivanje svjetiljke i osloba\u0111anje ruku. Osvjetljenje 800 Lumen. Domet 200 m.<\/p>\n","protected":false},"excerpt":{"rendered":"<p>Led baklja \u017euta za ronjenje 10p Ip68 &#8211; Mo\u0107na potpuno vodootporna IP68 profesionalna LED svjetiljka za ronjenje, ribolov i plovidbu<\/p>\n","protected":false},"featured_media":5944145,"comment_status":"closed","ping_status":"closed","template":"","meta":[],"product_brand":[3221],"product_cat":[1844,1738],"product_tag":[],"class_list":{"0":"post-3690646","1":"product","2":"type-product","3":"status-publish","4":"has-post-thumbnail","6":"product_brand-oceanled-hr","7":"product_cat-oprema-za-ronjenje","8":"product_cat-prijenosne-baklje","10":"first","11":"instock","12":"shipping-taxable","13":"purchasable","14":"product-type-simple"},"_links":{"self":[{"href":"https:\/\/stoic-curie.212-227-153-4.plesk.page\/hr\/wp-json\/wp\/v2\/product\/3690646","targetHints":{"allow":["GET"]}}],"collection":[{"href":"https:\/\/stoic-curie.212-227-153-4.plesk.page\/hr\/wp-json\/wp\/v2\/product"}],"about":[{"href":"https:\/\/stoic-curie.212-227-153-4.plesk.page\/hr\/wp-json\/wp\/v2\/types\/product"}],"replies":[{"embeddable":true,"href":"https:\/\/stoic-curie.212-227-153-4.plesk.page\/hr\/wp-json\/wp\/v2\/comments?post=3690646"}],"version-history":[{"count":0,"href":"https:\/\/stoic-curie.212-227-153-4.plesk.page\/hr\/wp-json\/wp\/v2\/product\/3690646\/revisions"}],"wp:featuredmedia":[{"embeddable":true,"href":"https:\/\/stoic-curie.212-227-153-4.plesk.page\/hr\/wp-json\/wp\/v2\/media\/5944145"}],"wp:attachment":[{"href":"https:\/\/stoic-curie.212-227-153-4.plesk.page\/hr\/wp-json\/wp\/v2\/media?parent=3690646"}],"wp:term":[{"taxonomy":"product_brand","embeddable":true,"href":"https:\/\/stoic-curie.212-227-153-4.plesk.page\/hr\/wp-json\/wp\/v2\/product_brand?post=3690646"},{"taxonomy":"product_cat","embeddable":true,"href":"https:\/\/stoic-curie.212-227-153-4.plesk.page\/hr\/wp-json\/wp\/v2\/product_cat?post=3690646"},{"taxonomy":"product_tag","embeddable":true,"href":"https:\/\/stoic-curie.212-227-153-4.plesk.page\/hr\/wp-json\/wp\/v2\/product_tag?post=3690646"}],"curies":[{"name":"wp","href":"https:\/\/api.w.org\/{rel}","templated":true}]}}