{"id":3690647,"date":"2025-10-13T13:43:54","date_gmt":"2025-10-13T17:43:54","guid":{"rendered":"https:\/\/stoic-curie.212-227-153-4.plesk.page\/product\/prijenosni-reflktorled-10w-12v-ip65\/"},"modified":"2026-02-25T00:01:02","modified_gmt":"2026-02-25T00:01:02","slug":"prijenosni-reflktorled-10w-12v-ip65","status":"publish","type":"product","link":"https:\/\/stoic-curie.212-227-153-4.plesk.page\/hr\/product\/prijenosni-reflktorled-10w-12v-ip65\/","title":{"rendered":"Prijenosni reflktorLED 10w 12v Ip65"},"content":{"rendered":"<p>Prijenosni reflktorLED 10w 12v Ip65 &#8211; <\/p>\n<p>Lak i sna\u017ean: 10W CREE LED ru\u010dni reflektor. 12V priklju\u010dak za upalja\u010d i 4 metra kabela. Vodootporno i otporno na udarce ku\u0107i\u0161te IP65. Dimenzije: 182 x 196 x \u00d8 127 mm. Domet 500 m.<\/p>\n","protected":false},"excerpt":{"rendered":"<p>Prijenosni reflktorLED 10w 12v Ip65 &#8211; Lak i sna\u017ean: 10W CREE LED ru\u010dni reflektor. 12V priklju\u010dak za upalja\u010d i 4<\/p>\n","protected":false},"featured_media":5944148,"comment_status":"closed","ping_status":"closed","template":"","meta":[],"product_brand":[3221],"product_cat":[1738],"product_tag":[],"class_list":{"0":"post-3690647","1":"product","2":"type-product","3":"status-publish","4":"has-post-thumbnail","6":"product_brand-oceanled-hr","7":"product_cat-prijenosne-baklje","9":"first","10":"instock","11":"shipping-taxable","12":"purchasable","13":"product-type-simple"},"_links":{"self":[{"href":"https:\/\/stoic-curie.212-227-153-4.plesk.page\/hr\/wp-json\/wp\/v2\/product\/3690647","targetHints":{"allow":["GET"]}}],"collection":[{"href":"https:\/\/stoic-curie.212-227-153-4.plesk.page\/hr\/wp-json\/wp\/v2\/product"}],"about":[{"href":"https:\/\/stoic-curie.212-227-153-4.plesk.page\/hr\/wp-json\/wp\/v2\/types\/product"}],"replies":[{"embeddable":true,"href":"https:\/\/stoic-curie.212-227-153-4.plesk.page\/hr\/wp-json\/wp\/v2\/comments?post=3690647"}],"version-history":[{"count":0,"href":"https:\/\/stoic-curie.212-227-153-4.plesk.page\/hr\/wp-json\/wp\/v2\/product\/3690647\/revisions"}],"wp:featuredmedia":[{"embeddable":true,"href":"https:\/\/stoic-curie.212-227-153-4.plesk.page\/hr\/wp-json\/wp\/v2\/media\/5944148"}],"wp:attachment":[{"href":"https:\/\/stoic-curie.212-227-153-4.plesk.page\/hr\/wp-json\/wp\/v2\/media?parent=3690647"}],"wp:term":[{"taxonomy":"product_brand","embeddable":true,"href":"https:\/\/stoic-curie.212-227-153-4.plesk.page\/hr\/wp-json\/wp\/v2\/product_brand?post=3690647"},{"taxonomy":"product_cat","embeddable":true,"href":"https:\/\/stoic-curie.212-227-153-4.plesk.page\/hr\/wp-json\/wp\/v2\/product_cat?post=3690647"},{"taxonomy":"product_tag","embeddable":true,"href":"https:\/\/stoic-curie.212-227-153-4.plesk.page\/hr\/wp-json\/wp\/v2\/product_tag?post=3690647"}],"curies":[{"name":"wp","href":"https:\/\/api.w.org\/{rel}","templated":true}]}}