{"id":3690648,"date":"2025-10-13T13:43:55","date_gmt":"2025-10-13T17:43:55","guid":{"rendered":"https:\/\/stoic-curie.212-227-153-4.plesk.page\/product\/prijenosni-led-reflektor-10w-810-lumena\/"},"modified":"2026-02-25T00:01:02","modified_gmt":"2026-02-25T00:01:02","slug":"prijenosni-led-reflektor-10w-810-lumena","status":"publish","type":"product","link":"https:\/\/stoic-curie.212-227-153-4.plesk.page\/hr\/product\/prijenosni-led-reflektor-10w-810-lumena\/","title":{"rendered":"Prijenosni LED reflektor 10W 810 lumena"},"content":{"rendered":"<p>Prijenosni LED reflektor 10W 810 lumena &#8211; <\/p>\n<p>Laka i sna\u017ena punjiva LED ru\u010dna svjetiljka s vi\u0161e od 2 sata autonomije pomo\u0107u litijske baterije. U kompletu s 220V punja\u010dem i 12V uti\u010dnicom za upalja\u010d. IP65 vodootporna i otporna na udarce. Dimenzije: 182 x 196 x \u00d8 127 mm.<\/p>\n","protected":false},"excerpt":{"rendered":"<p>Prijenosni LED reflektor 10W 810 lumena &#8211; Laka i sna\u017ena punjiva LED ru\u010dna svjetiljka s vi\u0161e od 2 sata autonomije<\/p>\n","protected":false},"featured_media":5944150,"comment_status":"closed","ping_status":"closed","template":"","meta":[],"product_brand":[3221],"product_cat":[1738],"product_tag":[],"class_list":{"0":"post-3690648","1":"product","2":"type-product","3":"status-publish","4":"has-post-thumbnail","6":"product_brand-oceanled-hr","7":"product_cat-prijenosne-baklje","9":"first","10":"outofstock","11":"shipping-taxable","12":"purchasable","13":"product-type-simple"},"_links":{"self":[{"href":"https:\/\/stoic-curie.212-227-153-4.plesk.page\/hr\/wp-json\/wp\/v2\/product\/3690648","targetHints":{"allow":["GET"]}}],"collection":[{"href":"https:\/\/stoic-curie.212-227-153-4.plesk.page\/hr\/wp-json\/wp\/v2\/product"}],"about":[{"href":"https:\/\/stoic-curie.212-227-153-4.plesk.page\/hr\/wp-json\/wp\/v2\/types\/product"}],"replies":[{"embeddable":true,"href":"https:\/\/stoic-curie.212-227-153-4.plesk.page\/hr\/wp-json\/wp\/v2\/comments?post=3690648"}],"version-history":[{"count":0,"href":"https:\/\/stoic-curie.212-227-153-4.plesk.page\/hr\/wp-json\/wp\/v2\/product\/3690648\/revisions"}],"wp:featuredmedia":[{"embeddable":true,"href":"https:\/\/stoic-curie.212-227-153-4.plesk.page\/hr\/wp-json\/wp\/v2\/media\/5944150"}],"wp:attachment":[{"href":"https:\/\/stoic-curie.212-227-153-4.plesk.page\/hr\/wp-json\/wp\/v2\/media?parent=3690648"}],"wp:term":[{"taxonomy":"product_brand","embeddable":true,"href":"https:\/\/stoic-curie.212-227-153-4.plesk.page\/hr\/wp-json\/wp\/v2\/product_brand?post=3690648"},{"taxonomy":"product_cat","embeddable":true,"href":"https:\/\/stoic-curie.212-227-153-4.plesk.page\/hr\/wp-json\/wp\/v2\/product_cat?post=3690648"},{"taxonomy":"product_tag","embeddable":true,"href":"https:\/\/stoic-curie.212-227-153-4.plesk.page\/hr\/wp-json\/wp\/v2\/product_tag?post=3690648"}],"curies":[{"name":"wp","href":"https:\/\/api.w.org\/{rel}","templated":true}]}}