{"id":3690649,"date":"2025-10-13T13:43:55","date_gmt":"2025-10-13T17:43:55","guid":{"rendered":"https:\/\/stoic-curie.212-227-153-4.plesk.page\/product\/scrubbis-teleskopska-rucka\/"},"modified":"2026-02-25T00:01:02","modified_gmt":"2026-02-25T00:01:02","slug":"scrubbis-teleskopska-rucka","status":"publish","type":"product","link":"https:\/\/stoic-curie.212-227-153-4.plesk.page\/hr\/product\/scrubbis-teleskopska-rucka\/","title":{"rendered":"Scrubbis teleskopska ru\u010dka"},"content":{"rendered":"<p>Scrubbis teleskopska ru\u010dka &#8211; <\/p>\n<p>Inovativni i jednostavni set za \u010di\u0161\u0107enje Scrubbis Waterline System koji vam omogu\u0107ava da o\u010distite vodenu liniju dok je \u010damac u vodi. Koristi uzgon \u010detke (1 kg) kako bi primijenio pritisak putem struga\u010da i spu\u017eve na stranama \u010damca. Mo\u017eete lako ukloniti mrlje, ne\u010disto\u0107e, alge i naslage jednostavnim pokretom ru\u010dke. \u010cetka ima dvije strane, jednu sa struga\u010dima i drugu s grubom spu\u017evom. Ru\u010dka se mo\u017ee produ\u017eiti do 210 cm. Ru\u010dka i \u010detka prodaju se odvojeno.<\/p>\n","protected":false},"excerpt":{"rendered":"<p>Scrubbis teleskopska ru\u010dka &#8211; Inovativni i jednostavni set za \u010di\u0161\u0107enje Scrubbis Waterline System koji vam omogu\u0107ava da o\u010distite vodenu liniju<\/p>\n","protected":false},"featured_media":5944170,"comment_status":"closed","ping_status":"closed","template":"","meta":[],"product_brand":[3341],"product_cat":[1633],"product_tag":[],"class_list":{"0":"post-3690649","1":"product","2":"type-product","3":"status-publish","4":"has-post-thumbnail","6":"product_brand-scrubbis-hr","7":"product_cat-cetke-za-ciscenje","9":"first","10":"instock","11":"shipping-taxable","12":"purchasable","13":"product-type-simple"},"_links":{"self":[{"href":"https:\/\/stoic-curie.212-227-153-4.plesk.page\/hr\/wp-json\/wp\/v2\/product\/3690649","targetHints":{"allow":["GET"]}}],"collection":[{"href":"https:\/\/stoic-curie.212-227-153-4.plesk.page\/hr\/wp-json\/wp\/v2\/product"}],"about":[{"href":"https:\/\/stoic-curie.212-227-153-4.plesk.page\/hr\/wp-json\/wp\/v2\/types\/product"}],"replies":[{"embeddable":true,"href":"https:\/\/stoic-curie.212-227-153-4.plesk.page\/hr\/wp-json\/wp\/v2\/comments?post=3690649"}],"version-history":[{"count":0,"href":"https:\/\/stoic-curie.212-227-153-4.plesk.page\/hr\/wp-json\/wp\/v2\/product\/3690649\/revisions"}],"wp:featuredmedia":[{"embeddable":true,"href":"https:\/\/stoic-curie.212-227-153-4.plesk.page\/hr\/wp-json\/wp\/v2\/media\/5944170"}],"wp:attachment":[{"href":"https:\/\/stoic-curie.212-227-153-4.plesk.page\/hr\/wp-json\/wp\/v2\/media?parent=3690649"}],"wp:term":[{"taxonomy":"product_brand","embeddable":true,"href":"https:\/\/stoic-curie.212-227-153-4.plesk.page\/hr\/wp-json\/wp\/v2\/product_brand?post=3690649"},{"taxonomy":"product_cat","embeddable":true,"href":"https:\/\/stoic-curie.212-227-153-4.plesk.page\/hr\/wp-json\/wp\/v2\/product_cat?post=3690649"},{"taxonomy":"product_tag","embeddable":true,"href":"https:\/\/stoic-curie.212-227-153-4.plesk.page\/hr\/wp-json\/wp\/v2\/product_tag?post=3690649"}],"curies":[{"name":"wp","href":"https:\/\/api.w.org\/{rel}","templated":true}]}}