{"id":3690650,"date":"2025-10-13T13:43:55","date_gmt":"2025-10-13T17:43:55","guid":{"rendered":"https:\/\/stoic-curie.212-227-153-4.plesk.page\/product\/liros-konop-za-vez-sa-upletkom-i-zastitom-10mm-x6mt\/"},"modified":"2026-02-25T00:01:02","modified_gmt":"2026-02-25T00:01:02","slug":"liros-konop-za-vez-sa-upletkom-i-zastitom-10mm-x6mt","status":"publish","type":"product","link":"https:\/\/stoic-curie.212-227-153-4.plesk.page\/hr\/product\/liros-konop-za-vez-sa-upletkom-i-zastitom-10mm-x6mt\/","title":{"rendered":"Liros konop za vez sa upletkom i za\u0161titom 10mm x6mt"},"content":{"rendered":"<p>Liros konop za vez sa upletkom i za\u0161titom 10mm x6mt &#8211; <\/p>\n<p>Spremno za upotrebu: unaprijed pletena konop za gatu du\u017eine 40 cm s poliester za\u0161titnim omotom. Mekano, jednostavno za rukovanje, s visokom tugom i vi\u0161om elasti\u010dno\u0161\u0107u.<\/p>\n","protected":false},"excerpt":{"rendered":"<p>Liros konop za vez sa upletkom i za\u0161titom 10mm x6mt &#8211; Spremno za upotrebu: unaprijed pletena konop za gatu du\u017eine<\/p>\n","protected":false},"featured_media":5944178,"comment_status":"closed","ping_status":"closed","template":"","meta":[],"product_brand":[3066],"product_cat":[1623],"product_tag":[],"class_list":{"0":"post-3690650","1":"product","2":"type-product","3":"status-publish","4":"has-post-thumbnail","6":"product_brand-liros-hr","7":"product_cat-prethodno-spojena-uzad","9":"first","10":"instock","11":"shipping-taxable","12":"purchasable","13":"product-type-simple"},"_links":{"self":[{"href":"https:\/\/stoic-curie.212-227-153-4.plesk.page\/hr\/wp-json\/wp\/v2\/product\/3690650","targetHints":{"allow":["GET"]}}],"collection":[{"href":"https:\/\/stoic-curie.212-227-153-4.plesk.page\/hr\/wp-json\/wp\/v2\/product"}],"about":[{"href":"https:\/\/stoic-curie.212-227-153-4.plesk.page\/hr\/wp-json\/wp\/v2\/types\/product"}],"replies":[{"embeddable":true,"href":"https:\/\/stoic-curie.212-227-153-4.plesk.page\/hr\/wp-json\/wp\/v2\/comments?post=3690650"}],"version-history":[{"count":0,"href":"https:\/\/stoic-curie.212-227-153-4.plesk.page\/hr\/wp-json\/wp\/v2\/product\/3690650\/revisions"}],"wp:featuredmedia":[{"embeddable":true,"href":"https:\/\/stoic-curie.212-227-153-4.plesk.page\/hr\/wp-json\/wp\/v2\/media\/5944178"}],"wp:attachment":[{"href":"https:\/\/stoic-curie.212-227-153-4.plesk.page\/hr\/wp-json\/wp\/v2\/media?parent=3690650"}],"wp:term":[{"taxonomy":"product_brand","embeddable":true,"href":"https:\/\/stoic-curie.212-227-153-4.plesk.page\/hr\/wp-json\/wp\/v2\/product_brand?post=3690650"},{"taxonomy":"product_cat","embeddable":true,"href":"https:\/\/stoic-curie.212-227-153-4.plesk.page\/hr\/wp-json\/wp\/v2\/product_cat?post=3690650"},{"taxonomy":"product_tag","embeddable":true,"href":"https:\/\/stoic-curie.212-227-153-4.plesk.page\/hr\/wp-json\/wp\/v2\/product_tag?post=3690650"}],"curies":[{"name":"wp","href":"https:\/\/api.w.org\/{rel}","templated":true}]}}