{"id":3690651,"date":"2025-10-13T13:43:56","date_gmt":"2025-10-13T17:43:56","guid":{"rendered":"https:\/\/stoic-curie.212-227-153-4.plesk.page\/product\/jednostruki-koloturnik-master-50-mm-za-konope-od-10-mm\/"},"modified":"2026-02-25T00:01:02","modified_gmt":"2026-02-25T00:01:02","slug":"jednostruki-koloturnik-master-50-mm-za-konope-od-10-mm","status":"publish","type":"product","link":"https:\/\/stoic-curie.212-227-153-4.plesk.page\/hr\/product\/jednostruki-koloturnik-master-50-mm-za-konope-od-10-mm\/","title":{"rendered":"Jednostruki koloturnik Master 50 mm za konope od 10 mm"},"content":{"rendered":"<p>Jednostruki koloturnik Master 50 mm za konope od 10 mm &#8211; <\/p>\n<p>Master ravne le\u017eajne blokove dizajnirane za laganost, \u010dvrsto\u0107u i superiorno rukovanje. Napravljeni od najlona oja\u010danog staklenim vlaknima kako bi pru\u017eili \u010dvrsto\u0107u sli\u010dnu metalu. Samo-podmazivaju\u0107e remenice smanjuju trenje i pove\u0107avaju u\u010dinkovitost. Ravni le\u017eaj od nehr\u0111aju\u0107eg \u010delika 316 omogu\u0107ava glatku rotaciju, \u0161to skiperima olak\u0161ava prijenos snage i smanjuje tro\u0161enje u\u017eeta. Ravni le\u017eaj: Nehr\u0111aju\u0107i \u010delik 316 Promjer remenice 50 mm: samo-podmazivani acetalni kompozit \u0160koljke: oja\u010dani kompozit od najlona s staklenim vlaknima, UV stabilizirani Rotiraju\u0107a karabina: Forged Grade 316 Nehr\u0111aju\u0107i \u010delik Radno optere\u0107enje: WL Prekidno optere\u0107enje: BL NAPOMENA: Radno\/prekidno optere\u0107enje blokova s kamenom temelji se na snazi kamena.<\/p>\n","protected":false},"excerpt":{"rendered":"<p>Jednostruki koloturnik Master 50 mm za konope od 10 mm &#8211; Master ravne le\u017eajne blokove dizajnirane za laganost, \u010dvrsto\u0107u i<\/p>\n","protected":false},"featured_media":5944185,"comment_status":"closed","ping_status":"closed","template":"","meta":[],"product_brand":[3131],"product_cat":[1770],"product_tag":[],"class_list":{"0":"post-3690651","1":"product","2":"type-product","3":"status-publish","4":"has-post-thumbnail","6":"product_brand-master-hr","7":"product_cat-master-koloture-za-jedrilice","9":"first","10":"instock","11":"shipping-taxable","12":"purchasable","13":"product-type-simple"},"_links":{"self":[{"href":"https:\/\/stoic-curie.212-227-153-4.plesk.page\/hr\/wp-json\/wp\/v2\/product\/3690651","targetHints":{"allow":["GET"]}}],"collection":[{"href":"https:\/\/stoic-curie.212-227-153-4.plesk.page\/hr\/wp-json\/wp\/v2\/product"}],"about":[{"href":"https:\/\/stoic-curie.212-227-153-4.plesk.page\/hr\/wp-json\/wp\/v2\/types\/product"}],"replies":[{"embeddable":true,"href":"https:\/\/stoic-curie.212-227-153-4.plesk.page\/hr\/wp-json\/wp\/v2\/comments?post=3690651"}],"version-history":[{"count":0,"href":"https:\/\/stoic-curie.212-227-153-4.plesk.page\/hr\/wp-json\/wp\/v2\/product\/3690651\/revisions"}],"wp:featuredmedia":[{"embeddable":true,"href":"https:\/\/stoic-curie.212-227-153-4.plesk.page\/hr\/wp-json\/wp\/v2\/media\/5944185"}],"wp:attachment":[{"href":"https:\/\/stoic-curie.212-227-153-4.plesk.page\/hr\/wp-json\/wp\/v2\/media?parent=3690651"}],"wp:term":[{"taxonomy":"product_brand","embeddable":true,"href":"https:\/\/stoic-curie.212-227-153-4.plesk.page\/hr\/wp-json\/wp\/v2\/product_brand?post=3690651"},{"taxonomy":"product_cat","embeddable":true,"href":"https:\/\/stoic-curie.212-227-153-4.plesk.page\/hr\/wp-json\/wp\/v2\/product_cat?post=3690651"},{"taxonomy":"product_tag","embeddable":true,"href":"https:\/\/stoic-curie.212-227-153-4.plesk.page\/hr\/wp-json\/wp\/v2\/product_tag?post=3690651"}],"curies":[{"name":"wp","href":"https:\/\/api.w.org\/{rel}","templated":true}]}}