{"id":3690652,"date":"2025-10-13T13:43:56","date_gmt":"2025-10-13T17:43:56","guid":{"rendered":"https:\/\/stoic-curie.212-227-153-4.plesk.page\/product\/koloturnik-jednostruki-master-s-preklopnikom-od-60-mm-za-konop-do-12-mm\/"},"modified":"2026-02-25T00:01:02","modified_gmt":"2026-02-25T00:01:02","slug":"koloturnik-jednostruki-master-s-preklopnikom-od-60-mm-za-konop-do-12-mm","status":"publish","type":"product","link":"https:\/\/stoic-curie.212-227-153-4.plesk.page\/hr\/product\/koloturnik-jednostruki-master-s-preklopnikom-od-60-mm-za-konop-do-12-mm\/","title":{"rendered":"Koloturnik jednostruki Master s preklopnikom od 60 mm za konop do 12 mm"},"content":{"rendered":"<p>Koloturnik jednostruki Master s preklopnikom od 60 mm za konop do 12 mm &#8211; <\/p>\n<p>Master blokovi kliznih le\u017eajeva dizajnirani su za malu te\u017einu, \u010dvrsto\u0107u i superiorno rukovanje. Izra\u0111eni su od najlona oja\u010danog staklenim vlaknima za pru\u017eanje \u010dvrsto\u0107e sli\u010dne metalu. Samo podmazivanje remenice smanjuje trenje i pove\u0107ava u\u010dinkovitost. Klizni le\u017eaj od nehr\u0111aju\u0107eg \u010delika 316 omogu\u0107uje glatku rotaciju, \u0161to olak\u0161ava preno\u0161enje snage jedrili\u010darima i smanjuje tro\u0161enje u\u017eadi. Klizni le\u017eaj: Nehr\u0111aju\u0107i \u010delik 316. Promjer remenice 60 mm: samo podmazivaju\u0107i acetalni kompozit. Bo\u010dne strane: oja\u010dani kompozit od najlona s vlaknima stakla stabiliziran UV zra\u010denjem. Rotiraju\u0107a kop\u010da: forgirani nehr\u0111aju\u0107i \u010delik razreda 316. WL: Radno optere\u0107enje. BL: Optere\u0107enje loma. NAPOMENA: Radno\/optere\u0107enje blokova s kamenom temelji se na \u010dvrsto\u0107i kamena.<\/p>\n","protected":false},"excerpt":{"rendered":"<p>Koloturnik jednostruki Master s preklopnikom od 60 mm za konop do 12 mm &#8211; Master blokovi kliznih le\u017eajeva dizajnirani su<\/p>\n","protected":false},"featured_media":5944186,"comment_status":"closed","ping_status":"closed","template":"","meta":[],"product_brand":[3131],"product_cat":[1770],"product_tag":[],"class_list":{"0":"post-3690652","1":"product","2":"type-product","3":"status-publish","4":"has-post-thumbnail","6":"product_brand-master-hr","7":"product_cat-master-koloture-za-jedrilice","9":"first","10":"instock","11":"shipping-taxable","12":"purchasable","13":"product-type-simple"},"_links":{"self":[{"href":"https:\/\/stoic-curie.212-227-153-4.plesk.page\/hr\/wp-json\/wp\/v2\/product\/3690652","targetHints":{"allow":["GET"]}}],"collection":[{"href":"https:\/\/stoic-curie.212-227-153-4.plesk.page\/hr\/wp-json\/wp\/v2\/product"}],"about":[{"href":"https:\/\/stoic-curie.212-227-153-4.plesk.page\/hr\/wp-json\/wp\/v2\/types\/product"}],"replies":[{"embeddable":true,"href":"https:\/\/stoic-curie.212-227-153-4.plesk.page\/hr\/wp-json\/wp\/v2\/comments?post=3690652"}],"version-history":[{"count":0,"href":"https:\/\/stoic-curie.212-227-153-4.plesk.page\/hr\/wp-json\/wp\/v2\/product\/3690652\/revisions"}],"wp:featuredmedia":[{"embeddable":true,"href":"https:\/\/stoic-curie.212-227-153-4.plesk.page\/hr\/wp-json\/wp\/v2\/media\/5944186"}],"wp:attachment":[{"href":"https:\/\/stoic-curie.212-227-153-4.plesk.page\/hr\/wp-json\/wp\/v2\/media?parent=3690652"}],"wp:term":[{"taxonomy":"product_brand","embeddable":true,"href":"https:\/\/stoic-curie.212-227-153-4.plesk.page\/hr\/wp-json\/wp\/v2\/product_brand?post=3690652"},{"taxonomy":"product_cat","embeddable":true,"href":"https:\/\/stoic-curie.212-227-153-4.plesk.page\/hr\/wp-json\/wp\/v2\/product_cat?post=3690652"},{"taxonomy":"product_tag","embeddable":true,"href":"https:\/\/stoic-curie.212-227-153-4.plesk.page\/hr\/wp-json\/wp\/v2\/product_tag?post=3690652"}],"curies":[{"name":"wp","href":"https:\/\/api.w.org\/{rel}","templated":true}]}}