{"id":3690656,"date":"2025-10-13T13:43:57","date_gmt":"2025-10-13T17:43:57","guid":{"rendered":"https:\/\/stoic-curie.212-227-153-4.plesk.page\/product\/univerzalni-sportski-prsluk-jobe-plavi-50n\/"},"modified":"2026-02-25T00:01:02","modified_gmt":"2026-02-25T00:01:02","slug":"univerzalni-sportski-prsluk-jobe-plavi-50n","status":"publish","type":"product","link":"https:\/\/stoic-curie.212-227-153-4.plesk.page\/hr\/product\/univerzalni-sportski-prsluk-jobe-plavi-50n\/","title":{"rendered":"Univerzalni sportski prsluk Jobe plavi, 50N"},"content":{"rendered":"<p>Univerzalni sportski prsluk Jobe plavi, 50N &#8211; <\/p>\n<p>Jobe ISO EN12402-5 odobren prsluk za plovnost s 50N, prikladan za vodene sportove. Izra\u0111en od meke PE pjene prekrivene otpornom najlonskom tkaninom s sustavom odvodnje vode. Univerzalna veli\u010dina za odrasle, svestran zahvaljuju\u0107i podesivim trakama. S brzim YKK kop\u010danjem. 50N &#8211; pomo\u0107 za plovnost i plivanje. Ovo nije prsluk za spa\u0161avanje. Za redovite pliva\u010de. Koristiti u blizini obale.<\/p>\n","protected":false},"excerpt":{"rendered":"<p>Univerzalni sportski prsluk Jobe plavi, 50N &#8211; Jobe ISO EN12402-5 odobren prsluk za plovnost s 50N, prikladan za vodene sportove.<\/p>\n","protected":false},"featured_media":5944194,"comment_status":"closed","ping_status":"closed","template":"","meta":[],"product_brand":[3041],"product_cat":[1842,1603],"product_tag":[],"class_list":{"0":"post-3690656","1":"product","2":"type-product","3":"status-publish","4":"has-post-thumbnail","6":"product_brand-jobe-sports-hr","7":"product_cat-prsluci-za-spasavanje-za-sportove-na-vodi","8":"product_cat-uzgonska-pomagala","10":"first","11":"instock","12":"shipping-taxable","13":"purchasable","14":"product-type-simple"},"_links":{"self":[{"href":"https:\/\/stoic-curie.212-227-153-4.plesk.page\/hr\/wp-json\/wp\/v2\/product\/3690656","targetHints":{"allow":["GET"]}}],"collection":[{"href":"https:\/\/stoic-curie.212-227-153-4.plesk.page\/hr\/wp-json\/wp\/v2\/product"}],"about":[{"href":"https:\/\/stoic-curie.212-227-153-4.plesk.page\/hr\/wp-json\/wp\/v2\/types\/product"}],"replies":[{"embeddable":true,"href":"https:\/\/stoic-curie.212-227-153-4.plesk.page\/hr\/wp-json\/wp\/v2\/comments?post=3690656"}],"version-history":[{"count":0,"href":"https:\/\/stoic-curie.212-227-153-4.plesk.page\/hr\/wp-json\/wp\/v2\/product\/3690656\/revisions"}],"wp:featuredmedia":[{"embeddable":true,"href":"https:\/\/stoic-curie.212-227-153-4.plesk.page\/hr\/wp-json\/wp\/v2\/media\/5944194"}],"wp:attachment":[{"href":"https:\/\/stoic-curie.212-227-153-4.plesk.page\/hr\/wp-json\/wp\/v2\/media?parent=3690656"}],"wp:term":[{"taxonomy":"product_brand","embeddable":true,"href":"https:\/\/stoic-curie.212-227-153-4.plesk.page\/hr\/wp-json\/wp\/v2\/product_brand?post=3690656"},{"taxonomy":"product_cat","embeddable":true,"href":"https:\/\/stoic-curie.212-227-153-4.plesk.page\/hr\/wp-json\/wp\/v2\/product_cat?post=3690656"},{"taxonomy":"product_tag","embeddable":true,"href":"https:\/\/stoic-curie.212-227-153-4.plesk.page\/hr\/wp-json\/wp\/v2\/product_tag?post=3690656"}],"curies":[{"name":"wp","href":"https:\/\/api.w.org\/{rel}","templated":true}]}}