{"id":3690658,"date":"2025-10-13T13:43:58","date_gmt":"2025-10-13T17:43:58","guid":{"rendered":"https:\/\/stoic-curie.212-227-153-4.plesk.page\/product\/jobe-podesiva-zastitna-manzeta-s-d-prstenom\/"},"modified":"2026-02-25T00:01:02","modified_gmt":"2026-02-25T00:01:02","slug":"jobe-podesiva-zastitna-manzeta-s-d-prstenom","status":"publish","type":"product","link":"https:\/\/stoic-curie.212-227-153-4.plesk.page\/hr\/product\/jobe-podesiva-zastitna-manzeta-s-d-prstenom\/","title":{"rendered":"Jobe podesiva za\u0161titna man\u017eeta s d-prstenom"},"content":{"rendered":"<p>Jobe podesiva za\u0161titna man\u017eeta s d-prstenom &#8211; <\/p>\n<p>Jobe podesiva sigurnosna narukvica s D-prstenom. Idealna za pri\u010dvrstite emergency u\u017eeta i sigurnosnog klju\u010da.<\/p>\n","protected":false},"excerpt":{"rendered":"<p>Jobe podesiva za\u0161titna man\u017eeta s d-prstenom &#8211; Jobe podesiva sigurnosna narukvica s D-prstenom. Idealna za pri\u010dvrstite emergency u\u017eeta i sigurnosnog<\/p>\n","protected":false},"featured_media":5944203,"comment_status":"closed","ping_status":"closed","template":"","meta":[],"product_brand":[3041],"product_cat":[1846],"product_tag":[],"class_list":{"0":"post-3690658","1":"product","2":"type-product","3":"status-publish","4":"has-post-thumbnail","6":"product_brand-jobe-sports-hr","7":"product_cat-oprema-za-skijanje-na-vodi","9":"first","10":"instock","11":"shipping-taxable","12":"purchasable","13":"product-type-simple"},"_links":{"self":[{"href":"https:\/\/stoic-curie.212-227-153-4.plesk.page\/hr\/wp-json\/wp\/v2\/product\/3690658","targetHints":{"allow":["GET"]}}],"collection":[{"href":"https:\/\/stoic-curie.212-227-153-4.plesk.page\/hr\/wp-json\/wp\/v2\/product"}],"about":[{"href":"https:\/\/stoic-curie.212-227-153-4.plesk.page\/hr\/wp-json\/wp\/v2\/types\/product"}],"replies":[{"embeddable":true,"href":"https:\/\/stoic-curie.212-227-153-4.plesk.page\/hr\/wp-json\/wp\/v2\/comments?post=3690658"}],"version-history":[{"count":0,"href":"https:\/\/stoic-curie.212-227-153-4.plesk.page\/hr\/wp-json\/wp\/v2\/product\/3690658\/revisions"}],"wp:featuredmedia":[{"embeddable":true,"href":"https:\/\/stoic-curie.212-227-153-4.plesk.page\/hr\/wp-json\/wp\/v2\/media\/5944203"}],"wp:attachment":[{"href":"https:\/\/stoic-curie.212-227-153-4.plesk.page\/hr\/wp-json\/wp\/v2\/media?parent=3690658"}],"wp:term":[{"taxonomy":"product_brand","embeddable":true,"href":"https:\/\/stoic-curie.212-227-153-4.plesk.page\/hr\/wp-json\/wp\/v2\/product_brand?post=3690658"},{"taxonomy":"product_cat","embeddable":true,"href":"https:\/\/stoic-curie.212-227-153-4.plesk.page\/hr\/wp-json\/wp\/v2\/product_cat?post=3690658"},{"taxonomy":"product_tag","embeddable":true,"href":"https:\/\/stoic-curie.212-227-153-4.plesk.page\/hr\/wp-json\/wp\/v2\/product_tag?post=3690658"}],"curies":[{"name":"wp","href":"https:\/\/api.w.org\/{rel}","templated":true}]}}