{"id":3690677,"date":"2025-10-13T13:44:02","date_gmt":"2025-10-13T17:44:02","guid":{"rendered":"https:\/\/stoic-curie.212-227-153-4.plesk.page\/product\/odobreni-prsluk-za-spasavanje-vsg-antille-40-50kg-100n\/"},"modified":"2026-02-25T00:01:02","modified_gmt":"2026-02-25T00:01:02","slug":"odobreni-prsluk-za-spasavanje-vsg-antille-40-50kg-100n","status":"publish","type":"product","link":"https:\/\/stoic-curie.212-227-153-4.plesk.page\/hr\/product\/odobreni-prsluk-za-spasavanje-vsg-antille-40-50kg-100n\/","title":{"rendered":"Odobreni prsluk za spa\u0161avanje VSG Antille 40-50kg 100n"},"content":{"rendered":"<p>Odobreni prsluk za spa\u0161avanje VSG Antille 40-50kg 100n &#8211; <\/p>\n<p>Udobni i no\u0161ivi prsluk za spa\u0161avanje 100N certificiran prema EN ISO 12402-4 za rekreacijsko plovidbu unutar 6 nauti\u010dkih milja od obale. Zna\u010dajke: materijal otporan na kidanje, patentni zatvara\u010d, pojas s brzim kop\u010danjem, donja i me\u0111uno\u017ena traka, reflektiraju\u0107e oznake i zvi\u017edaljka. 100N &#8211; Za kori\u0161tenje u obalnim vodama, prikladno \u010dak i za nepliva\u010de, ali s laganom odje\u0107om. Nije prikladno za nesvjesne osobe.<\/p>\n","protected":false},"excerpt":{"rendered":"<p>Odobreni prsluk za spa\u0161avanje VSG Antille 40-50kg 100n &#8211; Udobni i no\u0161ivi prsluk za spa\u0161avanje 100N certificiran prema EN ISO<\/p>\n","protected":false},"featured_media":5944232,"comment_status":"closed","ping_status":"closed","template":"","meta":[],"product_brand":[3516],"product_cat":[1601],"product_tag":[],"class_list":{"0":"post-3690677","1":"product","2":"type-product","3":"status-publish","4":"has-post-thumbnail","6":"product_brand-veleria-san-giorgio-hr","7":"product_cat-odobreni-prsluci-za-spasavanje","9":"first","10":"instock","11":"shipping-taxable","12":"purchasable","13":"product-type-simple"},"_links":{"self":[{"href":"https:\/\/stoic-curie.212-227-153-4.plesk.page\/hr\/wp-json\/wp\/v2\/product\/3690677","targetHints":{"allow":["GET"]}}],"collection":[{"href":"https:\/\/stoic-curie.212-227-153-4.plesk.page\/hr\/wp-json\/wp\/v2\/product"}],"about":[{"href":"https:\/\/stoic-curie.212-227-153-4.plesk.page\/hr\/wp-json\/wp\/v2\/types\/product"}],"replies":[{"embeddable":true,"href":"https:\/\/stoic-curie.212-227-153-4.plesk.page\/hr\/wp-json\/wp\/v2\/comments?post=3690677"}],"version-history":[{"count":0,"href":"https:\/\/stoic-curie.212-227-153-4.plesk.page\/hr\/wp-json\/wp\/v2\/product\/3690677\/revisions"}],"wp:featuredmedia":[{"embeddable":true,"href":"https:\/\/stoic-curie.212-227-153-4.plesk.page\/hr\/wp-json\/wp\/v2\/media\/5944232"}],"wp:attachment":[{"href":"https:\/\/stoic-curie.212-227-153-4.plesk.page\/hr\/wp-json\/wp\/v2\/media?parent=3690677"}],"wp:term":[{"taxonomy":"product_brand","embeddable":true,"href":"https:\/\/stoic-curie.212-227-153-4.plesk.page\/hr\/wp-json\/wp\/v2\/product_brand?post=3690677"},{"taxonomy":"product_cat","embeddable":true,"href":"https:\/\/stoic-curie.212-227-153-4.plesk.page\/hr\/wp-json\/wp\/v2\/product_cat?post=3690677"},{"taxonomy":"product_tag","embeddable":true,"href":"https:\/\/stoic-curie.212-227-153-4.plesk.page\/hr\/wp-json\/wp\/v2\/product_tag?post=3690677"}],"curies":[{"name":"wp","href":"https:\/\/api.w.org\/{rel}","templated":true}]}}