{"id":3690701,"date":"2025-10-13T13:44:06","date_gmt":"2025-10-13T17:44:06","guid":{"rendered":"https:\/\/stoic-curie.212-227-153-4.plesk.page\/product\/standardni-amortizer-za-privez-75x340mm-nehrdajuceg-celika\/"},"modified":"2026-02-25T00:01:03","modified_gmt":"2026-02-25T00:01:03","slug":"standardni-amortizer-za-privez-75x340mm-nehrdajuceg-celika","status":"publish","type":"product","link":"https:\/\/stoic-curie.212-227-153-4.plesk.page\/hr\/product\/standardni-amortizer-za-privez-75x340mm-nehrdajuceg-celika\/","title":{"rendered":"Standardni amortizer za privez 75x340mm nehr\u0111aju\u0107eg \u010delika"},"content":{"rendered":"<p>Standardni amortizer za privez 75x340mm nehr\u0111aju\u0107eg \u010delika &#8211; <\/p>\n<p>Prigu\u0161iva\u010di udarca od nehr\u0111aju\u0107eg \u010delika.<\/p>\n","protected":false},"excerpt":{"rendered":"<p>Standardni amortizer za privez 75x340mm nehr\u0111aju\u0107eg \u010delika &#8211; Prigu\u0161iva\u010di udarca od nehr\u0111aju\u0107eg \u010delika.<\/p>\n","protected":false},"featured_media":5939658,"comment_status":"closed","ping_status":"closed","template":"","meta":[],"product_brand":[3386],"product_cat":[1624],"product_tag":[],"class_list":{"0":"post-3690701","1":"product","2":"type-product","3":"status-publish","4":"has-post-thumbnail","6":"product_brand-sidermarine-hr","7":"product_cat-amortizeri-za-konope-za-vez","9":"first","10":"instock","11":"shipping-taxable","12":"purchasable","13":"product-type-simple"},"_links":{"self":[{"href":"https:\/\/stoic-curie.212-227-153-4.plesk.page\/hr\/wp-json\/wp\/v2\/product\/3690701","targetHints":{"allow":["GET"]}}],"collection":[{"href":"https:\/\/stoic-curie.212-227-153-4.plesk.page\/hr\/wp-json\/wp\/v2\/product"}],"about":[{"href":"https:\/\/stoic-curie.212-227-153-4.plesk.page\/hr\/wp-json\/wp\/v2\/types\/product"}],"replies":[{"embeddable":true,"href":"https:\/\/stoic-curie.212-227-153-4.plesk.page\/hr\/wp-json\/wp\/v2\/comments?post=3690701"}],"version-history":[{"count":0,"href":"https:\/\/stoic-curie.212-227-153-4.plesk.page\/hr\/wp-json\/wp\/v2\/product\/3690701\/revisions"}],"wp:featuredmedia":[{"embeddable":true,"href":"https:\/\/stoic-curie.212-227-153-4.plesk.page\/hr\/wp-json\/wp\/v2\/media\/5939658"}],"wp:attachment":[{"href":"https:\/\/stoic-curie.212-227-153-4.plesk.page\/hr\/wp-json\/wp\/v2\/media?parent=3690701"}],"wp:term":[{"taxonomy":"product_brand","embeddable":true,"href":"https:\/\/stoic-curie.212-227-153-4.plesk.page\/hr\/wp-json\/wp\/v2\/product_brand?post=3690701"},{"taxonomy":"product_cat","embeddable":true,"href":"https:\/\/stoic-curie.212-227-153-4.plesk.page\/hr\/wp-json\/wp\/v2\/product_cat?post=3690701"},{"taxonomy":"product_tag","embeddable":true,"href":"https:\/\/stoic-curie.212-227-153-4.plesk.page\/hr\/wp-json\/wp\/v2\/product_tag?post=3690701"}],"curies":[{"name":"wp","href":"https:\/\/api.w.org\/{rel}","templated":true}]}}