{"id":3690727,"date":"2025-10-13T13:44:09","date_gmt":"2025-10-13T17:44:09","guid":{"rendered":"https:\/\/stoic-curie.212-227-153-4.plesk.page\/product\/rezervni-tus-za-slavinu-od-nehrdajuceg-celika-u-kombinaciji-s-tusem-16-mt\/"},"modified":"2026-02-25T00:01:03","modified_gmt":"2026-02-25T00:01:03","slug":"rezervni-tus-za-slavinu-od-nehrdajuceg-celika-u-kombinaciji-s-tusem-16-mt","status":"publish","type":"product","link":"https:\/\/stoic-curie.212-227-153-4.plesk.page\/hr\/product\/rezervni-tus-za-slavinu-od-nehrdajuceg-celika-u-kombinaciji-s-tusem-16-mt\/","title":{"rendered":"Rezervni tu\u0161 za slavinu od nehr\u0111aju\u0107eg \u010delika u kombinaciji s tu\u0161em 1,6 mt"},"content":{"rendered":"<p>Rezervni tu\u0161 za slavinu od nehr\u0111aju\u0107eg \u010delika u kombinaciji s tu\u0161em 1,6 mt &#8211; <\/p>\n<p>Kromirana ABS tu\u0161 glava za mikser. Priklju\u010dak 1\/2&#8243;.<\/p>\n","protected":false},"excerpt":{"rendered":"<p>Rezervni tu\u0161 za slavinu od nehr\u0111aju\u0107eg \u010delika u kombinaciji s tu\u0161em 1,6 mt &#8211; Kromirana ABS tu\u0161 glava za mikser.<\/p>\n","protected":false},"featured_media":5944259,"comment_status":"closed","ping_status":"closed","template":"","meta":[],"product_brand":[3201],"product_cat":[1652],"product_tag":[],"class_list":{"0":"post-3690727","1":"product","2":"type-product","3":"status-publish","4":"has-post-thumbnail","6":"product_brand-nobili-hr","7":"product_cat-brodski-tusevi","9":"first","10":"instock","11":"shipping-taxable","12":"purchasable","13":"product-type-simple"},"_links":{"self":[{"href":"https:\/\/stoic-curie.212-227-153-4.plesk.page\/hr\/wp-json\/wp\/v2\/product\/3690727","targetHints":{"allow":["GET"]}}],"collection":[{"href":"https:\/\/stoic-curie.212-227-153-4.plesk.page\/hr\/wp-json\/wp\/v2\/product"}],"about":[{"href":"https:\/\/stoic-curie.212-227-153-4.plesk.page\/hr\/wp-json\/wp\/v2\/types\/product"}],"replies":[{"embeddable":true,"href":"https:\/\/stoic-curie.212-227-153-4.plesk.page\/hr\/wp-json\/wp\/v2\/comments?post=3690727"}],"version-history":[{"count":0,"href":"https:\/\/stoic-curie.212-227-153-4.plesk.page\/hr\/wp-json\/wp\/v2\/product\/3690727\/revisions"}],"wp:featuredmedia":[{"embeddable":true,"href":"https:\/\/stoic-curie.212-227-153-4.plesk.page\/hr\/wp-json\/wp\/v2\/media\/5944259"}],"wp:attachment":[{"href":"https:\/\/stoic-curie.212-227-153-4.plesk.page\/hr\/wp-json\/wp\/v2\/media?parent=3690727"}],"wp:term":[{"taxonomy":"product_brand","embeddable":true,"href":"https:\/\/stoic-curie.212-227-153-4.plesk.page\/hr\/wp-json\/wp\/v2\/product_brand?post=3690727"},{"taxonomy":"product_cat","embeddable":true,"href":"https:\/\/stoic-curie.212-227-153-4.plesk.page\/hr\/wp-json\/wp\/v2\/product_cat?post=3690727"},{"taxonomy":"product_tag","embeddable":true,"href":"https:\/\/stoic-curie.212-227-153-4.plesk.page\/hr\/wp-json\/wp\/v2\/product_tag?post=3690727"}],"curies":[{"name":"wp","href":"https:\/\/api.w.org\/{rel}","templated":true}]}}