{"id":3690730,"date":"2025-10-13T13:44:10","date_gmt":"2025-10-13T17:44:10","guid":{"rendered":"https:\/\/stoic-curie.212-227-153-4.plesk.page\/product\/t-spojnica-desna-60-cijev-22-mm-od-nehrdajuceg-celika\/"},"modified":"2026-02-25T00:01:03","modified_gmt":"2026-02-25T00:01:03","slug":"t-spojnica-desna-60-cijev-22-mm-od-nehrdajuceg-celika","status":"publish","type":"product","link":"https:\/\/stoic-curie.212-227-153-4.plesk.page\/hr\/product\/t-spojnica-desna-60-cijev-22-mm-od-nehrdajuceg-celika\/","title":{"rendered":"T spojnica desna 60 \u00b0 cijev 22 mm od nehr\u0111aju\u0107eg \u010delika"},"content":{"rendered":"<p>T spojnica desna 60 \u00b0 cijev 22 mm od nehr\u0111aju\u0107eg \u010delika &#8211; <\/p>\n<p>Moulded 316 nehr\u0111aju\u0107i \u010delik 60\u00b0 T priklju\u010dak.<\/p>\n","protected":false},"excerpt":{"rendered":"<p>T spojnica desna 60 \u00b0 cijev 22 mm od nehr\u0111aju\u0107eg \u010delika &#8211; Moulded 316 nehr\u0111aju\u0107i \u010delik 60\u00b0 T priklju\u010dak.<\/p>\n","protected":false},"featured_media":5935814,"comment_status":"closed","ping_status":"closed","template":"","meta":[],"product_brand":[3121],"product_cat":[1707,1700],"product_tag":[],"class_list":{"0":"post-3690730","1":"product","2":"type-product","3":"status-publish","4":"has-post-thumbnail","6":"product_brand-marinetech-hr","7":"product_cat-brodski-rukohvati","8":"product_cat-elementi-brodskih-rukohvata","10":"first","11":"instock","12":"shipping-taxable","13":"purchasable","14":"product-type-simple"},"_links":{"self":[{"href":"https:\/\/stoic-curie.212-227-153-4.plesk.page\/hr\/wp-json\/wp\/v2\/product\/3690730","targetHints":{"allow":["GET"]}}],"collection":[{"href":"https:\/\/stoic-curie.212-227-153-4.plesk.page\/hr\/wp-json\/wp\/v2\/product"}],"about":[{"href":"https:\/\/stoic-curie.212-227-153-4.plesk.page\/hr\/wp-json\/wp\/v2\/types\/product"}],"replies":[{"embeddable":true,"href":"https:\/\/stoic-curie.212-227-153-4.plesk.page\/hr\/wp-json\/wp\/v2\/comments?post=3690730"}],"version-history":[{"count":0,"href":"https:\/\/stoic-curie.212-227-153-4.plesk.page\/hr\/wp-json\/wp\/v2\/product\/3690730\/revisions"}],"wp:featuredmedia":[{"embeddable":true,"href":"https:\/\/stoic-curie.212-227-153-4.plesk.page\/hr\/wp-json\/wp\/v2\/media\/5935814"}],"wp:attachment":[{"href":"https:\/\/stoic-curie.212-227-153-4.plesk.page\/hr\/wp-json\/wp\/v2\/media?parent=3690730"}],"wp:term":[{"taxonomy":"product_brand","embeddable":true,"href":"https:\/\/stoic-curie.212-227-153-4.plesk.page\/hr\/wp-json\/wp\/v2\/product_brand?post=3690730"},{"taxonomy":"product_cat","embeddable":true,"href":"https:\/\/stoic-curie.212-227-153-4.plesk.page\/hr\/wp-json\/wp\/v2\/product_cat?post=3690730"},{"taxonomy":"product_tag","embeddable":true,"href":"https:\/\/stoic-curie.212-227-153-4.plesk.page\/hr\/wp-json\/wp\/v2\/product_tag?post=3690730"}],"curies":[{"name":"wp","href":"https:\/\/api.w.org\/{rel}","templated":true}]}}