{"id":3690733,"date":"2025-10-13T13:44:10","date_gmt":"2025-10-13T17:44:10","guid":{"rendered":"https:\/\/stoic-curie.212-227-153-4.plesk.page\/product\/vertikalni-pramcani-stitnik-bijele-boje-60x15-cm\/"},"modified":"2026-02-25T00:01:03","modified_gmt":"2026-02-25T00:01:03","slug":"vertikalni-pramcani-stitnik-bijele-boje-60x15-cm","status":"publish","type":"product","link":"https:\/\/stoic-curie.212-227-153-4.plesk.page\/hr\/product\/vertikalni-pramcani-stitnik-bijele-boje-60x15-cm\/","title":{"rendered":"Vertikalni pram\u010dani \u0161titnik bijele boje 60&#215;15 cm"},"content":{"rendered":"<p>Vertikalni pram\u010dani \u0161titnik bijele boje 60&#215;15 cm &#8211; <\/p>\n<p>Protektor za pramac za jedrilice pru\u017ea za\u0161titu prilikom podizanja sidra ili prilikom vezivanja na pramcu. \u010cvrsto PVC tijelo osigurava optimalnu apsorpciju udaraca (ne ispu\u0161ta zrak, ne sadr\u017ei zrak). \u010cetiri o\u010dice za sigurnu fiksaciju na pramcu.<\/p>\n","protected":false},"excerpt":{"rendered":"<p>Vertikalni pram\u010dani \u0161titnik bijele boje 60&#215;15 cm &#8211; Protektor za pramac za jedrilice pru\u017ea za\u0161titu prilikom podizanja sidra ili prilikom<\/p>\n","protected":false},"featured_media":5944271,"comment_status":"closed","ping_status":"closed","template":"","meta":[],"product_brand":[3091],"product_cat":[1849,1848],"product_tag":[],"class_list":{"0":"post-3690733","1":"product","2":"type-product","3":"status-publish","4":"has-post-thumbnail","6":"product_brand-majoni-hr","7":"product_cat-bokobrani-za-dokove","8":"product_cat-brodski-bokobrani","10":"first","11":"instock","12":"shipping-taxable","13":"purchasable","14":"product-type-simple"},"_links":{"self":[{"href":"https:\/\/stoic-curie.212-227-153-4.plesk.page\/hr\/wp-json\/wp\/v2\/product\/3690733","targetHints":{"allow":["GET"]}}],"collection":[{"href":"https:\/\/stoic-curie.212-227-153-4.plesk.page\/hr\/wp-json\/wp\/v2\/product"}],"about":[{"href":"https:\/\/stoic-curie.212-227-153-4.plesk.page\/hr\/wp-json\/wp\/v2\/types\/product"}],"replies":[{"embeddable":true,"href":"https:\/\/stoic-curie.212-227-153-4.plesk.page\/hr\/wp-json\/wp\/v2\/comments?post=3690733"}],"version-history":[{"count":0,"href":"https:\/\/stoic-curie.212-227-153-4.plesk.page\/hr\/wp-json\/wp\/v2\/product\/3690733\/revisions"}],"wp:featuredmedia":[{"embeddable":true,"href":"https:\/\/stoic-curie.212-227-153-4.plesk.page\/hr\/wp-json\/wp\/v2\/media\/5944271"}],"wp:attachment":[{"href":"https:\/\/stoic-curie.212-227-153-4.plesk.page\/hr\/wp-json\/wp\/v2\/media?parent=3690733"}],"wp:term":[{"taxonomy":"product_brand","embeddable":true,"href":"https:\/\/stoic-curie.212-227-153-4.plesk.page\/hr\/wp-json\/wp\/v2\/product_brand?post=3690733"},{"taxonomy":"product_cat","embeddable":true,"href":"https:\/\/stoic-curie.212-227-153-4.plesk.page\/hr\/wp-json\/wp\/v2\/product_cat?post=3690733"},{"taxonomy":"product_tag","embeddable":true,"href":"https:\/\/stoic-curie.212-227-153-4.plesk.page\/hr\/wp-json\/wp\/v2\/product_tag?post=3690733"}],"curies":[{"name":"wp","href":"https:\/\/api.w.org\/{rel}","templated":true}]}}