{"id":3690734,"date":"2025-10-13T13:44:10","date_gmt":"2025-10-13T17:44:10","guid":{"rendered":"https:\/\/stoic-curie.212-227-153-4.plesk.page\/product\/konop-za-bokobran-s-omcom-bijeli-8mm-2mt\/"},"modified":"2026-02-25T00:01:03","modified_gmt":"2026-02-25T00:01:03","slug":"konop-za-bokobran-s-omcom-bijeli-8mm-2mt","status":"publish","type":"product","link":"https:\/\/stoic-curie.212-227-153-4.plesk.page\/hr\/product\/konop-za-bokobran-s-omcom-bijeli-8mm-2mt\/","title":{"rendered":"Konop za bokobran s om\u010dom, bijeli, 8mm 2mt"},"content":{"rendered":"<p>Konop za bokobran s om\u010dom, bijeli, 8mm 2mt &#8211; <\/p>\n<p>Fender petlje s razdvojenim okom za vje\u0161anje fendera. Izra\u0111eni su od visokotla\u010dnog poliestera. Prodaje se po parovima u prakti\u010dnim pakiranjima od 2 ili 3 metra.<\/p>\n","protected":false},"excerpt":{"rendered":"<p>Konop za bokobran s om\u010dom, bijeli, 8mm 2mt &#8211; Fender petlje s razdvojenim okom za vje\u0161anje fendera. Izra\u0111eni su od<\/p>\n","protected":false},"featured_media":5944273,"comment_status":"closed","ping_status":"closed","template":"","meta":[],"product_brand":[3101],"product_cat":[1847],"product_tag":[],"class_list":{"0":"post-3690734","1":"product","2":"type-product","3":"status-publish","4":"has-post-thumbnail","6":"product_brand-marco-benvenuti-hr","7":"product_cat-pribor-za-bokobrane","9":"first","10":"instock","11":"shipping-taxable","12":"purchasable","13":"product-type-simple"},"_links":{"self":[{"href":"https:\/\/stoic-curie.212-227-153-4.plesk.page\/hr\/wp-json\/wp\/v2\/product\/3690734","targetHints":{"allow":["GET"]}}],"collection":[{"href":"https:\/\/stoic-curie.212-227-153-4.plesk.page\/hr\/wp-json\/wp\/v2\/product"}],"about":[{"href":"https:\/\/stoic-curie.212-227-153-4.plesk.page\/hr\/wp-json\/wp\/v2\/types\/product"}],"replies":[{"embeddable":true,"href":"https:\/\/stoic-curie.212-227-153-4.plesk.page\/hr\/wp-json\/wp\/v2\/comments?post=3690734"}],"version-history":[{"count":0,"href":"https:\/\/stoic-curie.212-227-153-4.plesk.page\/hr\/wp-json\/wp\/v2\/product\/3690734\/revisions"}],"wp:featuredmedia":[{"embeddable":true,"href":"https:\/\/stoic-curie.212-227-153-4.plesk.page\/hr\/wp-json\/wp\/v2\/media\/5944273"}],"wp:attachment":[{"href":"https:\/\/stoic-curie.212-227-153-4.plesk.page\/hr\/wp-json\/wp\/v2\/media?parent=3690734"}],"wp:term":[{"taxonomy":"product_brand","embeddable":true,"href":"https:\/\/stoic-curie.212-227-153-4.plesk.page\/hr\/wp-json\/wp\/v2\/product_brand?post=3690734"},{"taxonomy":"product_cat","embeddable":true,"href":"https:\/\/stoic-curie.212-227-153-4.plesk.page\/hr\/wp-json\/wp\/v2\/product_cat?post=3690734"},{"taxonomy":"product_tag","embeddable":true,"href":"https:\/\/stoic-curie.212-227-153-4.plesk.page\/hr\/wp-json\/wp\/v2\/product_tag?post=3690734"}],"curies":[{"name":"wp","href":"https:\/\/api.w.org\/{rel}","templated":true}]}}