{"id":3690741,"date":"2025-10-13T13:44:12","date_gmt":"2025-10-13T17:44:12","guid":{"rendered":"https:\/\/stoic-curie.212-227-153-4.plesk.page\/product\/upleteni-konop-plave-boje-za-bokobrane-10mm-x-2mt\/"},"modified":"2026-02-25T00:01:03","modified_gmt":"2026-02-25T00:01:03","slug":"upleteni-konop-plave-boje-za-bokobrane-10mm-x-2mt","status":"publish","type":"product","link":"https:\/\/stoic-curie.212-227-153-4.plesk.page\/hr\/product\/upleteni-konop-plave-boje-za-bokobrane-10mm-x-2mt\/","title":{"rendered":"Upleteni konop plave boje za bokobrane 10mm x 2mt"},"content":{"rendered":"<p>Upleteni konop plave boje za bokobrane 10mm x 2mt &#8211; <\/p>\n<p>Fender petlje sa u\u0161icom za vje\u0161anje fendera.<br \/> Izra\u0111eno od visoko \u010dvrstog poliestera.<br \/> Prodaje se u paru u prakti\u010dnim pakiranjima od 2 ili 3 metra.<\/p>\n","protected":false},"excerpt":{"rendered":"<p>Upleteni konop plave boje za bokobrane 10mm x 2mt &#8211; Fender petlje sa u\u0161icom za vje\u0161anje fendera. Izra\u0111eno od visoko<\/p>\n","protected":false},"featured_media":5944279,"comment_status":"closed","ping_status":"closed","template":"","meta":[],"product_brand":[3101],"product_cat":[1847],"product_tag":[],"class_list":{"0":"post-3690741","1":"product","2":"type-product","3":"status-publish","4":"has-post-thumbnail","6":"product_brand-marco-benvenuti-hr","7":"product_cat-pribor-za-bokobrane","9":"first","10":"instock","11":"shipping-taxable","12":"purchasable","13":"product-type-simple"},"_links":{"self":[{"href":"https:\/\/stoic-curie.212-227-153-4.plesk.page\/hr\/wp-json\/wp\/v2\/product\/3690741","targetHints":{"allow":["GET"]}}],"collection":[{"href":"https:\/\/stoic-curie.212-227-153-4.plesk.page\/hr\/wp-json\/wp\/v2\/product"}],"about":[{"href":"https:\/\/stoic-curie.212-227-153-4.plesk.page\/hr\/wp-json\/wp\/v2\/types\/product"}],"replies":[{"embeddable":true,"href":"https:\/\/stoic-curie.212-227-153-4.plesk.page\/hr\/wp-json\/wp\/v2\/comments?post=3690741"}],"version-history":[{"count":0,"href":"https:\/\/stoic-curie.212-227-153-4.plesk.page\/hr\/wp-json\/wp\/v2\/product\/3690741\/revisions"}],"wp:featuredmedia":[{"embeddable":true,"href":"https:\/\/stoic-curie.212-227-153-4.plesk.page\/hr\/wp-json\/wp\/v2\/media\/5944279"}],"wp:attachment":[{"href":"https:\/\/stoic-curie.212-227-153-4.plesk.page\/hr\/wp-json\/wp\/v2\/media?parent=3690741"}],"wp:term":[{"taxonomy":"product_brand","embeddable":true,"href":"https:\/\/stoic-curie.212-227-153-4.plesk.page\/hr\/wp-json\/wp\/v2\/product_brand?post=3690741"},{"taxonomy":"product_cat","embeddable":true,"href":"https:\/\/stoic-curie.212-227-153-4.plesk.page\/hr\/wp-json\/wp\/v2\/product_cat?post=3690741"},{"taxonomy":"product_tag","embeddable":true,"href":"https:\/\/stoic-curie.212-227-153-4.plesk.page\/hr\/wp-json\/wp\/v2\/product_tag?post=3690741"}],"curies":[{"name":"wp","href":"https:\/\/api.w.org\/{rel}","templated":true}]}}