{"id":3690747,"date":"2025-10-13T13:44:13","date_gmt":"2025-10-13T17:44:13","guid":{"rendered":"https:\/\/stoic-curie.212-227-153-4.plesk.page\/product\/konop-za-bokobran-s-omcom-crni-10mm-3mt\/"},"modified":"2026-02-25T00:01:03","modified_gmt":"2026-02-25T00:01:03","slug":"konop-za-bokobran-s-omcom-crni-10mm-3mt","status":"publish","type":"product","link":"https:\/\/stoic-curie.212-227-153-4.plesk.page\/hr\/product\/konop-za-bokobran-s-omcom-crni-10mm-3mt\/","title":{"rendered":"Konop za bokobran s om\u010dom, crni, 10mm 3mt"},"content":{"rendered":"<p>Konop za bokobran s om\u010dom, crni, 10mm 3mt &#8211; <\/p>\n<p>Fender petlje s razdvojenim okom za vje\u0161anje fendera. Izra\u0111eno od visokog \u010dvrsto\u0107e poliestera. Prodaje se u parovima u prakti\u010dnim pakiranjima od 2 ili 3 metra.<\/p>\n","protected":false},"excerpt":{"rendered":"<p>Konop za bokobran s om\u010dom, crni, 10mm 3mt &#8211; Fender petlje s razdvojenim okom za vje\u0161anje fendera. Izra\u0111eno od visokog<\/p>\n","protected":false},"featured_media":5944278,"comment_status":"closed","ping_status":"closed","template":"","meta":[],"product_brand":[3101],"product_cat":[1847],"product_tag":[],"class_list":{"0":"post-3690747","1":"product","2":"type-product","3":"status-publish","4":"has-post-thumbnail","6":"product_brand-marco-benvenuti-hr","7":"product_cat-pribor-za-bokobrane","9":"first","10":"instock","11":"shipping-taxable","12":"purchasable","13":"product-type-simple"},"_links":{"self":[{"href":"https:\/\/stoic-curie.212-227-153-4.plesk.page\/hr\/wp-json\/wp\/v2\/product\/3690747","targetHints":{"allow":["GET"]}}],"collection":[{"href":"https:\/\/stoic-curie.212-227-153-4.plesk.page\/hr\/wp-json\/wp\/v2\/product"}],"about":[{"href":"https:\/\/stoic-curie.212-227-153-4.plesk.page\/hr\/wp-json\/wp\/v2\/types\/product"}],"replies":[{"embeddable":true,"href":"https:\/\/stoic-curie.212-227-153-4.plesk.page\/hr\/wp-json\/wp\/v2\/comments?post=3690747"}],"version-history":[{"count":0,"href":"https:\/\/stoic-curie.212-227-153-4.plesk.page\/hr\/wp-json\/wp\/v2\/product\/3690747\/revisions"}],"wp:featuredmedia":[{"embeddable":true,"href":"https:\/\/stoic-curie.212-227-153-4.plesk.page\/hr\/wp-json\/wp\/v2\/media\/5944278"}],"wp:attachment":[{"href":"https:\/\/stoic-curie.212-227-153-4.plesk.page\/hr\/wp-json\/wp\/v2\/media?parent=3690747"}],"wp:term":[{"taxonomy":"product_brand","embeddable":true,"href":"https:\/\/stoic-curie.212-227-153-4.plesk.page\/hr\/wp-json\/wp\/v2\/product_brand?post=3690747"},{"taxonomy":"product_cat","embeddable":true,"href":"https:\/\/stoic-curie.212-227-153-4.plesk.page\/hr\/wp-json\/wp\/v2\/product_cat?post=3690747"},{"taxonomy":"product_tag","embeddable":true,"href":"https:\/\/stoic-curie.212-227-153-4.plesk.page\/hr\/wp-json\/wp\/v2\/product_tag?post=3690747"}],"curies":[{"name":"wp","href":"https:\/\/api.w.org\/{rel}","templated":true}]}}