{"id":3690754,"date":"2025-10-13T13:44:14","date_gmt":"2025-10-13T17:44:14","guid":{"rendered":"https:\/\/stoic-curie.212-227-153-4.plesk.page\/product\/konop-za-privez-mornaricko-plava-12mm-x-8mt-s-radancom\/"},"modified":"2026-02-25T00:01:03","modified_gmt":"2026-02-25T00:01:03","slug":"konop-za-privez-mornaricko-plava-12mm-x-8mt-s-radancom","status":"publish","type":"product","link":"https:\/\/stoic-curie.212-227-153-4.plesk.page\/hr\/product\/konop-za-privez-mornaricko-plava-12mm-x-8mt-s-radancom\/","title":{"rendered":"Konop za privez, mornari\u010dko plava, 12mm X 8mt s radan\u010dom"},"content":{"rendered":"<p>Konop za privez, mornari\u010dko plava, 12mm X 8mt s radan\u010dom &#8211; <\/p>\n<p>Linija za vezanje i sidrenje sa upletenom pu\u017eom od nehr\u0111aju\u0107eg \u010delika. Visoka otpornost, dvostruko pletena poliester. Ne pluta.<\/p>\n","protected":false},"excerpt":{"rendered":"<p>Konop za privez, mornari\u010dko plava, 12mm X 8mt s radan\u010dom &#8211; Linija za vezanje i sidrenje sa upletenom pu\u017eom od<\/p>\n","protected":false},"featured_media":5944281,"comment_status":"closed","ping_status":"closed","template":"","meta":[],"product_brand":[3101],"product_cat":[1622,1623],"product_tag":[],"class_list":{"0":"post-3690754","1":"product","2":"type-product","3":"status-publish","4":"has-post-thumbnail","6":"product_brand-marco-benvenuti-hr","7":"product_cat-konopi-za-pristajanje-i-privez","8":"product_cat-prethodno-spojena-uzad","10":"first","11":"instock","12":"shipping-taxable","13":"purchasable","14":"product-type-simple"},"_links":{"self":[{"href":"https:\/\/stoic-curie.212-227-153-4.plesk.page\/hr\/wp-json\/wp\/v2\/product\/3690754","targetHints":{"allow":["GET"]}}],"collection":[{"href":"https:\/\/stoic-curie.212-227-153-4.plesk.page\/hr\/wp-json\/wp\/v2\/product"}],"about":[{"href":"https:\/\/stoic-curie.212-227-153-4.plesk.page\/hr\/wp-json\/wp\/v2\/types\/product"}],"replies":[{"embeddable":true,"href":"https:\/\/stoic-curie.212-227-153-4.plesk.page\/hr\/wp-json\/wp\/v2\/comments?post=3690754"}],"version-history":[{"count":0,"href":"https:\/\/stoic-curie.212-227-153-4.plesk.page\/hr\/wp-json\/wp\/v2\/product\/3690754\/revisions"}],"wp:featuredmedia":[{"embeddable":true,"href":"https:\/\/stoic-curie.212-227-153-4.plesk.page\/hr\/wp-json\/wp\/v2\/media\/5944281"}],"wp:attachment":[{"href":"https:\/\/stoic-curie.212-227-153-4.plesk.page\/hr\/wp-json\/wp\/v2\/media?parent=3690754"}],"wp:term":[{"taxonomy":"product_brand","embeddable":true,"href":"https:\/\/stoic-curie.212-227-153-4.plesk.page\/hr\/wp-json\/wp\/v2\/product_brand?post=3690754"},{"taxonomy":"product_cat","embeddable":true,"href":"https:\/\/stoic-curie.212-227-153-4.plesk.page\/hr\/wp-json\/wp\/v2\/product_cat?post=3690754"},{"taxonomy":"product_tag","embeddable":true,"href":"https:\/\/stoic-curie.212-227-153-4.plesk.page\/hr\/wp-json\/wp\/v2\/product_tag?post=3690754"}],"curies":[{"name":"wp","href":"https:\/\/api.w.org\/{rel}","templated":true}]}}