{"id":3690767,"date":"2025-10-13T13:44:16","date_gmt":"2025-10-13T17:44:16","guid":{"rendered":"https:\/\/stoic-curie.212-227-153-4.plesk.page\/product\/prekidac-led-od-nehrdajuceg-celika-plavi\/"},"modified":"2026-02-25T00:01:03","modified_gmt":"2026-02-25T00:01:03","slug":"prekidac-led-od-nehrdajuceg-celika-plavi","status":"publish","type":"product","link":"https:\/\/stoic-curie.212-227-153-4.plesk.page\/hr\/product\/prekidac-led-od-nehrdajuceg-celika-plavi\/","title":{"rendered":"Prekidac LED od nehr\u0111aju\u0107eg \u010delika, plavi"},"content":{"rendered":"<p>Prekidac LED od nehr\u0111aju\u0107eg \u010delika, plavi &#8211; <\/p>\n<p>Ku\u0107i\u0161te od nehr\u0111aju\u0107eg \u010delika 12\/24V IP67 vodonepropusni prekida\u010d s tipkom i LED svjetlom. Ugradnja s rupa promjera 19 mm. Visina ugradnje 38 mm.<\/p>\n","protected":false},"excerpt":{"rendered":"<p>Prekidac LED od nehr\u0111aju\u0107eg \u010delika, plavi &#8211; Ku\u0107i\u0161te od nehr\u0111aju\u0107eg \u010delika 12\/24V IP67 vodonepropusni prekida\u010d s tipkom i LED svjetlom.<\/p>\n","protected":false},"featured_media":5944139,"comment_status":"closed","ping_status":"closed","template":"","meta":[],"product_brand":[2831],"product_cat":[1743],"product_tag":[],"class_list":{"0":"post-3690767","1":"product","2":"type-product","3":"status-publish","4":"has-post-thumbnail","6":"product_brand-blue-sea-systems-hr","7":"product_cat-elektricni-prekidaci","9":"first","10":"instock","11":"shipping-taxable","12":"purchasable","13":"product-type-simple"},"_links":{"self":[{"href":"https:\/\/stoic-curie.212-227-153-4.plesk.page\/hr\/wp-json\/wp\/v2\/product\/3690767","targetHints":{"allow":["GET"]}}],"collection":[{"href":"https:\/\/stoic-curie.212-227-153-4.plesk.page\/hr\/wp-json\/wp\/v2\/product"}],"about":[{"href":"https:\/\/stoic-curie.212-227-153-4.plesk.page\/hr\/wp-json\/wp\/v2\/types\/product"}],"replies":[{"embeddable":true,"href":"https:\/\/stoic-curie.212-227-153-4.plesk.page\/hr\/wp-json\/wp\/v2\/comments?post=3690767"}],"version-history":[{"count":0,"href":"https:\/\/stoic-curie.212-227-153-4.plesk.page\/hr\/wp-json\/wp\/v2\/product\/3690767\/revisions"}],"wp:featuredmedia":[{"embeddable":true,"href":"https:\/\/stoic-curie.212-227-153-4.plesk.page\/hr\/wp-json\/wp\/v2\/media\/5944139"}],"wp:attachment":[{"href":"https:\/\/stoic-curie.212-227-153-4.plesk.page\/hr\/wp-json\/wp\/v2\/media?parent=3690767"}],"wp:term":[{"taxonomy":"product_brand","embeddable":true,"href":"https:\/\/stoic-curie.212-227-153-4.plesk.page\/hr\/wp-json\/wp\/v2\/product_brand?post=3690767"},{"taxonomy":"product_cat","embeddable":true,"href":"https:\/\/stoic-curie.212-227-153-4.plesk.page\/hr\/wp-json\/wp\/v2\/product_cat?post=3690767"},{"taxonomy":"product_tag","embeddable":true,"href":"https:\/\/stoic-curie.212-227-153-4.plesk.page\/hr\/wp-json\/wp\/v2\/product_tag?post=3690767"}],"curies":[{"name":"wp","href":"https:\/\/api.w.org\/{rel}","templated":true}]}}