{"id":3690770,"date":"2025-10-13T13:44:17","date_gmt":"2025-10-13T17:44:17","guid":{"rendered":"https:\/\/stoic-curie.212-227-153-4.plesk.page\/product\/vodonepropusno-12v-led-ambijentalno-svjetlo-26mm-plavo\/"},"modified":"2026-02-25T00:01:03","modified_gmt":"2026-02-25T00:01:03","slug":"vodonepropusno-12v-led-ambijentalno-svjetlo-26mm-plavo","status":"publish","type":"product","link":"https:\/\/stoic-curie.212-227-153-4.plesk.page\/hr\/product\/vodonepropusno-12v-led-ambijentalno-svjetlo-26mm-plavo\/","title":{"rendered":"Vodonepropusno 12V LED ambijentalno svjetlo 26mm plavo"},"content":{"rendered":"<p>Vodonepropusno 12V LED ambijentalno svjetlo 26mm plavo &#8211; <\/p>\n<p>LED svjetlo od nehr\u0111aju\u0107eg \u010delika s ugradnjom na 12V. \u010cvrsto i IP67 vodootporno, idealno za monta\u017eu na stepenice i uzvi\u0161enja. Smanjena potro\u0161nja od 0,8 W. Hladna bijela svjetlost 6000 K. Puni sa vodootpornim kabliranjem s osigura\u010dem.<\/p>\n","protected":false},"excerpt":{"rendered":"<p>Vodonepropusno 12V LED ambijentalno svjetlo 26mm plavo &#8211; LED svjetlo od nehr\u0111aju\u0107eg \u010delika s ugradnjom na 12V. \u010cvrsto i IP67<\/p>\n","protected":false},"featured_media":5944288,"comment_status":"closed","ping_status":"closed","template":"","meta":[],"product_brand":[3221],"product_cat":[1730,1739],"product_tag":[],"class_list":{"0":"post-3690770","1":"product","2":"type-product","3":"status-publish","4":"has-post-thumbnail","6":"product_brand-oceanled-hr","7":"product_cat-dekorativna-rasvjeta","8":"product_cat-rasvjeta","10":"first","11":"instock","12":"shipping-taxable","13":"purchasable","14":"product-type-simple"},"_links":{"self":[{"href":"https:\/\/stoic-curie.212-227-153-4.plesk.page\/hr\/wp-json\/wp\/v2\/product\/3690770","targetHints":{"allow":["GET"]}}],"collection":[{"href":"https:\/\/stoic-curie.212-227-153-4.plesk.page\/hr\/wp-json\/wp\/v2\/product"}],"about":[{"href":"https:\/\/stoic-curie.212-227-153-4.plesk.page\/hr\/wp-json\/wp\/v2\/types\/product"}],"replies":[{"embeddable":true,"href":"https:\/\/stoic-curie.212-227-153-4.plesk.page\/hr\/wp-json\/wp\/v2\/comments?post=3690770"}],"version-history":[{"count":0,"href":"https:\/\/stoic-curie.212-227-153-4.plesk.page\/hr\/wp-json\/wp\/v2\/product\/3690770\/revisions"}],"wp:featuredmedia":[{"embeddable":true,"href":"https:\/\/stoic-curie.212-227-153-4.plesk.page\/hr\/wp-json\/wp\/v2\/media\/5944288"}],"wp:attachment":[{"href":"https:\/\/stoic-curie.212-227-153-4.plesk.page\/hr\/wp-json\/wp\/v2\/media?parent=3690770"}],"wp:term":[{"taxonomy":"product_brand","embeddable":true,"href":"https:\/\/stoic-curie.212-227-153-4.plesk.page\/hr\/wp-json\/wp\/v2\/product_brand?post=3690770"},{"taxonomy":"product_cat","embeddable":true,"href":"https:\/\/stoic-curie.212-227-153-4.plesk.page\/hr\/wp-json\/wp\/v2\/product_cat?post=3690770"},{"taxonomy":"product_tag","embeddable":true,"href":"https:\/\/stoic-curie.212-227-153-4.plesk.page\/hr\/wp-json\/wp\/v2\/product_tag?post=3690770"}],"curies":[{"name":"wp","href":"https:\/\/api.w.org\/{rel}","templated":true}]}}