{"id":3690782,"date":"2025-10-13T13:44:19","date_gmt":"2025-10-13T17:44:19","guid":{"rendered":"https:\/\/stoic-curie.212-227-153-4.plesk.page\/product\/kong-wide-karabiner-8mm-sa-bocnim-otvaranjem-s-okom\/"},"modified":"2026-02-25T00:01:03","modified_gmt":"2026-02-25T00:01:03","slug":"kong-wide-karabiner-8mm-sa-bocnim-otvaranjem-s-okom","status":"publish","type":"product","link":"https:\/\/stoic-curie.212-227-153-4.plesk.page\/hr\/product\/kong-wide-karabiner-8mm-sa-bocnim-otvaranjem-s-okom\/","title":{"rendered":"Kong Wide Karabiner 8mm sa bo\u010dnim otvaranjem s okom"},"content":{"rendered":"<p>Kong Wide Karabiner 8mm sa bo\u010dnim otvaranjem s okom &#8211; <\/p>\n<p>Karabin od nehr\u0111aju\u0107eg \u010delika 316 s \u0161irokim bo\u010dnim otvorom i okom. Antigrip sustav za pri\u010dvr\u0161\u0107ivanje. Sprje\u010dava zaplitanje konopa.<\/p>\n","protected":false},"excerpt":{"rendered":"<p>Kong Wide Karabiner 8mm sa bo\u010dnim otvaranjem s okom &#8211; Karabin od nehr\u0111aju\u0107eg \u010delika 316 s \u0161irokim bo\u010dnim otvorom i<\/p>\n","protected":false},"featured_media":5943070,"comment_status":"closed","ping_status":"closed","template":"","meta":[],"product_brand":[3051],"product_cat":[1705],"product_tag":[],"class_list":{"0":"post-3690782","1":"product","2":"type-product","3":"status-publish","4":"has-post-thumbnail","6":"product_brand-kong-hr","7":"product_cat-karabineri-za-camce","9":"first","10":"instock","11":"shipping-taxable","12":"purchasable","13":"product-type-simple"},"_links":{"self":[{"href":"https:\/\/stoic-curie.212-227-153-4.plesk.page\/hr\/wp-json\/wp\/v2\/product\/3690782","targetHints":{"allow":["GET"]}}],"collection":[{"href":"https:\/\/stoic-curie.212-227-153-4.plesk.page\/hr\/wp-json\/wp\/v2\/product"}],"about":[{"href":"https:\/\/stoic-curie.212-227-153-4.plesk.page\/hr\/wp-json\/wp\/v2\/types\/product"}],"replies":[{"embeddable":true,"href":"https:\/\/stoic-curie.212-227-153-4.plesk.page\/hr\/wp-json\/wp\/v2\/comments?post=3690782"}],"version-history":[{"count":0,"href":"https:\/\/stoic-curie.212-227-153-4.plesk.page\/hr\/wp-json\/wp\/v2\/product\/3690782\/revisions"}],"wp:featuredmedia":[{"embeddable":true,"href":"https:\/\/stoic-curie.212-227-153-4.plesk.page\/hr\/wp-json\/wp\/v2\/media\/5943070"}],"wp:attachment":[{"href":"https:\/\/stoic-curie.212-227-153-4.plesk.page\/hr\/wp-json\/wp\/v2\/media?parent=3690782"}],"wp:term":[{"taxonomy":"product_brand","embeddable":true,"href":"https:\/\/stoic-curie.212-227-153-4.plesk.page\/hr\/wp-json\/wp\/v2\/product_brand?post=3690782"},{"taxonomy":"product_cat","embeddable":true,"href":"https:\/\/stoic-curie.212-227-153-4.plesk.page\/hr\/wp-json\/wp\/v2\/product_cat?post=3690782"},{"taxonomy":"product_tag","embeddable":true,"href":"https:\/\/stoic-curie.212-227-153-4.plesk.page\/hr\/wp-json\/wp\/v2\/product_tag?post=3690782"}],"curies":[{"name":"wp","href":"https:\/\/api.w.org\/{rel}","templated":true}]}}