{"id":3690788,"date":"2025-10-13T13:44:19","date_gmt":"2025-10-13T17:44:19","guid":{"rendered":"https:\/\/stoic-curie.212-227-153-4.plesk.page\/product\/rukohvat-143mm-nehrdajuceg-celika\/"},"modified":"2026-02-25T00:01:03","modified_gmt":"2026-02-25T00:01:03","slug":"rukohvat-143mm-nehrdajuceg-celika","status":"publish","type":"product","link":"https:\/\/stoic-curie.212-227-153-4.plesk.page\/hr\/product\/rukohvat-143mm-nehrdajuceg-celika\/","title":{"rendered":"Rukohvat 143mm nehr\u0111aju\u0107eg \u010delika"},"content":{"rendered":"<p>Rukohvat 143mm nehr\u0111aju\u0107eg \u010delika  &#8211; <\/p>\n<p>Ru\u010dka za podizanje od nehr\u0111aju\u0107eg \u010delika. Promjer ru\u010dke 10 mm, rupa za vijke 5 mm.<\/p>\n","protected":false},"excerpt":{"rendered":"<p>Rukohvat 143mm nehr\u0111aju\u0107eg \u010delika &#8211; Ru\u010dka za podizanje od nehr\u0111aju\u0107eg \u010delika. Promjer ru\u010dke 10 mm, rupa za vijke 5 mm.<\/p>\n","protected":false},"featured_media":5944315,"comment_status":"closed","ping_status":"closed","template":"","meta":[],"product_brand":[3491],"product_cat":[1707],"product_tag":[],"class_list":{"0":"post-3690788","1":"product","2":"type-product","3":"status-publish","4":"has-post-thumbnail","6":"product_brand-trem-hr","7":"product_cat-brodski-rukohvati","9":"first","10":"instock","11":"shipping-taxable","12":"purchasable","13":"product-type-simple"},"_links":{"self":[{"href":"https:\/\/stoic-curie.212-227-153-4.plesk.page\/hr\/wp-json\/wp\/v2\/product\/3690788","targetHints":{"allow":["GET"]}}],"collection":[{"href":"https:\/\/stoic-curie.212-227-153-4.plesk.page\/hr\/wp-json\/wp\/v2\/product"}],"about":[{"href":"https:\/\/stoic-curie.212-227-153-4.plesk.page\/hr\/wp-json\/wp\/v2\/types\/product"}],"replies":[{"embeddable":true,"href":"https:\/\/stoic-curie.212-227-153-4.plesk.page\/hr\/wp-json\/wp\/v2\/comments?post=3690788"}],"version-history":[{"count":0,"href":"https:\/\/stoic-curie.212-227-153-4.plesk.page\/hr\/wp-json\/wp\/v2\/product\/3690788\/revisions"}],"wp:featuredmedia":[{"embeddable":true,"href":"https:\/\/stoic-curie.212-227-153-4.plesk.page\/hr\/wp-json\/wp\/v2\/media\/5944315"}],"wp:attachment":[{"href":"https:\/\/stoic-curie.212-227-153-4.plesk.page\/hr\/wp-json\/wp\/v2\/media?parent=3690788"}],"wp:term":[{"taxonomy":"product_brand","embeddable":true,"href":"https:\/\/stoic-curie.212-227-153-4.plesk.page\/hr\/wp-json\/wp\/v2\/product_brand?post=3690788"},{"taxonomy":"product_cat","embeddable":true,"href":"https:\/\/stoic-curie.212-227-153-4.plesk.page\/hr\/wp-json\/wp\/v2\/product_cat?post=3690788"},{"taxonomy":"product_tag","embeddable":true,"href":"https:\/\/stoic-curie.212-227-153-4.plesk.page\/hr\/wp-json\/wp\/v2\/product_tag?post=3690788"}],"curies":[{"name":"wp","href":"https:\/\/api.w.org\/{rel}","templated":true}]}}