{"id":3690797,"date":"2025-10-13T13:44:21","date_gmt":"2025-10-13T17:44:21","guid":{"rendered":"https:\/\/stoic-curie.212-227-153-4.plesk.page\/product\/redukcija-od-nehrdajuceg-celika-m-f-1-1-2-x-1-1-4\/"},"modified":"2026-02-25T00:01:03","modified_gmt":"2026-02-25T00:01:03","slug":"redukcija-od-nehrdajuceg-celika-m-f-1-1-2-x-1-1-4","status":"publish","type":"product","link":"https:\/\/stoic-curie.212-227-153-4.plesk.page\/hr\/product\/redukcija-od-nehrdajuceg-celika-m-f-1-1-2-x-1-1-4\/","title":{"rendered":"Redukcija od nehr\u0111aju\u0107eg \u010delika M-F 1 1\/2&#8243; x 1 1\/4&#8243;"},"content":{"rendered":"<p>Redukcija od nehr\u0111aju\u0107eg \u010delika M-F 1 1\/2&#8243; x 1 1\/4&#8243; &#8211; <\/p>\n<p>Nehr\u0111aju\u0107i \u010delik mu\u0161ko-\u017eenski heksagonalni cijevni reduktor.<\/p>\n","protected":false},"excerpt":{"rendered":"<p>Redukcija od nehr\u0111aju\u0107eg \u010delika M-F 1 1\/2&#8243; x 1 1\/4&#8243; &#8211; Nehr\u0111aju\u0107i \u010delik mu\u0161ko-\u017eenski heksagonalni cijevni reduktor.<\/p>\n","protected":false},"featured_media":5938697,"comment_status":"closed","ping_status":"closed","template":"","meta":[],"product_brand":[3356],"product_cat":[1665],"product_tag":[],"class_list":{"0":"post-3690797","1":"product","2":"type-product","3":"status-publish","4":"has-post-thumbnail","6":"product_brand-seaflow-hr","7":"product_cat-brodski-vodovodni-elementi-nehrdajuci","9":"first","10":"instock","11":"shipping-taxable","12":"purchasable","13":"product-type-simple"},"_links":{"self":[{"href":"https:\/\/stoic-curie.212-227-153-4.plesk.page\/hr\/wp-json\/wp\/v2\/product\/3690797","targetHints":{"allow":["GET"]}}],"collection":[{"href":"https:\/\/stoic-curie.212-227-153-4.plesk.page\/hr\/wp-json\/wp\/v2\/product"}],"about":[{"href":"https:\/\/stoic-curie.212-227-153-4.plesk.page\/hr\/wp-json\/wp\/v2\/types\/product"}],"replies":[{"embeddable":true,"href":"https:\/\/stoic-curie.212-227-153-4.plesk.page\/hr\/wp-json\/wp\/v2\/comments?post=3690797"}],"version-history":[{"count":0,"href":"https:\/\/stoic-curie.212-227-153-4.plesk.page\/hr\/wp-json\/wp\/v2\/product\/3690797\/revisions"}],"wp:featuredmedia":[{"embeddable":true,"href":"https:\/\/stoic-curie.212-227-153-4.plesk.page\/hr\/wp-json\/wp\/v2\/media\/5938697"}],"wp:attachment":[{"href":"https:\/\/stoic-curie.212-227-153-4.plesk.page\/hr\/wp-json\/wp\/v2\/media?parent=3690797"}],"wp:term":[{"taxonomy":"product_brand","embeddable":true,"href":"https:\/\/stoic-curie.212-227-153-4.plesk.page\/hr\/wp-json\/wp\/v2\/product_brand?post=3690797"},{"taxonomy":"product_cat","embeddable":true,"href":"https:\/\/stoic-curie.212-227-153-4.plesk.page\/hr\/wp-json\/wp\/v2\/product_cat?post=3690797"},{"taxonomy":"product_tag","embeddable":true,"href":"https:\/\/stoic-curie.212-227-153-4.plesk.page\/hr\/wp-json\/wp\/v2\/product_tag?post=3690797"}],"curies":[{"name":"wp","href":"https:\/\/api.w.org\/{rel}","templated":true}]}}