{"id":3690801,"date":"2025-10-13T13:44:21","date_gmt":"2025-10-13T17:44:21","guid":{"rendered":"https:\/\/stoic-curie.212-227-153-4.plesk.page\/product\/opruzni-regulator-poklopca-l260mm-nehrdajuci-celik\/"},"modified":"2026-02-25T00:01:03","modified_gmt":"2026-02-25T00:01:03","slug":"opruzni-regulator-poklopca-l260mm-nehrdajuci-celik","status":"publish","type":"product","link":"https:\/\/stoic-curie.212-227-153-4.plesk.page\/hr\/product\/opruzni-regulator-poklopca-l260mm-nehrdajuci-celik\/","title":{"rendered":"Opru\u017eni regulator poklopca L260mm, nehr\u0111ajuci \u010delik"},"content":{"rendered":"<p>Opru\u017eni regulator poklopca L260mm, nehr\u0111ajuci \u010delik &#8211; <\/p>\n<p>Podupira\u010d od nehr\u0111aju\u0107eg \u010delika s oprugom.<\/p>\n","protected":false},"excerpt":{"rendered":"<p>Opru\u017eni regulator poklopca L260mm, nehr\u0111ajuci \u010delik &#8211; Podupira\u010d od nehr\u0111aju\u0107eg \u010delika s oprugom.<\/p>\n","protected":false},"featured_media":5944328,"comment_status":"closed","ping_status":"closed","template":"","meta":[],"product_brand":[3121],"product_cat":[1688],"product_tag":[],"class_list":{"0":"post-3690801","1":"product","2":"type-product","3":"status-publish","4":"has-post-thumbnail","6":"product_brand-marinetech-hr","7":"product_cat-plinske-opruge-za-poklopce","9":"first","10":"instock","11":"shipping-taxable","12":"purchasable","13":"product-type-simple"},"_links":{"self":[{"href":"https:\/\/stoic-curie.212-227-153-4.plesk.page\/hr\/wp-json\/wp\/v2\/product\/3690801","targetHints":{"allow":["GET"]}}],"collection":[{"href":"https:\/\/stoic-curie.212-227-153-4.plesk.page\/hr\/wp-json\/wp\/v2\/product"}],"about":[{"href":"https:\/\/stoic-curie.212-227-153-4.plesk.page\/hr\/wp-json\/wp\/v2\/types\/product"}],"replies":[{"embeddable":true,"href":"https:\/\/stoic-curie.212-227-153-4.plesk.page\/hr\/wp-json\/wp\/v2\/comments?post=3690801"}],"version-history":[{"count":0,"href":"https:\/\/stoic-curie.212-227-153-4.plesk.page\/hr\/wp-json\/wp\/v2\/product\/3690801\/revisions"}],"wp:featuredmedia":[{"embeddable":true,"href":"https:\/\/stoic-curie.212-227-153-4.plesk.page\/hr\/wp-json\/wp\/v2\/media\/5944328"}],"wp:attachment":[{"href":"https:\/\/stoic-curie.212-227-153-4.plesk.page\/hr\/wp-json\/wp\/v2\/media?parent=3690801"}],"wp:term":[{"taxonomy":"product_brand","embeddable":true,"href":"https:\/\/stoic-curie.212-227-153-4.plesk.page\/hr\/wp-json\/wp\/v2\/product_brand?post=3690801"},{"taxonomy":"product_cat","embeddable":true,"href":"https:\/\/stoic-curie.212-227-153-4.plesk.page\/hr\/wp-json\/wp\/v2\/product_cat?post=3690801"},{"taxonomy":"product_tag","embeddable":true,"href":"https:\/\/stoic-curie.212-227-153-4.plesk.page\/hr\/wp-json\/wp\/v2\/product_tag?post=3690801"}],"curies":[{"name":"wp","href":"https:\/\/api.w.org\/{rel}","templated":true}]}}