{"id":3690809,"date":"2025-10-13T13:44:22","date_gmt":"2025-10-13T17:44:22","guid":{"rendered":"https:\/\/stoic-curie.212-227-153-4.plesk.page\/product\/minax-mf01\/"},"modified":"2026-02-25T00:01:03","modified_gmt":"2026-02-25T00:01:03","slug":"minax-mf01","status":"publish","type":"product","link":"https:\/\/stoic-curie.212-227-153-4.plesk.page\/hr\/product\/minax-mf01\/","title":{"rendered":"Minax MF01"},"content":{"rendered":"<p>Minax MF01 &#8211; <\/p>\n<p>Minax automatski sustav u\u010dvr\u0161\u0107enja pokriva\u010da sastoji se od \u0161oka otpornog plasti\u010dnog glave i nehr\u0111aju\u0107e \u010deli\u010dne vijka. Glava se u\u010dvr\u0161\u0107uje na pokriva\u010du i zaklju\u010dava se na vijku jednostavnim sustavom klik. Vijek je pri\u010dvr\u0161\u0107en na strukturu i djeluje kao to\u010dka pri\u010dvr\u0161\u0107enja.<\/p>\n","protected":false},"excerpt":{"rendered":"<p>Minax MF01 &#8211; Minax automatski sustav u\u010dvr\u0161\u0107enja pokriva\u010da sastoji se od \u0161oka otpornog plasti\u010dnog glave i nehr\u0111aju\u0107e \u010deli\u010dne vijka. Glava<\/p>\n","protected":false},"featured_media":5944349,"comment_status":"closed","ping_status":"closed","template":"","meta":[],"product_brand":[3076],"product_cat":[1689,1703],"product_tag":[],"class_list":{"0":"post-3690809","1":"product","2":"type-product","3":"status-publish","4":"has-post-thumbnail","6":"product_brand-loxx-hr","7":"product_cat-bimini-tende","8":"product_cat-hardver-za-navlake-i-bimini","10":"first","11":"instock","12":"shipping-taxable","13":"purchasable","14":"product-type-simple"},"_links":{"self":[{"href":"https:\/\/stoic-curie.212-227-153-4.plesk.page\/hr\/wp-json\/wp\/v2\/product\/3690809","targetHints":{"allow":["GET"]}}],"collection":[{"href":"https:\/\/stoic-curie.212-227-153-4.plesk.page\/hr\/wp-json\/wp\/v2\/product"}],"about":[{"href":"https:\/\/stoic-curie.212-227-153-4.plesk.page\/hr\/wp-json\/wp\/v2\/types\/product"}],"replies":[{"embeddable":true,"href":"https:\/\/stoic-curie.212-227-153-4.plesk.page\/hr\/wp-json\/wp\/v2\/comments?post=3690809"}],"version-history":[{"count":0,"href":"https:\/\/stoic-curie.212-227-153-4.plesk.page\/hr\/wp-json\/wp\/v2\/product\/3690809\/revisions"}],"wp:featuredmedia":[{"embeddable":true,"href":"https:\/\/stoic-curie.212-227-153-4.plesk.page\/hr\/wp-json\/wp\/v2\/media\/5944349"}],"wp:attachment":[{"href":"https:\/\/stoic-curie.212-227-153-4.plesk.page\/hr\/wp-json\/wp\/v2\/media?parent=3690809"}],"wp:term":[{"taxonomy":"product_brand","embeddable":true,"href":"https:\/\/stoic-curie.212-227-153-4.plesk.page\/hr\/wp-json\/wp\/v2\/product_brand?post=3690809"},{"taxonomy":"product_cat","embeddable":true,"href":"https:\/\/stoic-curie.212-227-153-4.plesk.page\/hr\/wp-json\/wp\/v2\/product_cat?post=3690809"},{"taxonomy":"product_tag","embeddable":true,"href":"https:\/\/stoic-curie.212-227-153-4.plesk.page\/hr\/wp-json\/wp\/v2\/product_tag?post=3690809"}],"curies":[{"name":"wp","href":"https:\/\/api.w.org\/{rel}","templated":true}]}}