{"id":3690812,"date":"2025-10-13T13:44:23","date_gmt":"2025-10-13T17:44:23","guid":{"rendered":"https:\/\/stoic-curie.212-227-153-4.plesk.page\/product\/vilicasti-terminal-od-nehrdajuceg-celika-d5\/"},"modified":"2026-02-25T00:01:03","modified_gmt":"2026-02-25T00:01:03","slug":"vilicasti-terminal-od-nehrdajuceg-celika-d5","status":"publish","type":"product","link":"https:\/\/stoic-curie.212-227-153-4.plesk.page\/hr\/product\/vilicasti-terminal-od-nehrdajuceg-celika-d5\/","title":{"rendered":"Vili\u010dasti terminal od nehr\u0111aju\u0107eg \u010delika D5"},"content":{"rendered":"<p>Vili\u010dasti terminal od nehr\u0111aju\u0107eg \u010delika D5 &#8211; <\/p>\n<p>316 nehr\u0111aju\u0107i \u010delik svage prekida\u010d terminal. Idealno za zahtjevne primjene.<\/p>\n","protected":false},"excerpt":{"rendered":"<p>Vili\u010dasti terminal od nehr\u0111aju\u0107eg \u010delika D5 &#8211; 316 nehr\u0111aju\u0107i \u010delik svage prekida\u010d terminal. Idealno za zahtjevne primjene.<\/p>\n","protected":false},"featured_media":5939825,"comment_status":"closed","ping_status":"closed","template":"","meta":[],"product_brand":[3121],"product_cat":[1696,1765],"product_tag":[],"class_list":{"0":"post-3690812","1":"product","2":"type-product","3":"status-publish","4":"has-post-thumbnail","6":"product_brand-marinetech-hr","7":"product_cat-nehrdajuci-kabelski-terminali","8":"product_cat-pribor-i-oprema-za-brodice-i-jedrilice","10":"first","11":"instock","12":"shipping-taxable","13":"purchasable","14":"product-type-simple"},"_links":{"self":[{"href":"https:\/\/stoic-curie.212-227-153-4.plesk.page\/hr\/wp-json\/wp\/v2\/product\/3690812","targetHints":{"allow":["GET"]}}],"collection":[{"href":"https:\/\/stoic-curie.212-227-153-4.plesk.page\/hr\/wp-json\/wp\/v2\/product"}],"about":[{"href":"https:\/\/stoic-curie.212-227-153-4.plesk.page\/hr\/wp-json\/wp\/v2\/types\/product"}],"replies":[{"embeddable":true,"href":"https:\/\/stoic-curie.212-227-153-4.plesk.page\/hr\/wp-json\/wp\/v2\/comments?post=3690812"}],"version-history":[{"count":0,"href":"https:\/\/stoic-curie.212-227-153-4.plesk.page\/hr\/wp-json\/wp\/v2\/product\/3690812\/revisions"}],"wp:featuredmedia":[{"embeddable":true,"href":"https:\/\/stoic-curie.212-227-153-4.plesk.page\/hr\/wp-json\/wp\/v2\/media\/5939825"}],"wp:attachment":[{"href":"https:\/\/stoic-curie.212-227-153-4.plesk.page\/hr\/wp-json\/wp\/v2\/media?parent=3690812"}],"wp:term":[{"taxonomy":"product_brand","embeddable":true,"href":"https:\/\/stoic-curie.212-227-153-4.plesk.page\/hr\/wp-json\/wp\/v2\/product_brand?post=3690812"},{"taxonomy":"product_cat","embeddable":true,"href":"https:\/\/stoic-curie.212-227-153-4.plesk.page\/hr\/wp-json\/wp\/v2\/product_cat?post=3690812"},{"taxonomy":"product_tag","embeddable":true,"href":"https:\/\/stoic-curie.212-227-153-4.plesk.page\/hr\/wp-json\/wp\/v2\/product_tag?post=3690812"}],"curies":[{"name":"wp","href":"https:\/\/api.w.org\/{rel}","templated":true}]}}