{"id":3690815,"date":"2025-10-13T13:44:23","date_gmt":"2025-10-13T17:44:23","guid":{"rendered":"https:\/\/stoic-curie.212-227-153-4.plesk.page\/product\/fendress-navlaka-za-bokobran-f1-crna\/"},"modified":"2026-02-25T00:01:03","modified_gmt":"2026-02-25T00:01:03","slug":"fendress-navlaka-za-bokobran-f1-crna","status":"publish","type":"product","link":"https:\/\/stoic-curie.212-227-153-4.plesk.page\/hr\/product\/fendress-navlaka-za-bokobran-f1-crna\/","title":{"rendered":"Fendress navlaka za bokobran F1 crna"},"content":{"rendered":"<p>Fendress navlaka za bokobran F1 crna &#8211; <\/p>\n<p>Ru\u010dno ra\u0111eni Fendress pokriva\u010di za fendere od mekog polar-fleeca. Premium za\u0161tita za va\u0161e fendere, dok eliminira \u0161kripanje i tragove tro\u0161enja. Mekani i izdr\u017eljivi, ovi pokriva\u010di efikasno \u0161tite va\u0161u gel-coat boju i produ\u017eavaju \u017eivotni vek va\u0161ih fenderi. <br \/> \u2022 \u201cFendress Covers\u201d su 100% akrilni, ru\u010dno ra\u0111eni, visokokvalitetni, otporni i neabrazivni loop pleteni. Mekani, pli\u0161asti fleece pokriva\u010di za fendere pru\u017eaju vrhunsku za\u0161titu za va\u0161e gornje strane. <br \/> \u2022 \u201cFendress Covers\u201d su otporni na UV zra\u010denje i morsku vodu, efikasno \u0161tite\u0107i va\u0161u gel-coat boju od tragova tro\u0161enja i ogrebotina. Izdr\u017eljiv i \u010dvrst fleece materijal sadr\u017ei sve najbolje osobine, uklju\u010duju\u0107i otpornost na kidanje i abraziju, brzo su\u0161enje i lako skidanje za \u010di\u0161\u0107enje. <br \/> \u2022 \u201cFendress Covers\u201d produ\u017eavaju \u017eivot va\u0161ih fendera i elimini\u0161u iritiraju\u0107e fender \u0161kripanje. Boje otporne na UV ne ostavljaju tragove na va\u0161im gornjim stranama. Perivo u ma\u0161ini. <br \/> \u2022 \u201cFendress Covers\u201d imaju visokotrajnu gornju stranu i elasti\u010dan donji rub za prilago\u0111eno pristajanje svih vrsta fendera. Pokriva\u010di su dostupni u 9 boja.<\/p>\n","protected":false},"excerpt":{"rendered":"<p>Fendress navlaka za bokobran F1 crna &#8211; Ru\u010dno ra\u0111eni Fendress pokriva\u010di za fendere od mekog polar-fleeca. Premium za\u0161tita za va\u0161e<\/p>\n","protected":false},"featured_media":5944361,"comment_status":"closed","ping_status":"closed","template":"","meta":[],"product_brand":[2936],"product_cat":[1851],"product_tag":[],"class_list":{"0":"post-3690815","1":"product","2":"type-product","3":"status-publish","4":"has-post-thumbnail","6":"product_brand-fendress-hr","7":"product_cat-navlake-za-bokobrane","9":"first","10":"instock","11":"shipping-taxable","12":"purchasable","13":"product-type-simple"},"_links":{"self":[{"href":"https:\/\/stoic-curie.212-227-153-4.plesk.page\/hr\/wp-json\/wp\/v2\/product\/3690815","targetHints":{"allow":["GET"]}}],"collection":[{"href":"https:\/\/stoic-curie.212-227-153-4.plesk.page\/hr\/wp-json\/wp\/v2\/product"}],"about":[{"href":"https:\/\/stoic-curie.212-227-153-4.plesk.page\/hr\/wp-json\/wp\/v2\/types\/product"}],"replies":[{"embeddable":true,"href":"https:\/\/stoic-curie.212-227-153-4.plesk.page\/hr\/wp-json\/wp\/v2\/comments?post=3690815"}],"version-history":[{"count":0,"href":"https:\/\/stoic-curie.212-227-153-4.plesk.page\/hr\/wp-json\/wp\/v2\/product\/3690815\/revisions"}],"wp:featuredmedia":[{"embeddable":true,"href":"https:\/\/stoic-curie.212-227-153-4.plesk.page\/hr\/wp-json\/wp\/v2\/media\/5944361"}],"wp:attachment":[{"href":"https:\/\/stoic-curie.212-227-153-4.plesk.page\/hr\/wp-json\/wp\/v2\/media?parent=3690815"}],"wp:term":[{"taxonomy":"product_brand","embeddable":true,"href":"https:\/\/stoic-curie.212-227-153-4.plesk.page\/hr\/wp-json\/wp\/v2\/product_brand?post=3690815"},{"taxonomy":"product_cat","embeddable":true,"href":"https:\/\/stoic-curie.212-227-153-4.plesk.page\/hr\/wp-json\/wp\/v2\/product_cat?post=3690815"},{"taxonomy":"product_tag","embeddable":true,"href":"https:\/\/stoic-curie.212-227-153-4.plesk.page\/hr\/wp-json\/wp\/v2\/product_tag?post=3690815"}],"curies":[{"name":"wp","href":"https:\/\/api.w.org\/{rel}","templated":true}]}}