{"id":3690816,"date":"2025-10-13T13:44:24","date_gmt":"2025-10-13T17:44:24","guid":{"rendered":"https:\/\/stoic-curie.212-227-153-4.plesk.page\/product\/fendress-navlaka-za-bokobran-f1-bez\/"},"modified":"2026-02-25T00:01:03","modified_gmt":"2026-02-25T00:01:03","slug":"fendress-navlaka-za-bokobran-f1-bez","status":"publish","type":"product","link":"https:\/\/stoic-curie.212-227-153-4.plesk.page\/hr\/product\/fendress-navlaka-za-bokobran-f1-bez\/","title":{"rendered":"Fendress navlaka za bokobran F1 Be\u017e"},"content":{"rendered":"<p>Fendress navlaka za bokobran F1 Be\u017e &#8211; <\/p>\n<p>Plu\u0161kasti flis ru\u010dno izra\u0111eni Fendress pokrovi za fendere. Premium za\u0161tita za va\u0161e fendere, dok elimini\u0161u \u0161kripanje i tragove tro\u0161enja. Mekani i izdr\u017eljivi, ovi pokrovi efikasno \u0161tite va\u0161u gelcoat boju i produ\u017euju vijek trajanja va\u0161ih fendera.<\/p>\n<p> \u2022 &#8220;Fendress Covers&#8221; su 100% akrilne, ru\u010dno ra\u0111ene od vrhunskog kvalitetnog, otpornog i neabrazivnog pletenja. Mekani, pli\u0161asti flis pokrovi za fendere nude vrhunsku za\u0161titu za va\u0161e gornje strane. \u2022 &#8220;Fendress Covers&#8221; su otporni na UV zra\u010denje i slanu vodu, efikasno \u0161tite\u0107i va\u0161u gelcoat boju od tragova i abrazija. \u010cvrsto i izdr\u017eljivo flis tkanje sadr\u017ei sve najbolje osobine, uklju\u010duju\u0107i otpornost na kidanje i abraziju, brzo su\u0161enje i lako skidanje za \u010di\u0161\u0107enje. \u2022 &#8220;Fendress Covers&#8221; produ\u017euju vijek trajanja va\u0161ih fendera i uklanjaju iritiraju\u0107e \u0161kripanje fendera. Boje otporne na UV zra\u010denje ne ostavljaju tragove na va\u0161im gornjim stranama. Mogu se prati u ma\u0161ini. \u2022 &#8220;Fendress Covers&#8221; imaju visoku otpornost, gornji deo i elasti\u010dno donje rubove koji omogu\u0107avaju prilago\u0111eno pristajanje za sve tipove fendera. Pokriva\u010di su dostupni u 9 boja.<\/p>\n","protected":false},"excerpt":{"rendered":"<p>Fendress navlaka za bokobran F1 Be\u017e &#8211; Plu\u0161kasti flis ru\u010dno izra\u0111eni Fendress pokrovi za fendere. Premium za\u0161tita za va\u0161e fendere,<\/p>\n","protected":false},"featured_media":5944362,"comment_status":"closed","ping_status":"closed","template":"","meta":[],"product_brand":[2936],"product_cat":[1851],"product_tag":[],"class_list":{"0":"post-3690816","1":"product","2":"type-product","3":"status-publish","4":"has-post-thumbnail","6":"product_brand-fendress-hr","7":"product_cat-navlake-za-bokobrane","9":"first","10":"instock","11":"shipping-taxable","12":"purchasable","13":"product-type-simple"},"_links":{"self":[{"href":"https:\/\/stoic-curie.212-227-153-4.plesk.page\/hr\/wp-json\/wp\/v2\/product\/3690816","targetHints":{"allow":["GET"]}}],"collection":[{"href":"https:\/\/stoic-curie.212-227-153-4.plesk.page\/hr\/wp-json\/wp\/v2\/product"}],"about":[{"href":"https:\/\/stoic-curie.212-227-153-4.plesk.page\/hr\/wp-json\/wp\/v2\/types\/product"}],"replies":[{"embeddable":true,"href":"https:\/\/stoic-curie.212-227-153-4.plesk.page\/hr\/wp-json\/wp\/v2\/comments?post=3690816"}],"version-history":[{"count":0,"href":"https:\/\/stoic-curie.212-227-153-4.plesk.page\/hr\/wp-json\/wp\/v2\/product\/3690816\/revisions"}],"wp:featuredmedia":[{"embeddable":true,"href":"https:\/\/stoic-curie.212-227-153-4.plesk.page\/hr\/wp-json\/wp\/v2\/media\/5944362"}],"wp:attachment":[{"href":"https:\/\/stoic-curie.212-227-153-4.plesk.page\/hr\/wp-json\/wp\/v2\/media?parent=3690816"}],"wp:term":[{"taxonomy":"product_brand","embeddable":true,"href":"https:\/\/stoic-curie.212-227-153-4.plesk.page\/hr\/wp-json\/wp\/v2\/product_brand?post=3690816"},{"taxonomy":"product_cat","embeddable":true,"href":"https:\/\/stoic-curie.212-227-153-4.plesk.page\/hr\/wp-json\/wp\/v2\/product_cat?post=3690816"},{"taxonomy":"product_tag","embeddable":true,"href":"https:\/\/stoic-curie.212-227-153-4.plesk.page\/hr\/wp-json\/wp\/v2\/product_tag?post=3690816"}],"curies":[{"name":"wp","href":"https:\/\/api.w.org\/{rel}","templated":true}]}}