{"id":3690819,"date":"2025-10-13T13:44:25","date_gmt":"2025-10-13T17:44:25","guid":{"rendered":"https:\/\/stoic-curie.212-227-153-4.plesk.page\/product\/navlake-za-bokobrane-fendress-plava-60-x-21-cm\/"},"modified":"2026-02-25T00:01:03","modified_gmt":"2026-02-25T00:01:03","slug":"navlake-za-bokobrane-fendress-plava-60-x-21-cm","status":"publish","type":"product","link":"https:\/\/stoic-curie.212-227-153-4.plesk.page\/hr\/product\/navlake-za-bokobrane-fendress-plava-60-x-21-cm\/","title":{"rendered":"Navlake za bokobrane Fendress plava 60 x 21 cm"},"content":{"rendered":"<p>Navlake za bokobrane Fendress plava 60 x 21 cm &#8211; <\/p>\n<p>Mekane, ru\u010dno ra\u0111ene Fendress za\u0161tite. Premium za\u0161tita za va\u0161e fendere, dok eliminiraju squeak i ogrebotine. Mekane i \u010dvrste, ove za\u0161tite u\u010dinkovito \u0161tite va\u0161u gelcoat boju i produ\u017euju \u017eivotnost va\u0161ih fendera. <\/p>\n<p> \u2022 &#8220;Fendress Covers&#8221; su 100% akrilne, ru\u010dno ra\u0111ene, premium kvalitete, otporne i neabrazivne. Mekani, pli\u0161ani fleece fenderi nude iznimnu za\u0161titu za va\u0161e gornje dijelove. <br \/> \u2022 &#8220;Fendress Covers&#8221; su otporne na UV zrake i morsku vodu, u\u010dinkovito \u0161tite\u0107i va\u0161u gelcoat boju od ogrebotina. Izdr\u017eljivo fleece tkanje sadr\u017ei sve najbolje karakteristike, uklju\u010duju\u0107i otpornost na kidanje i abraziju, brzo su\u0161enje i lako uklanjanje za \u010di\u0161\u0107enje. <br \/> \u2022 &#8220;Fendress Covers&#8221; produ\u017euju \u017eivot fendera i eliminiraju iritiraju\u0107e squeak. Boje otporne na UV zrake ne ostavljaju tragove na va\u0161im gornjim dijelovima. Mogu se prati u ma\u0161ini. <br \/> \u2022 &#8220;Fendress Covers&#8221; visoke otpornosti i elasti\u010dan donji rub omogu\u0107uju prilagodljivo prianjanje za sve vrste fendera. Pokriva\u010di su dostupni u 9 boja.<\/p>\n","protected":false},"excerpt":{"rendered":"<p>Navlake za bokobrane Fendress plava 60 x 21 cm &#8211; Mekane, ru\u010dno ra\u0111ene Fendress za\u0161tite. Premium za\u0161tita za va\u0161e fendere,<\/p>\n","protected":false},"featured_media":5944365,"comment_status":"closed","ping_status":"closed","template":"","meta":[],"product_brand":[2936],"product_cat":[1851],"product_tag":[],"class_list":{"0":"post-3690819","1":"product","2":"type-product","3":"status-publish","4":"has-post-thumbnail","6":"product_brand-fendress-hr","7":"product_cat-navlake-za-bokobrane","9":"first","10":"instock","11":"shipping-taxable","12":"purchasable","13":"product-type-simple"},"_links":{"self":[{"href":"https:\/\/stoic-curie.212-227-153-4.plesk.page\/hr\/wp-json\/wp\/v2\/product\/3690819","targetHints":{"allow":["GET"]}}],"collection":[{"href":"https:\/\/stoic-curie.212-227-153-4.plesk.page\/hr\/wp-json\/wp\/v2\/product"}],"about":[{"href":"https:\/\/stoic-curie.212-227-153-4.plesk.page\/hr\/wp-json\/wp\/v2\/types\/product"}],"replies":[{"embeddable":true,"href":"https:\/\/stoic-curie.212-227-153-4.plesk.page\/hr\/wp-json\/wp\/v2\/comments?post=3690819"}],"version-history":[{"count":0,"href":"https:\/\/stoic-curie.212-227-153-4.plesk.page\/hr\/wp-json\/wp\/v2\/product\/3690819\/revisions"}],"wp:featuredmedia":[{"embeddable":true,"href":"https:\/\/stoic-curie.212-227-153-4.plesk.page\/hr\/wp-json\/wp\/v2\/media\/5944365"}],"wp:attachment":[{"href":"https:\/\/stoic-curie.212-227-153-4.plesk.page\/hr\/wp-json\/wp\/v2\/media?parent=3690819"}],"wp:term":[{"taxonomy":"product_brand","embeddable":true,"href":"https:\/\/stoic-curie.212-227-153-4.plesk.page\/hr\/wp-json\/wp\/v2\/product_brand?post=3690819"},{"taxonomy":"product_cat","embeddable":true,"href":"https:\/\/stoic-curie.212-227-153-4.plesk.page\/hr\/wp-json\/wp\/v2\/product_cat?post=3690819"},{"taxonomy":"product_tag","embeddable":true,"href":"https:\/\/stoic-curie.212-227-153-4.plesk.page\/hr\/wp-json\/wp\/v2\/product_tag?post=3690819"}],"curies":[{"name":"wp","href":"https:\/\/api.w.org\/{rel}","templated":true}]}}