{"id":3690820,"date":"2025-10-13T13:44:25","date_gmt":"2025-10-13T17:44:25","guid":{"rendered":"https:\/\/stoic-curie.212-227-153-4.plesk.page\/product\/fendress-navlaka-za-bokobran-f2-crna\/"},"modified":"2026-02-25T00:01:03","modified_gmt":"2026-02-25T00:01:03","slug":"fendress-navlaka-za-bokobran-f2-crna","status":"publish","type":"product","link":"https:\/\/stoic-curie.212-227-153-4.plesk.page\/hr\/product\/fendress-navlaka-za-bokobran-f2-crna\/","title":{"rendered":"Fendress navlaka za bokobran F2 crna"},"content":{"rendered":"<p>Fendress navlaka za bokobran F2 crna &#8211; <\/p>\n<p>Ru\u010dne izra\u0111ene Fendress obloge za fendere od pli\u0161ane vune. Premium za\u0161tita za va\u0161e fendere, dok eliminira \u0161kripu i ogrebotine. Mekane i \u010dvrste, ove obloge u\u010dinkovito \u0161tite va\u0161u gel-coat boju i produljuju vijek trajanja va\u0161ih fendara. <br \/> \u2022 &#8220;Fendress Covers&#8221; su 100% akrilne, ru\u010dno izra\u0111ene od premijum kvalitete, otporne, neabrazivne. Mekane, pli\u0161ane obloge za fendere nude najbolju za\u0161titu za va\u0161e povr\u0161ine. <br \/> \u2022 &#8220;Fendress Covers&#8221; su otporne na UV zrake i morsku vodu, u\u010dinkovito \u0161tite\u0107i va\u0161u gel-coat boju od ogrebotina i abrazija. Izdr\u017eljivo pletivo od pli\u0161a sadr\u017ei sve najbolje osobine, uklju\u010duju\u0107i otpornost na kidanje i abraziju, brzo su\u0161enje i jednostavno uklanjanje za \u010di\u0161\u0107enje. <br \/> \u2022 &#8220;Fendress Covers&#8221; produ\u017euju vijek trajanja va\u0161ih fendera i eliminiraju neugodne zvukove. Boje otporne na UV ne ostavljaju mrlje na va\u0161im povr\u0161inama. Mogu se prati u ma\u0161ini. <br \/> \u2022 &#8220;Fendress Covers&#8221; imaju visoku otpornost na vrhu i elasti\u010dnu donju obru\u010d koja omogu\u0107ava prilago\u0111eno pristajanje za sve vrste fendera. Obloge su dostupne u 9 boja.<\/p>\n","protected":false},"excerpt":{"rendered":"<p>Fendress navlaka za bokobran F2 crna &#8211; Ru\u010dne izra\u0111ene Fendress obloge za fendere od pli\u0161ane vune. Premium za\u0161tita za va\u0161e<\/p>\n","protected":false},"featured_media":5944361,"comment_status":"closed","ping_status":"closed","template":"","meta":[],"product_brand":[2936],"product_cat":[1851],"product_tag":[],"class_list":{"0":"post-3690820","1":"product","2":"type-product","3":"status-publish","4":"has-post-thumbnail","6":"product_brand-fendress-hr","7":"product_cat-navlake-za-bokobrane","9":"first","10":"instock","11":"shipping-taxable","12":"purchasable","13":"product-type-simple"},"_links":{"self":[{"href":"https:\/\/stoic-curie.212-227-153-4.plesk.page\/hr\/wp-json\/wp\/v2\/product\/3690820","targetHints":{"allow":["GET"]}}],"collection":[{"href":"https:\/\/stoic-curie.212-227-153-4.plesk.page\/hr\/wp-json\/wp\/v2\/product"}],"about":[{"href":"https:\/\/stoic-curie.212-227-153-4.plesk.page\/hr\/wp-json\/wp\/v2\/types\/product"}],"replies":[{"embeddable":true,"href":"https:\/\/stoic-curie.212-227-153-4.plesk.page\/hr\/wp-json\/wp\/v2\/comments?post=3690820"}],"version-history":[{"count":0,"href":"https:\/\/stoic-curie.212-227-153-4.plesk.page\/hr\/wp-json\/wp\/v2\/product\/3690820\/revisions"}],"wp:featuredmedia":[{"embeddable":true,"href":"https:\/\/stoic-curie.212-227-153-4.plesk.page\/hr\/wp-json\/wp\/v2\/media\/5944361"}],"wp:attachment":[{"href":"https:\/\/stoic-curie.212-227-153-4.plesk.page\/hr\/wp-json\/wp\/v2\/media?parent=3690820"}],"wp:term":[{"taxonomy":"product_brand","embeddable":true,"href":"https:\/\/stoic-curie.212-227-153-4.plesk.page\/hr\/wp-json\/wp\/v2\/product_brand?post=3690820"},{"taxonomy":"product_cat","embeddable":true,"href":"https:\/\/stoic-curie.212-227-153-4.plesk.page\/hr\/wp-json\/wp\/v2\/product_cat?post=3690820"},{"taxonomy":"product_tag","embeddable":true,"href":"https:\/\/stoic-curie.212-227-153-4.plesk.page\/hr\/wp-json\/wp\/v2\/product_tag?post=3690820"}],"curies":[{"name":"wp","href":"https:\/\/api.w.org\/{rel}","templated":true}]}}