{"id":3690822,"date":"2025-10-13T13:44:25","date_gmt":"2025-10-13T17:44:25","guid":{"rendered":"https:\/\/stoic-curie.212-227-153-4.plesk.page\/product\/fendress-navlaka-za-bokobran-f2-bordeaux\/"},"modified":"2026-02-25T00:01:03","modified_gmt":"2026-02-25T00:01:03","slug":"fendress-navlaka-za-bokobran-f2-bordeaux","status":"publish","type":"product","link":"https:\/\/stoic-curie.212-227-153-4.plesk.page\/hr\/product\/fendress-navlaka-za-bokobran-f2-bordeaux\/","title":{"rendered":"Fendress navlaka za bokobran F2 Bordeaux"},"content":{"rendered":"<p>Fendress navlaka za bokobran F2 Bordeaux &#8211; <\/p>\n<p>Ru\u010dne ra\u0111ene Fendress fender navlake od pli\u0161a. Premium za\u0161tita za va\u0161e fendere, dok elimini\u0161e \u0161kripanje i ogrebotine. Mekane i \u010dvrste, ove navlake efikasno \u0161tite va\u0161u gel-coat boju i produ\u017eavaju vijek trajanja va\u0161ih fendera.<\/p>\n<p>\u2022 \u201cFendress Covers\u201d su 100% akrilne ru\u010dno ra\u0111ene premium kvalitete, otporne i neabrazivne pletene. Mekane, pli\u0161ane Fendress fender navlake nude najbolju za\u0161titu za va\u0161e gornje dijelove. \u2022 \u201cFendress Covers\u201d su otporne na UV zra\u010denje i slanu vodu, efikasno \u0161tite\u0107i va\u0161u gel-coat boju od ogrebotina i tro\u0161enja. \u010cvrsta i izdr\u017eljiva fleece tkanina sadr\u017ei sve najbolje karakteristike, uklju\u010duju\u0107i otpornost na kidanje i abraziju, brzo su\u0161enje i lako skidanje za \u010di\u0161\u0107enje. \u2022 \u201cFendress Covers\u201d produ\u017eavaju \u017eivotni vijek va\u0161ih fendera i elimini\u0161u iritiraju\u0107e \u0161kripanje. Boje otporne na UV zra\u010denje ne ostavljaju tragove na va\u0161im gornjim dijelovima. Pranje u ma\u0161ini. \u2022 \u201cFendress Covers\u201d imaju gornji dio visoke otpornosti i elasti\u010dni donji rub koji omogu\u0107ava prilago\u0111enu prilagodbu za sve vrste fendera. Navlake su dostupne u 9 boja.<\/p>\n","protected":false},"excerpt":{"rendered":"<p>Fendress navlaka za bokobran F2 Bordeaux &#8211; Ru\u010dne ra\u0111ene Fendress fender navlake od pli\u0161a. Premium za\u0161tita za va\u0161e fendere, dok<\/p>\n","protected":false},"featured_media":5944364,"comment_status":"closed","ping_status":"closed","template":"","meta":[],"product_brand":[2936],"product_cat":[1851],"product_tag":[],"class_list":{"0":"post-3690822","1":"product","2":"type-product","3":"status-publish","4":"has-post-thumbnail","6":"product_brand-fendress-hr","7":"product_cat-navlake-za-bokobrane","9":"first","10":"instock","11":"shipping-taxable","12":"purchasable","13":"product-type-simple"},"_links":{"self":[{"href":"https:\/\/stoic-curie.212-227-153-4.plesk.page\/hr\/wp-json\/wp\/v2\/product\/3690822","targetHints":{"allow":["GET"]}}],"collection":[{"href":"https:\/\/stoic-curie.212-227-153-4.plesk.page\/hr\/wp-json\/wp\/v2\/product"}],"about":[{"href":"https:\/\/stoic-curie.212-227-153-4.plesk.page\/hr\/wp-json\/wp\/v2\/types\/product"}],"replies":[{"embeddable":true,"href":"https:\/\/stoic-curie.212-227-153-4.plesk.page\/hr\/wp-json\/wp\/v2\/comments?post=3690822"}],"version-history":[{"count":0,"href":"https:\/\/stoic-curie.212-227-153-4.plesk.page\/hr\/wp-json\/wp\/v2\/product\/3690822\/revisions"}],"wp:featuredmedia":[{"embeddable":true,"href":"https:\/\/stoic-curie.212-227-153-4.plesk.page\/hr\/wp-json\/wp\/v2\/media\/5944364"}],"wp:attachment":[{"href":"https:\/\/stoic-curie.212-227-153-4.plesk.page\/hr\/wp-json\/wp\/v2\/media?parent=3690822"}],"wp:term":[{"taxonomy":"product_brand","embeddable":true,"href":"https:\/\/stoic-curie.212-227-153-4.plesk.page\/hr\/wp-json\/wp\/v2\/product_brand?post=3690822"},{"taxonomy":"product_cat","embeddable":true,"href":"https:\/\/stoic-curie.212-227-153-4.plesk.page\/hr\/wp-json\/wp\/v2\/product_cat?post=3690822"},{"taxonomy":"product_tag","embeddable":true,"href":"https:\/\/stoic-curie.212-227-153-4.plesk.page\/hr\/wp-json\/wp\/v2\/product_tag?post=3690822"}],"curies":[{"name":"wp","href":"https:\/\/api.w.org\/{rel}","templated":true}]}}