{"id":3690823,"date":"2025-10-13T13:44:26","date_gmt":"2025-10-13T17:44:26","guid":{"rendered":"https:\/\/stoic-curie.212-227-153-4.plesk.page\/product\/fendress-navlaka-za-bokobran-f3-mornaricko-plava\/"},"modified":"2026-02-25T00:01:03","modified_gmt":"2026-02-25T00:01:03","slug":"fendress-navlaka-za-bokobran-f3-mornaricko-plava","status":"publish","type":"product","link":"https:\/\/stoic-curie.212-227-153-4.plesk.page\/hr\/product\/fendress-navlaka-za-bokobran-f3-mornaricko-plava\/","title":{"rendered":"Fendress navlaka za bokobran F3 mornari\u010dko plava"},"content":{"rendered":"<p>Fendress navlaka za bokobran F3 mornari\u010dko plava &#8211; <\/p>\n<p>Mehki fleece ru\u010dno ra\u0111eni Fendress pokriva\u010di za fender. Premium za\u0161tita za va\u0161e fendere, koja elimira \u0161kripanje i tragove. Meki i izdr\u017eljivi, ovi pokriva\u010di u\u010dinkovito \u0161tite va\u0161u gelcoat boju i produ\u017eavaju \u017eivotnost va\u0161ih fendera. <\/p>\n<ul>\n<li>\u201cFendress Covers\u201d su 100% akrilni, ru\u010dno izra\u0111eni, premium kvalitete, otporni i neabrazivni. Meki, pli\u0161asti fleece pokriva\u010di nude najbolju za\u0161titu za va\u0161e bo\u010dne strane.<\/li>\n<li>\u201cFendress Covers\u201d su otporni na UV zrake i slanu vodu, u\u010dinkovito \u0161tite\u0107i va\u0161u gelcoat boju od tragova i abrazija. \u010cvrsta fleece tkanina sadr\u017ei sve najbolje karakteristike, uklju\u010duju\u0107i otpornost na kidanje i abraziju, brzo su\u0161enje i lako uklanjanje za \u010di\u0161\u0107enje.<\/li>\n<li>\u201cFendress Covers\u201d produ\u017eavaju vijek trajanja va\u0161ih fendera i uklanjaju iritiraju\u0107i zvuk \u0161kripanja. Boje otporne na UV zra\u010denje ne ostavljaju tragove na va\u0161im bo\u010dnim stranama. Perive u ma\u0161ini.<\/li>\n<li>\u201cFendress Covers\u201d imaju visoku otpornost na vrhu i elasti\u010dnu donju rubu koja omogu\u0107uje prilago\u0111eno pristajanje za sve vrste fendera. Pokriva\u010di su dostupni u 9 boja.<\/li>\n<\/ul>\n","protected":false},"excerpt":{"rendered":"<p>Fendress navlaka za bokobran F3 mornari\u010dko plava &#8211; Mehki fleece ru\u010dno ra\u0111eni Fendress pokriva\u010di za fender. Premium za\u0161tita za va\u0161e<\/p>\n","protected":false},"featured_media":5944351,"comment_status":"closed","ping_status":"closed","template":"","meta":[],"product_brand":[2936],"product_cat":[1851],"product_tag":[],"class_list":{"0":"post-3690823","1":"product","2":"type-product","3":"status-publish","4":"has-post-thumbnail","6":"product_brand-fendress-hr","7":"product_cat-navlake-za-bokobrane","9":"first","10":"instock","11":"shipping-taxable","12":"purchasable","13":"product-type-simple"},"_links":{"self":[{"href":"https:\/\/stoic-curie.212-227-153-4.plesk.page\/hr\/wp-json\/wp\/v2\/product\/3690823","targetHints":{"allow":["GET"]}}],"collection":[{"href":"https:\/\/stoic-curie.212-227-153-4.plesk.page\/hr\/wp-json\/wp\/v2\/product"}],"about":[{"href":"https:\/\/stoic-curie.212-227-153-4.plesk.page\/hr\/wp-json\/wp\/v2\/types\/product"}],"replies":[{"embeddable":true,"href":"https:\/\/stoic-curie.212-227-153-4.plesk.page\/hr\/wp-json\/wp\/v2\/comments?post=3690823"}],"version-history":[{"count":0,"href":"https:\/\/stoic-curie.212-227-153-4.plesk.page\/hr\/wp-json\/wp\/v2\/product\/3690823\/revisions"}],"wp:featuredmedia":[{"embeddable":true,"href":"https:\/\/stoic-curie.212-227-153-4.plesk.page\/hr\/wp-json\/wp\/v2\/media\/5944351"}],"wp:attachment":[{"href":"https:\/\/stoic-curie.212-227-153-4.plesk.page\/hr\/wp-json\/wp\/v2\/media?parent=3690823"}],"wp:term":[{"taxonomy":"product_brand","embeddable":true,"href":"https:\/\/stoic-curie.212-227-153-4.plesk.page\/hr\/wp-json\/wp\/v2\/product_brand?post=3690823"},{"taxonomy":"product_cat","embeddable":true,"href":"https:\/\/stoic-curie.212-227-153-4.plesk.page\/hr\/wp-json\/wp\/v2\/product_cat?post=3690823"},{"taxonomy":"product_tag","embeddable":true,"href":"https:\/\/stoic-curie.212-227-153-4.plesk.page\/hr\/wp-json\/wp\/v2\/product_tag?post=3690823"}],"curies":[{"name":"wp","href":"https:\/\/api.w.org\/{rel}","templated":true}]}}