{"id":3690824,"date":"2025-10-13T13:44:26","date_gmt":"2025-10-13T17:44:26","guid":{"rendered":"https:\/\/stoic-curie.212-227-153-4.plesk.page\/product\/fendress-navlaka-za-bokobran-f3-crna\/"},"modified":"2026-02-25T00:01:03","modified_gmt":"2026-02-25T00:01:03","slug":"fendress-navlaka-za-bokobran-f3-crna","status":"publish","type":"product","link":"https:\/\/stoic-curie.212-227-153-4.plesk.page\/hr\/product\/fendress-navlaka-za-bokobran-f3-crna\/","title":{"rendered":"Fendress navlaka za bokobran F3 crna"},"content":{"rendered":"<p>Fendress navlaka za bokobran F3 crna &#8211; <\/p>\n<p>Ru\u010dno ra\u0111eni Fendress pokriva\u010di za fender od pli\u0161anog flisa. Premium za\u0161tita za va\u0161e fendere, dok eliminira \u0161kripu i tragove tro\u0161enja. Mekani i \u010dvrsti, ovi pokriva\u010di fendera efikasno \u0161tite va\u0161u gelcoat boju i produ\u017euju vijek trajanja va\u0161ih fendera.<\/p>\n<p>\u2022 \u201cFendress Covers\u201d su 100% akrili, ru\u010dno ra\u0111eni, visoke kvalitete, otporni i neabrazivno pleteni. Mekani pokriva\u010di fendera od pli\u0161astog flisa nude ultimativnu za\u0161titu za va\u0161e gornje strane.<\/p>\n<p>\u2022 \u201cFendress Covers\u201d su otporni na UV zra\u010denje i morsku vodu, efikasno \u0161tite\u0107i va\u0161u gelcoat boju od tragova tro\u0161enja i abrazije. \u010cvrsto i robusno flisano platno sadr\u017ei sve najbolje karakteristike, uklju\u010duju\u0107i otpornost na kidanje i abraziju, brzu su\u0161enje sposobnost i lako uklanjanje za \u010di\u0161\u0107enje.<\/p>\n<p>\u2022 \u201cFendress Covers\u201d produ\u017euju vijek trajanja va\u0161ih fendera i elimini\u0161u iritantnu \u0161kripu. Boje otporne na UV zra\u010denje ne ostavljaju tragove na va\u0161im gornjim dijelovima. Mogu se prati u ma\u0161ini.<\/p>\n<p>\u2022 \u201cFendress Covers\u201d imaju visoko otporan gornji deo i elasti\u010dno dno za prilago\u0111eno pristajanje na sve vrste fendera. Pokriva\u010di su dostupni u 9 boja.<\/p>\n","protected":false},"excerpt":{"rendered":"<p>Fendress navlaka za bokobran F3 crna &#8211; Ru\u010dno ra\u0111eni Fendress pokriva\u010di za fender od pli\u0161anog flisa. Premium za\u0161tita za va\u0161e<\/p>\n","protected":false},"featured_media":5944366,"comment_status":"closed","ping_status":"closed","template":"","meta":[],"product_brand":[2936],"product_cat":[1851],"product_tag":[],"class_list":{"0":"post-3690824","1":"product","2":"type-product","3":"status-publish","4":"has-post-thumbnail","6":"product_brand-fendress-hr","7":"product_cat-navlake-za-bokobrane","9":"first","10":"instock","11":"shipping-taxable","12":"purchasable","13":"product-type-simple"},"_links":{"self":[{"href":"https:\/\/stoic-curie.212-227-153-4.plesk.page\/hr\/wp-json\/wp\/v2\/product\/3690824","targetHints":{"allow":["GET"]}}],"collection":[{"href":"https:\/\/stoic-curie.212-227-153-4.plesk.page\/hr\/wp-json\/wp\/v2\/product"}],"about":[{"href":"https:\/\/stoic-curie.212-227-153-4.plesk.page\/hr\/wp-json\/wp\/v2\/types\/product"}],"replies":[{"embeddable":true,"href":"https:\/\/stoic-curie.212-227-153-4.plesk.page\/hr\/wp-json\/wp\/v2\/comments?post=3690824"}],"version-history":[{"count":0,"href":"https:\/\/stoic-curie.212-227-153-4.plesk.page\/hr\/wp-json\/wp\/v2\/product\/3690824\/revisions"}],"wp:featuredmedia":[{"embeddable":true,"href":"https:\/\/stoic-curie.212-227-153-4.plesk.page\/hr\/wp-json\/wp\/v2\/media\/5944366"}],"wp:attachment":[{"href":"https:\/\/stoic-curie.212-227-153-4.plesk.page\/hr\/wp-json\/wp\/v2\/media?parent=3690824"}],"wp:term":[{"taxonomy":"product_brand","embeddable":true,"href":"https:\/\/stoic-curie.212-227-153-4.plesk.page\/hr\/wp-json\/wp\/v2\/product_brand?post=3690824"},{"taxonomy":"product_cat","embeddable":true,"href":"https:\/\/stoic-curie.212-227-153-4.plesk.page\/hr\/wp-json\/wp\/v2\/product_cat?post=3690824"},{"taxonomy":"product_tag","embeddable":true,"href":"https:\/\/stoic-curie.212-227-153-4.plesk.page\/hr\/wp-json\/wp\/v2\/product_tag?post=3690824"}],"curies":[{"name":"wp","href":"https:\/\/api.w.org\/{rel}","templated":true}]}}