{"id":3690825,"date":"2025-10-13T13:44:26","date_gmt":"2025-10-13T17:44:26","guid":{"rendered":"https:\/\/stoic-curie.212-227-153-4.plesk.page\/product\/fendress-navlaka-za-bokobran-f3-bez\/"},"modified":"2026-02-25T00:01:03","modified_gmt":"2026-02-25T00:01:03","slug":"fendress-navlaka-za-bokobran-f3-bez","status":"publish","type":"product","link":"https:\/\/stoic-curie.212-227-153-4.plesk.page\/hr\/product\/fendress-navlaka-za-bokobran-f3-bez\/","title":{"rendered":"Fendress navlaka za bokobran F3 be\u017e"},"content":{"rendered":"<p>Fendress navlaka za bokobran F3 be\u017e &#8211; <\/p>\n<p>Ru\u010dna izrada Fendress pokriva\u010da za fendere od mekog flisa. Premium za\u0161tita za va\u0161e fendere, koja uklanja squeak i ogrebotine. Mekani i izdr\u017eljivi, ovi pokriva\u010di za fendere u\u010dinkovito \u0161tite va\u0161u gel coat boju i produ\u017eavaju vijek trajanja va\u0161ih fendera. <br \/> \u2022 \u201eFendress Covers\u201c su 100% akrilni, ru\u010dno izra\u0111eni od premium kvalitete, otporni i neabrazivno pleteni. Mekani, pli\u0161asti flis pokriva\u010di za fendere nude vrhunsku za\u0161titu za va\u0161e bocne strane. <br \/> \u2022 \u201eFendress Covers\u201c su otporni na UV i morsku vodu, u\u010dinkovito \u0161tite\u0107i va\u0161u gel coat boju od ogrebotina i abrazija. \u010cvrsta i izdr\u017eljiva flis tkanina sadr\u017ei sve najbolje karakteristike, uklju\u010duju\u0107i otpornost na kidanje i abraziju, brzo su\u0161enje i lako uklanjanje za \u010di\u0161\u0107enje. <br \/> \u2022 \u201eFendress Covers\u201c produ\u017euju vijek trajanja va\u0161ih fendera i uklanjaju iritantne zvukove. Boje otporne na UV zra\u010denje ne ostavljaju tragove na povr\u0161inama. Perivo u perilici. <br \/> \u2022 \u201eFendress Covers\u201c imaju visoku otpornost na vrhu i elasti\u010dni donji rub koji omogu\u0107ava prilago\u0111eno pristajanje za sve vrste fendera. Pokriva\u010di su dostupni u 9 boja.<\/p>\n","protected":false},"excerpt":{"rendered":"<p>Fendress navlaka za bokobran F3 be\u017e &#8211; Ru\u010dna izrada Fendress pokriva\u010da za fendere od mekog flisa. Premium za\u0161tita za va\u0161e<\/p>\n","protected":false},"featured_media":5944362,"comment_status":"closed","ping_status":"closed","template":"","meta":[],"product_brand":[2936],"product_cat":[1851],"product_tag":[],"class_list":{"0":"post-3690825","1":"product","2":"type-product","3":"status-publish","4":"has-post-thumbnail","6":"product_brand-fendress-hr","7":"product_cat-navlake-za-bokobrane","9":"first","10":"instock","11":"shipping-taxable","12":"purchasable","13":"product-type-simple"},"_links":{"self":[{"href":"https:\/\/stoic-curie.212-227-153-4.plesk.page\/hr\/wp-json\/wp\/v2\/product\/3690825","targetHints":{"allow":["GET"]}}],"collection":[{"href":"https:\/\/stoic-curie.212-227-153-4.plesk.page\/hr\/wp-json\/wp\/v2\/product"}],"about":[{"href":"https:\/\/stoic-curie.212-227-153-4.plesk.page\/hr\/wp-json\/wp\/v2\/types\/product"}],"replies":[{"embeddable":true,"href":"https:\/\/stoic-curie.212-227-153-4.plesk.page\/hr\/wp-json\/wp\/v2\/comments?post=3690825"}],"version-history":[{"count":0,"href":"https:\/\/stoic-curie.212-227-153-4.plesk.page\/hr\/wp-json\/wp\/v2\/product\/3690825\/revisions"}],"wp:featuredmedia":[{"embeddable":true,"href":"https:\/\/stoic-curie.212-227-153-4.plesk.page\/hr\/wp-json\/wp\/v2\/media\/5944362"}],"wp:attachment":[{"href":"https:\/\/stoic-curie.212-227-153-4.plesk.page\/hr\/wp-json\/wp\/v2\/media?parent=3690825"}],"wp:term":[{"taxonomy":"product_brand","embeddable":true,"href":"https:\/\/stoic-curie.212-227-153-4.plesk.page\/hr\/wp-json\/wp\/v2\/product_brand?post=3690825"},{"taxonomy":"product_cat","embeddable":true,"href":"https:\/\/stoic-curie.212-227-153-4.plesk.page\/hr\/wp-json\/wp\/v2\/product_cat?post=3690825"},{"taxonomy":"product_tag","embeddable":true,"href":"https:\/\/stoic-curie.212-227-153-4.plesk.page\/hr\/wp-json\/wp\/v2\/product_tag?post=3690825"}],"curies":[{"name":"wp","href":"https:\/\/api.w.org\/{rel}","templated":true}]}}