{"id":3690826,"date":"2025-10-13T13:44:26","date_gmt":"2025-10-13T17:44:26","guid":{"rendered":"https:\/\/stoic-curie.212-227-153-4.plesk.page\/product\/fendress-navlaka-za-bokobran-f3-soft-siva\/"},"modified":"2026-02-25T00:01:03","modified_gmt":"2026-02-25T00:01:03","slug":"fendress-navlaka-za-bokobran-f3-soft-siva","status":"publish","type":"product","link":"https:\/\/stoic-curie.212-227-153-4.plesk.page\/hr\/product\/fendress-navlaka-za-bokobran-f3-soft-siva\/","title":{"rendered":"Fendress navlaka za bokobran F3 soft siva"},"content":{"rendered":"<p>Fendress navlaka za bokobran F3 soft siva &#8211; <\/p>\n<p>Ru\u010dno ra\u0111ene Fendress navlake za fendere od pli\u0161anog flisa. Premium za\u0161tita za va\u0161e fendere, dok uklanja \u0161kripanje i ogrebotine. Mekane i izdr\u017eljive, ove navlake za fendere u\u010dinkovito \u0161tite va\u0161u gel-coat boju i produ\u017euju vijek trajanja va\u0161ih fendera. <br \/> \u2022 &#8220;Fendress Covers&#8221; su 100% akrilne, ru\u010dno ra\u0111ene, premium kvalitete, otporne i neabrazivne. Mekane, pomi\u010dne navlake za fendere nude najbolju za\u0161titu za va\u0161a gornja povr\u0161ina. <br \/> \u2022 &#8220;Fendress Covers&#8221; su otporne na UV zra\u010denja i slanu vodu, u\u010dinkovito \u0161tite\u0107i va\u0161u gel-coat boju od ogrebotina. Izdr\u017eljivi i robusni flis tkanina imaju sve najbolje karakteristike, uklju\u010duju\u0107i otpornost na kidanje i abraziju, brzo su\u0161enje i lako uklanjanje za \u010di\u0161\u0107enje. <br \/> \u2022 &#8220;Fendress Covers&#8221; produljuju vijek trajanja va\u0161ih fendera i uklanjaju iritiraju\u0107e \u0161kripanje fendera. Boje otporne na UV zra\u010denje ne ostavljaju mrlje na va\u0161im gornjim povr\u0161inama. Perive u ma\u0161ini. <br \/> \u2022 &#8220;Fendress Covers&#8221; s visokom otporno\u0161\u0107u od vrha i s elasti\u010dnom donjom rubom omogu\u0107uju prilago\u0111eno pri\u010dvr\u0161\u0107ivanje za sve vrste fendera. Navlake su dostupne u 9 boja.<\/p>\n","protected":false},"excerpt":{"rendered":"<p>Fendress navlaka za bokobran F3 soft siva &#8211; Ru\u010dno ra\u0111ene Fendress navlake za fendere od pli\u0161anog flisa. Premium za\u0161tita za<\/p>\n","protected":false},"featured_media":5944363,"comment_status":"closed","ping_status":"closed","template":"","meta":[],"product_brand":[2936],"product_cat":[1851],"product_tag":[],"class_list":{"0":"post-3690826","1":"product","2":"type-product","3":"status-publish","4":"has-post-thumbnail","6":"product_brand-fendress-hr","7":"product_cat-navlake-za-bokobrane","9":"first","10":"instock","11":"shipping-taxable","12":"purchasable","13":"product-type-simple"},"_links":{"self":[{"href":"https:\/\/stoic-curie.212-227-153-4.plesk.page\/hr\/wp-json\/wp\/v2\/product\/3690826","targetHints":{"allow":["GET"]}}],"collection":[{"href":"https:\/\/stoic-curie.212-227-153-4.plesk.page\/hr\/wp-json\/wp\/v2\/product"}],"about":[{"href":"https:\/\/stoic-curie.212-227-153-4.plesk.page\/hr\/wp-json\/wp\/v2\/types\/product"}],"replies":[{"embeddable":true,"href":"https:\/\/stoic-curie.212-227-153-4.plesk.page\/hr\/wp-json\/wp\/v2\/comments?post=3690826"}],"version-history":[{"count":0,"href":"https:\/\/stoic-curie.212-227-153-4.plesk.page\/hr\/wp-json\/wp\/v2\/product\/3690826\/revisions"}],"wp:featuredmedia":[{"embeddable":true,"href":"https:\/\/stoic-curie.212-227-153-4.plesk.page\/hr\/wp-json\/wp\/v2\/media\/5944363"}],"wp:attachment":[{"href":"https:\/\/stoic-curie.212-227-153-4.plesk.page\/hr\/wp-json\/wp\/v2\/media?parent=3690826"}],"wp:term":[{"taxonomy":"product_brand","embeddable":true,"href":"https:\/\/stoic-curie.212-227-153-4.plesk.page\/hr\/wp-json\/wp\/v2\/product_brand?post=3690826"},{"taxonomy":"product_cat","embeddable":true,"href":"https:\/\/stoic-curie.212-227-153-4.plesk.page\/hr\/wp-json\/wp\/v2\/product_cat?post=3690826"},{"taxonomy":"product_tag","embeddable":true,"href":"https:\/\/stoic-curie.212-227-153-4.plesk.page\/hr\/wp-json\/wp\/v2\/product_tag?post=3690826"}],"curies":[{"name":"wp","href":"https:\/\/api.w.org\/{rel}","templated":true}]}}