{"id":3690827,"date":"2025-10-13T13:44:27","date_gmt":"2025-10-13T17:44:27","guid":{"rendered":"https:\/\/stoic-curie.212-227-153-4.plesk.page\/product\/fendress-navlaka-za-bokobran-f3-bordeaux\/"},"modified":"2026-02-25T00:01:03","modified_gmt":"2026-02-25T00:01:03","slug":"fendress-navlaka-za-bokobran-f3-bordeaux","status":"publish","type":"product","link":"https:\/\/stoic-curie.212-227-153-4.plesk.page\/hr\/product\/fendress-navlaka-za-bokobran-f3-bordeaux\/","title":{"rendered":"Fendress navlaka za bokobran F3 Bordeaux"},"content":{"rendered":"<p>Fendress navlaka za bokobran F3 Bordeaux &#8211; <\/p>\n<p>Meke od pli\u0161anog flisa handmade Fendress fender navlake. Premium za\u0161tita za va\u0161e fendere, uz eliminaciju \u0161kripanja i ogrebotina. Mekani i izdr\u017eljivi, ovi pokriva\u010di za fendere u\u010dinkovito \u0161tite va\u0161u gelcoat boju i produ\u017euju vijek trajanja va\u0161ih fendera. <\/p>\n<p>\u2022 \u201eFendress Covers\u201c su 100 % akrilni, ru\u010dno izra\u0111eni visoke kvalitete, otporni i neabrazivni, pleteni u petlji. Mekani, pli\u0161ani fender pokriva\u010di nude vrhunsku za\u0161titu za va\u0161e strane. <br \/>\u2022 \u201eFendress Covers\u201c su otporni na UV zra\u010denje i slanu vodu, u\u010dinkovito \u0161tite\u0107i va\u0161u gelcoat boju od ogrebotina i o\u0161te\u0107enja. Robusna pli\u0161ana tkanina sadr\u017ei sve najbolje karakteristike, uklju\u010duju\u0107i otpornost na kidanje i abraziju, brzo su\u0161enje i lako uklanjanje radi \u010di\u0161\u0107enja. <br \/>\u2022 \u201eFendress Covers\u201c produ\u017euju vijek trajanja va\u0161ih fendera i elimini\u0161u iritiraju\u0107e \u0161kripanje. Boje otporne na UV ne ostavljaju tragove na va\u0161im stranama. Periva u perilici. <br \/>\u2022 \u201eFendress Covers\u201c sa visokom otporno\u0161\u0107u na vrhu i elasti\u010dnim donjim rubom omogu\u0107uju prilago\u0111eno pristajanje za sve vrste fendera. Navlake su dostupne u 9 boja.<\/p>\n","protected":false},"excerpt":{"rendered":"<p>Fendress navlaka za bokobran F3 Bordeaux &#8211; Meke od pli\u0161anog flisa handmade Fendress fender navlake. Premium za\u0161tita za va\u0161e fendere,<\/p>\n","protected":false},"featured_media":5944364,"comment_status":"closed","ping_status":"closed","template":"","meta":[],"product_brand":[2936],"product_cat":[1851],"product_tag":[],"class_list":{"0":"post-3690827","1":"product","2":"type-product","3":"status-publish","4":"has-post-thumbnail","6":"product_brand-fendress-hr","7":"product_cat-navlake-za-bokobrane","9":"first","10":"instock","11":"shipping-taxable","12":"purchasable","13":"product-type-simple"},"_links":{"self":[{"href":"https:\/\/stoic-curie.212-227-153-4.plesk.page\/hr\/wp-json\/wp\/v2\/product\/3690827","targetHints":{"allow":["GET"]}}],"collection":[{"href":"https:\/\/stoic-curie.212-227-153-4.plesk.page\/hr\/wp-json\/wp\/v2\/product"}],"about":[{"href":"https:\/\/stoic-curie.212-227-153-4.plesk.page\/hr\/wp-json\/wp\/v2\/types\/product"}],"replies":[{"embeddable":true,"href":"https:\/\/stoic-curie.212-227-153-4.plesk.page\/hr\/wp-json\/wp\/v2\/comments?post=3690827"}],"version-history":[{"count":0,"href":"https:\/\/stoic-curie.212-227-153-4.plesk.page\/hr\/wp-json\/wp\/v2\/product\/3690827\/revisions"}],"wp:featuredmedia":[{"embeddable":true,"href":"https:\/\/stoic-curie.212-227-153-4.plesk.page\/hr\/wp-json\/wp\/v2\/media\/5944364"}],"wp:attachment":[{"href":"https:\/\/stoic-curie.212-227-153-4.plesk.page\/hr\/wp-json\/wp\/v2\/media?parent=3690827"}],"wp:term":[{"taxonomy":"product_brand","embeddable":true,"href":"https:\/\/stoic-curie.212-227-153-4.plesk.page\/hr\/wp-json\/wp\/v2\/product_brand?post=3690827"},{"taxonomy":"product_cat","embeddable":true,"href":"https:\/\/stoic-curie.212-227-153-4.plesk.page\/hr\/wp-json\/wp\/v2\/product_cat?post=3690827"},{"taxonomy":"product_tag","embeddable":true,"href":"https:\/\/stoic-curie.212-227-153-4.plesk.page\/hr\/wp-json\/wp\/v2\/product_tag?post=3690827"}],"curies":[{"name":"wp","href":"https:\/\/api.w.org\/{rel}","templated":true}]}}