{"id":3690829,"date":"2025-10-13T13:44:27","date_gmt":"2025-10-13T17:44:27","guid":{"rendered":"https:\/\/stoic-curie.212-227-153-4.plesk.page\/product\/fendress-navlaka-za-bokobran-f4-crna\/"},"modified":"2026-02-25T00:01:03","modified_gmt":"2026-02-25T00:01:03","slug":"fendress-navlaka-za-bokobran-f4-crna","status":"publish","type":"product","link":"https:\/\/stoic-curie.212-227-153-4.plesk.page\/hr\/product\/fendress-navlaka-za-bokobran-f4-crna\/","title":{"rendered":"Fendress navlaka za bokobran F4 crna"},"content":{"rendered":"<p>Fendress navlaka za bokobran F4 crna &#8211; <\/p>\n<p>Handmade Fendress pokriva\u010de za fendere od pli\u0161anog flisa. Premium za\u0161tita za va\u0161e fendere, dok istovremeno uklanja cvr\u010danje i ogrebotine. Mekani i izdr\u017eljivi, ovi pokriva\u010di za fendere u\u010dinkovito \u0161tite va\u0161u gel-coat boju i produ\u017euju \u017eivotni vijek va\u0161ih fendera.<\/p>\n<p>&#149; \u201cFendress Covers\u201d su 100% akrilni, ru\u010dno izra\u0111eni, premium kvalitete, otporni i neabrazivni. Mekani, pli\u0161ani flis pokriva\u010de za fendere nude najbolju za\u0161titu za va\u0161e gornje strane.<\/p>\n<p>&#149; \u201cFendress Covers\u201d su otporni na UV zra\u010denje i morsku vodu, u\u010dinkovito \u0161tite\u0107i va\u0161u gel-coat boju od ogrebotina i habanja. \u010cvrsta flis tkanina posjeduje sve najbolje zna\u010dajke, uklju\u010duju\u0107i otpornost na kidanje i habanje, brzo su\u0161enje i jednostavno skidanje za \u010di\u0161\u0107enje.<\/p>\n<p>&#149; \u201cFendress Covers\u201d produ\u017euju \u017eivot va\u0161ih fendera i uklanjaju iritantno cvr\u010danje. Boje otporne na UV zra\u010denje ne ostavljaju tragove na va\u0161im gornjim stranama. Mogu se prati u ma\u0161ini.<\/p>\n<p>&#149; \u201cFendress Covers\u201d imaju visoku otpornost gornjeg dijela i elasti\u010dnu donju ivicu koja omogu\u0107ava prilago\u0111eno pristajanje za sve vrste fendera. Pokriva\u010di su dostupni u 9 boja.<\/p>\n","protected":false},"excerpt":{"rendered":"<p>Fendress navlaka za bokobran F4 crna &#8211; Handmade Fendress pokriva\u010de za fendere od pli\u0161anog flisa. Premium za\u0161tita za va\u0161e fendere,<\/p>\n","protected":false},"featured_media":5944361,"comment_status":"closed","ping_status":"closed","template":"","meta":[],"product_brand":[2936],"product_cat":[1851],"product_tag":[],"class_list":{"0":"post-3690829","1":"product","2":"type-product","3":"status-publish","4":"has-post-thumbnail","6":"product_brand-fendress-hr","7":"product_cat-navlake-za-bokobrane","9":"first","10":"instock","11":"shipping-taxable","12":"purchasable","13":"product-type-simple"},"_links":{"self":[{"href":"https:\/\/stoic-curie.212-227-153-4.plesk.page\/hr\/wp-json\/wp\/v2\/product\/3690829","targetHints":{"allow":["GET"]}}],"collection":[{"href":"https:\/\/stoic-curie.212-227-153-4.plesk.page\/hr\/wp-json\/wp\/v2\/product"}],"about":[{"href":"https:\/\/stoic-curie.212-227-153-4.plesk.page\/hr\/wp-json\/wp\/v2\/types\/product"}],"replies":[{"embeddable":true,"href":"https:\/\/stoic-curie.212-227-153-4.plesk.page\/hr\/wp-json\/wp\/v2\/comments?post=3690829"}],"version-history":[{"count":0,"href":"https:\/\/stoic-curie.212-227-153-4.plesk.page\/hr\/wp-json\/wp\/v2\/product\/3690829\/revisions"}],"wp:featuredmedia":[{"embeddable":true,"href":"https:\/\/stoic-curie.212-227-153-4.plesk.page\/hr\/wp-json\/wp\/v2\/media\/5944361"}],"wp:attachment":[{"href":"https:\/\/stoic-curie.212-227-153-4.plesk.page\/hr\/wp-json\/wp\/v2\/media?parent=3690829"}],"wp:term":[{"taxonomy":"product_brand","embeddable":true,"href":"https:\/\/stoic-curie.212-227-153-4.plesk.page\/hr\/wp-json\/wp\/v2\/product_brand?post=3690829"},{"taxonomy":"product_cat","embeddable":true,"href":"https:\/\/stoic-curie.212-227-153-4.plesk.page\/hr\/wp-json\/wp\/v2\/product_cat?post=3690829"},{"taxonomy":"product_tag","embeddable":true,"href":"https:\/\/stoic-curie.212-227-153-4.plesk.page\/hr\/wp-json\/wp\/v2\/product_tag?post=3690829"}],"curies":[{"name":"wp","href":"https:\/\/api.w.org\/{rel}","templated":true}]}}